{"id":141460,"date":"2018-10-09T12:53:41","date_gmt":"2018-10-09T12:53:41","guid":{"rendered":"https:\/\/www.delideli.zoner.dev\/tuote\/valkotryffelill%c3%a4-maustettu-oliivi%c3%b6ljy-100ml\/"},"modified":"2026-05-04T16:10:03","modified_gmt":"2026-05-04T16:10:03","slug":"valkotryffelill%c3%a4-maustettu-oliivi%c3%b6ljy-100ml","status":"publish","type":"product","link":"https:\/\/www.delideli.zoner.dev\/fin\/tuote\/valkotryffelill%c3%a4-maustettu-oliivi%c3%b6ljy-100ml\/","title":{"rendered":"Valkotryffelill\u00e4 maustettu oliivi\u00f6ljy 100ml"},"content":{"rendered":"<p>Ranskalaisen Maison P\u00e9beyren valkotryffelill\u00e4 maustettu oliivi\u00f6ljy sis\u00e4lt\u00e4\u00e4 vain ja ainoastaan korkealaatuista ekstraneitsytoliivi\u00f6ljy\u00e4 sek\u00e4 aitoa, arvostettua valkotryffeli\u00e4. Maustat sill\u00e4 helposti niin pastat, risotot, pitsat kuin liha- ja kalaruoat.  Kokeile my\u00f6s marinadeihin ja salaatinkastikkeisiin. Valkotryffeli\u00f6ljy tuo arkeen pient\u00e4 luksusta ja juhlaan kunnon juhlan tuntua.<\/p>\n","protected":false},"excerpt":{"rendered":"<p>Saat valkotryffelin herkullisen aromin helposti ruokaan kuin ruokaan Maison P\u00e9beyren valkotryffelill\u00e4 maustetulla oliivi\u00f6ljyll\u00e4. Oliivi\u00f6ljyn ja valkotryffelin pehme\u00e4t maut sekoittuvat harmonisesti yhteen ja j\u00e4tt\u00e4v\u00e4t samettisen j\u00e4lkimaun. Kokeile \u00f6ljy\u00e4 maustamaan niin pastat, risotot kuin perunamuusin.<\/p>\n","protected":false},"featured_media":139780,"comment_status":"open","ping_status":"open","template":"","meta":{"_acf_changed":false},"product_brand":[643],"product_cat":[689,678,755,676,734,714],"product_tag":[],"class_list":{"0":"post-141460","1":"product","2":"type-product","3":"status-publish","4":"has-post-thumbnail","6":"product_brand-maison-pebeyre","7":"product_cat-maustetut-oljyt","8":"product_cat-oljyt-etikat","9":"product_cat-pizza-ainekset","10":"product_cat-suolaiset","11":"product_cat-teemat","12":"product_cat-tryffeli","13":"product_shipping_class-shipping-discount","14":"pa_alkuperamaa-ranska","16":"first","17":"instock","18":"taxable","19":"shipping-taxable","20":"purchasable","21":"product-type-simple","swatches":"rey-swatches","show_selected":""},"acf":[],"_links":{"self":[{"href":"https:\/\/www.delideli.zoner.dev\/fin\/wp-json\/wp\/v2\/product\/141460","targetHints":{"allow":["GET"]}}],"collection":[{"href":"https:\/\/www.delideli.zoner.dev\/fin\/wp-json\/wp\/v2\/product"}],"about":[{"href":"https:\/\/www.delideli.zoner.dev\/fin\/wp-json\/wp\/v2\/types\/product"}],"replies":[{"embeddable":true,"href":"https:\/\/www.delideli.zoner.dev\/fin\/wp-json\/wp\/v2\/comments?post=141460"}],"version-history":[{"count":0,"href":"https:\/\/www.delideli.zoner.dev\/fin\/wp-json\/wp\/v2\/product\/141460\/revisions"}],"wp:featuredmedia":[{"embeddable":true,"href":"https:\/\/www.delideli.zoner.dev\/fin\/wp-json\/wp\/v2\/media\/139780"}],"wp:attachment":[{"href":"https:\/\/www.delideli.zoner.dev\/fin\/wp-json\/wp\/v2\/media?parent=141460"}],"wp:term":[{"taxonomy":"product_brand","embeddable":true,"href":"https:\/\/www.delideli.zoner.dev\/fin\/wp-json\/wp\/v2\/product_brand?post=141460"},{"taxonomy":"product_cat","embeddable":true,"href":"https:\/\/www.delideli.zoner.dev\/fin\/wp-json\/wp\/v2\/product_cat?post=141460"},{"taxonomy":"product_tag","embeddable":true,"href":"https:\/\/www.delideli.zoner.dev\/fin\/wp-json\/wp\/v2\/product_tag?post=141460"}],"curies":[{"name":"wp","href":"https:\/\/api.w.org\/{rel}","templated":true}]}}