{"id":141462,"date":"2018-11-18T11:21:22","date_gmt":"2018-11-18T11:21:22","guid":{"rendered":"https:\/\/www.delideli.zoner.dev\/tuote\/pistaasi-unelma-180g\/"},"modified":"2026-05-04T16:10:04","modified_gmt":"2026-05-04T16:10:04","slug":"pistaasi-unelma-180g","status":"publish","type":"product","link":"https:\/\/www.delideli.zoner.dev\/fin\/tuote\/pistaasi-unelma-180g\/","title":{"rendered":"Pistaasi unelma -180g"},"content":{"rendered":"<p>DeliDelin pistaasiunelma valmistetaan vain luonnollisista raaka-aineista ilman lis\u00e4-, s\u00e4il\u00f6nt\u00e4- ja v\u00e4riaineita tai keinotekoisia aromeja. Siin\u00e4 k\u00e4ytetyt pistaasip\u00e4hkin\u00e4t ovat arvostettua Bronte-lajiketta (\u201cPistacchio Verde di Bronte\u201d), joka kasvaa tuliper\u00e4isell\u00e4 maaper\u00e4ll\u00e4 Sisiliassa Etnan kupeessa. Tuliper\u00e4inen kasvualusta antaa p\u00e4hkin\u00f6ille niiden tunnusomaisen maun. P\u00e4hkin\u00f6ill\u00e4 on my\u00f6s PDO-alkuper\u00e4issertifikaatti, mik\u00e4 takaa niin aitouden.<\/p>\n","protected":false},"excerpt":{"rendered":"<p>DeliDelin oma pistaasiunelma on nimens\u00e4 mukaisesti jokaisen pistaasinyst\u00e4v\u00e4n p\u00e4iv\u00e4unelmien t\u00e4yttymys. Se on pehme\u00e4sti levittyv\u00e4 makea tahna, jonka k\u00e4yt\u00f6lle on vain mielikuvitus rajana! Kokeile esimerkiksi keksin p\u00e4\u00e4ll\u00e4, letuilla, macaronien t\u00e4ytteen\u00e4, juustokakussa tai vain sellaisenaan lusikoituna. DOP Pistaasi Bronte.<\/p>\n","protected":false},"featured_media":139784,"comment_status":"open","ping_status":"open","template":"","meta":{"_acf_changed":false},"product_brand":[626],"product_cat":[677,763,702,680],"product_tag":[195,196],"class_list":{"0":"post-141462","1":"product","2":"type-product","3":"status-publish","4":"has-post-thumbnail","6":"product_brand-delideli-herkkukauppa","7":"product_cat-ajankohtaisia","8":"product_cat-delidelin-tuotemerkki","9":"product_cat-jalkiruuat","10":"product_cat-makeat","11":"product_tag-jalkiruoka","12":"product_tag-pistaasi","13":"product_shipping_class-shipping-discount","14":"pa_alkuperamaa-italia","16":"first","17":"instock","18":"taxable","19":"shipping-taxable","20":"purchasable","21":"product-type-simple","swatches":"rey-swatches","show_selected":""},"acf":[],"_links":{"self":[{"href":"https:\/\/www.delideli.zoner.dev\/fin\/wp-json\/wp\/v2\/product\/141462","targetHints":{"allow":["GET"]}}],"collection":[{"href":"https:\/\/www.delideli.zoner.dev\/fin\/wp-json\/wp\/v2\/product"}],"about":[{"href":"https:\/\/www.delideli.zoner.dev\/fin\/wp-json\/wp\/v2\/types\/product"}],"replies":[{"embeddable":true,"href":"https:\/\/www.delideli.zoner.dev\/fin\/wp-json\/wp\/v2\/comments?post=141462"}],"version-history":[{"count":0,"href":"https:\/\/www.delideli.zoner.dev\/fin\/wp-json\/wp\/v2\/product\/141462\/revisions"}],"wp:featuredmedia":[{"embeddable":true,"href":"https:\/\/www.delideli.zoner.dev\/fin\/wp-json\/wp\/v2\/media\/139784"}],"wp:attachment":[{"href":"https:\/\/www.delideli.zoner.dev\/fin\/wp-json\/wp\/v2\/media?parent=141462"}],"wp:term":[{"taxonomy":"product_brand","embeddable":true,"href":"https:\/\/www.delideli.zoner.dev\/fin\/wp-json\/wp\/v2\/product_brand?post=141462"},{"taxonomy":"product_cat","embeddable":true,"href":"https:\/\/www.delideli.zoner.dev\/fin\/wp-json\/wp\/v2\/product_cat?post=141462"},{"taxonomy":"product_tag","embeddable":true,"href":"https:\/\/www.delideli.zoner.dev\/fin\/wp-json\/wp\/v2\/product_tag?post=141462"}],"curies":[{"name":"wp","href":"https:\/\/api.w.org\/{rel}","templated":true}]}}