{"id":141463,"date":"2018-11-18T11:35:39","date_gmt":"2018-11-18T11:35:39","guid":{"rendered":"https:\/\/www.delideli.zoner.dev\/tuote\/valkosipuli-bruschetta-180g\/"},"modified":"2026-05-04T16:10:07","modified_gmt":"2026-05-04T16:10:07","slug":"valkosipuli-bruschetta-180g","status":"publish","type":"product","link":"https:\/\/www.delideli.zoner.dev\/fin\/tuote\/valkosipuli-bruschetta-180g\/","title":{"rendered":"Valkosipuli-bruschetta 180 g"},"content":{"rendered":"<p>DeliDelin italialainen valkosipuli-bruschetta s\u00e4il\u00f6\u00f6 valkosipulin ihanat aromit auringonkukka- ja oliivi\u00f6ljyyn. Se on maustettu lis\u00e4ksi suolalla, viinietikalla sek\u00e4 ripauksella chili\u00e4 ja persiljaa.  Maista ja ihastu!<\/p>\n","protected":false},"excerpt":{"rendered":"<p>DeliDelin oma valkosipuli-bruschetta on kaikkien valkosipulin yst\u00e4vien unelmatuote. Se sis\u00e4lt\u00e4\u00e4 pilkottua tuoretta valkosipulia maustettuun \u00f6ljyyn s\u00e4il\u00f6ttyn\u00e4.<\/p>\n<p>K\u00e4yt\u00e4 esimerkiksi paahdetun leip\u00e4palan p\u00e4\u00e4ll\u00e4, lihoen tai kalojen lisukkeena tai maustamaan erilaisia ruokia.<\/p>\n","protected":false},"featured_media":141464,"comment_status":"open","ping_status":"open","template":"","meta":{"_acf_changed":false},"product_brand":[626],"product_cat":[677,763,676,701],"product_tag":[],"class_list":{"0":"post-141463","1":"product","2":"type-product","3":"status-publish","4":"has-post-thumbnail","6":"product_brand-delideli-herkkukauppa","7":"product_cat-ajankohtaisia","8":"product_cat-delidelin-tuotemerkki","9":"product_cat-suolaiset","10":"product_cat-vihannekset","11":"product_shipping_class-shipping-discount","12":"pa_alkuperamaa-italia","14":"first","15":"instock","16":"taxable","17":"shipping-taxable","18":"purchasable","19":"product-type-simple","swatches":"rey-swatches","show_selected":""},"acf":[],"_links":{"self":[{"href":"https:\/\/www.delideli.zoner.dev\/fin\/wp-json\/wp\/v2\/product\/141463","targetHints":{"allow":["GET"]}}],"collection":[{"href":"https:\/\/www.delideli.zoner.dev\/fin\/wp-json\/wp\/v2\/product"}],"about":[{"href":"https:\/\/www.delideli.zoner.dev\/fin\/wp-json\/wp\/v2\/types\/product"}],"replies":[{"embeddable":true,"href":"https:\/\/www.delideli.zoner.dev\/fin\/wp-json\/wp\/v2\/comments?post=141463"}],"version-history":[{"count":0,"href":"https:\/\/www.delideli.zoner.dev\/fin\/wp-json\/wp\/v2\/product\/141463\/revisions"}],"wp:featuredmedia":[{"embeddable":true,"href":"https:\/\/www.delideli.zoner.dev\/fin\/wp-json\/wp\/v2\/media\/141464"}],"wp:attachment":[{"href":"https:\/\/www.delideli.zoner.dev\/fin\/wp-json\/wp\/v2\/media?parent=141463"}],"wp:term":[{"taxonomy":"product_brand","embeddable":true,"href":"https:\/\/www.delideli.zoner.dev\/fin\/wp-json\/wp\/v2\/product_brand?post=141463"},{"taxonomy":"product_cat","embeddable":true,"href":"https:\/\/www.delideli.zoner.dev\/fin\/wp-json\/wp\/v2\/product_cat?post=141463"},{"taxonomy":"product_tag","embeddable":true,"href":"https:\/\/www.delideli.zoner.dev\/fin\/wp-json\/wp\/v2\/product_tag?post=141463"}],"curies":[{"name":"wp","href":"https:\/\/api.w.org\/{rel}","templated":true}]}}