{"id":141467,"date":"2018-11-19T11:13:18","date_gmt":"2018-11-19T11:13:18","guid":{"rendered":"https:\/\/www.delideli.zoner.dev\/tuote\/aurinkokuivatut-tomaatit-delidelifinland\/"},"modified":"2026-05-04T16:10:12","modified_gmt":"2026-05-04T16:10:12","slug":"aurinkokuivatut-tomaatit-delidelifinland","status":"publish","type":"product","link":"https:\/\/www.delideli.zoner.dev\/fin\/tuote\/aurinkokuivatut-tomaatit-delidelifinland\/","title":{"rendered":"Aurinkokuivatut kirsikkatomaatit 290 g"},"content":{"rendered":"<p>DeliDelin aurinkokuivatut kirsikkatomaatit on s\u00e4il\u00f6tty auringonkukka- ja oliivi\u00f6ljyyn. Niiden kuivatusprosessissa tomaatit on j\u00e4tetty ns. puolikuiviksi, jolloin niiden mehukkuus ja aromit ovat edelleen tallessa.<br \/>\nKirsikkatomaateissa on lis\u00e4ksi mausteena ripaus basilikaa, valkosipulia, viinietikkaa ja merisuolaa italialaiseen tapaan.<\/p>\n","protected":false},"excerpt":{"rendered":"<p>DeliDelin aurinkokuivatut kirsikkatomaatit on valmistettu italialaisista makeista, auringon alla kypsyneist\u00e4 kirsikkatomaateista. Ne on kuivattu tavalla, joka j\u00e4tt\u00e4\u00e4 ne kuitenkin ihanan pehmeiksi ja aromikkaiksi. Kokeile salaateissa, kastikkeissa, pasta-annoksissa tai antipastoissa.<\/p>\n","protected":false},"featured_media":139788,"comment_status":"open","ping_status":"open","template":"","meta":{"_acf_changed":false},"product_brand":[626],"product_cat":[677,763,733,676,734,748,701],"product_tag":[],"class_list":{"0":"post-141467","1":"product","2":"type-product","3":"status-publish","4":"has-post-thumbnail","6":"product_brand-delideli-herkkukauppa","7":"product_cat-ajankohtaisia","8":"product_cat-delidelin-tuotemerkki","9":"product_cat-pasta-italiana","10":"product_cat-suolaiset","11":"product_cat-teemat","12":"product_cat-tomaatit-osasto","13":"product_cat-vihannekset","14":"product_shipping_class-shipping-discount","15":"pa_alkuperamaa-italia","17":"first","18":"instock","19":"taxable","20":"shipping-taxable","21":"purchasable","22":"product-type-simple","swatches":"rey-swatches","show_selected":""},"acf":[],"_links":{"self":[{"href":"https:\/\/www.delideli.zoner.dev\/fin\/wp-json\/wp\/v2\/product\/141467","targetHints":{"allow":["GET"]}}],"collection":[{"href":"https:\/\/www.delideli.zoner.dev\/fin\/wp-json\/wp\/v2\/product"}],"about":[{"href":"https:\/\/www.delideli.zoner.dev\/fin\/wp-json\/wp\/v2\/types\/product"}],"replies":[{"embeddable":true,"href":"https:\/\/www.delideli.zoner.dev\/fin\/wp-json\/wp\/v2\/comments?post=141467"}],"version-history":[{"count":0,"href":"https:\/\/www.delideli.zoner.dev\/fin\/wp-json\/wp\/v2\/product\/141467\/revisions"}],"wp:featuredmedia":[{"embeddable":true,"href":"https:\/\/www.delideli.zoner.dev\/fin\/wp-json\/wp\/v2\/media\/139788"}],"wp:attachment":[{"href":"https:\/\/www.delideli.zoner.dev\/fin\/wp-json\/wp\/v2\/media?parent=141467"}],"wp:term":[{"taxonomy":"product_brand","embeddable":true,"href":"https:\/\/www.delideli.zoner.dev\/fin\/wp-json\/wp\/v2\/product_brand?post=141467"},{"taxonomy":"product_cat","embeddable":true,"href":"https:\/\/www.delideli.zoner.dev\/fin\/wp-json\/wp\/v2\/product_cat?post=141467"},{"taxonomy":"product_tag","embeddable":true,"href":"https:\/\/www.delideli.zoner.dev\/fin\/wp-json\/wp\/v2\/product_tag?post=141467"}],"curies":[{"name":"wp","href":"https:\/\/api.w.org\/{rel}","templated":true}]}}