{"id":141468,"date":"2018-11-20T16:25:17","date_gmt":"2018-11-20T16:25:17","guid":{"rendered":"https:\/\/www.delideli.zoner.dev\/tuote\/gesier-ankan-kivipiira-2\/"},"modified":"2026-05-04T16:10:12","modified_gmt":"2026-05-04T16:10:12","slug":"gesier-ankan-kivipiira-2","status":"publish","type":"product","link":"https:\/\/www.delideli.zoner.dev\/fin\/tuote\/gesier-ankan-kivipiira-2\/","title":{"rendered":"Gesier ankan kivipiira 200g"},"content":{"rendered":"<p>Kivipiira on ankan mahalaukun taaempi osa, jossa lintu hienontaa sy\u00f6m\u00e4ns\u00e4 ravinnon. La Maison Godardin ankan kivipiirat on s\u00e4il\u00f6tty ankanrasvaan, jossa sen aromit vain vahvistuvat.<br \/>\nEnnen k\u00e4ytt\u00f6\u00e4 upota purkki vesihauteeseen, joka irrottaa rasvan kivipiiroista. Sen j\u00e4lkeen l\u00e4mmit\u00e4 kivipiirat pannulla paistaen.<br \/>\nTarjoile joko j\u00e4\u00e4htyneen\u00e4 saksanp\u00e4hkin\u00e4\u00f6ljyll\u00e4 maustetun friseesalaatin kanssa tai l\u00e4mpim\u00e4n\u00e4 paistettujen perunoiden tai papumuhennoksen kanssa.<br \/>\nLa Maison Godardin ankat kasvavat vapaana ulkoilmassa. Niit\u00e4 ruokitaan vain niiden omaan tahtiin maissilla ilman pakkosy\u00f6tt\u00e4mist\u00e4.<\/p>\n","protected":false},"excerpt":{"rendered":"<p>Ankan kivipiira eli lihasmaha on ranskalaisen keitti\u00f6n yksi Suomessa v\u00e4hemm\u00e4n tunnetuista raaka-aineista. Kulinaristeille ankan kivipiira on kuitenkin varmasti tuttu tuote. Tarjoile j\u00e4\u00e4htyneet kivipiiran viipaleet esimerkiksi salaatin tai sarlandilaisittain valmistettujen perunoiden kanssa eli hanhenrasvassa paistettujen perunoiden kera!<\/p>\n","protected":false},"featured_media":139790,"comment_status":"open","ping_status":"open","template":"","meta":{"_acf_changed":false},"product_brand":[635],"product_cat":[696,676],"product_tag":[181],"class_list":{"0":"post-141468","1":"product","2":"type-product","3":"status-publish","4":"has-post-thumbnail","6":"product_brand-godard","7":"product_cat-ateriat","8":"product_cat-suolaiset","9":"product_tag-godard","10":"product_shipping_class-shipping-discount","11":"pa_alkuperamaa-ranska","13":"first","14":"instock","15":"taxable","16":"shipping-taxable","17":"purchasable","18":"product-type-simple","swatches":"rey-swatches","show_selected":""},"acf":[],"_links":{"self":[{"href":"https:\/\/www.delideli.zoner.dev\/fin\/wp-json\/wp\/v2\/product\/141468","targetHints":{"allow":["GET"]}}],"collection":[{"href":"https:\/\/www.delideli.zoner.dev\/fin\/wp-json\/wp\/v2\/product"}],"about":[{"href":"https:\/\/www.delideli.zoner.dev\/fin\/wp-json\/wp\/v2\/types\/product"}],"replies":[{"embeddable":true,"href":"https:\/\/www.delideli.zoner.dev\/fin\/wp-json\/wp\/v2\/comments?post=141468"}],"version-history":[{"count":0,"href":"https:\/\/www.delideli.zoner.dev\/fin\/wp-json\/wp\/v2\/product\/141468\/revisions"}],"wp:featuredmedia":[{"embeddable":true,"href":"https:\/\/www.delideli.zoner.dev\/fin\/wp-json\/wp\/v2\/media\/139790"}],"wp:attachment":[{"href":"https:\/\/www.delideli.zoner.dev\/fin\/wp-json\/wp\/v2\/media?parent=141468"}],"wp:term":[{"taxonomy":"product_brand","embeddable":true,"href":"https:\/\/www.delideli.zoner.dev\/fin\/wp-json\/wp\/v2\/product_brand?post=141468"},{"taxonomy":"product_cat","embeddable":true,"href":"https:\/\/www.delideli.zoner.dev\/fin\/wp-json\/wp\/v2\/product_cat?post=141468"},{"taxonomy":"product_tag","embeddable":true,"href":"https:\/\/www.delideli.zoner.dev\/fin\/wp-json\/wp\/v2\/product_tag?post=141468"}],"curies":[{"name":"wp","href":"https:\/\/api.w.org\/{rel}","templated":true}]}}