{"id":141477,"date":"2019-03-02T09:39:53","date_gmt":"2019-03-02T09:39:53","guid":{"rendered":"https:\/\/www.delideli.zoner.dev\/tuote\/noccioletta-piedmonten-hasselpahkinasuklaalevykakku-120g-2\/"},"modified":"2026-05-04T16:10:15","modified_gmt":"2026-05-04T16:10:15","slug":"noccioletta-piedmonten-hasselpahkinasuklaalevykakku-120g-2","status":"publish","type":"product","link":"https:\/\/www.delideli.zoner.dev\/fin\/tuote\/noccioletta-piedmonten-hasselpahkinasuklaalevykakku-120g-2\/","title":{"rendered":"Nocciolone-hasselp\u00e4hkin\u00e4suklaatanko 260 g"},"content":{"rendered":"<p>D. Barbero on jo 1800-luvulla perustettu perheyritys, joka on erikoistunut perinteiseen torrone-nougat\u2019n ja suklaiden valmistamiseen. Tuotteissa k\u00e4ytet\u00e4\u00e4n paikallisia ja korkealaatuisia raaka-aineita, jotka tekev\u00e4t herkuista vastustamattomia.<br \/>\nNoccioletta-hasselp\u00e4hkin\u00e4suklaalevyss\u00e4 yhdistyy D. Baberon perinteinen suklaaresepti Piemonten kuuluisiin kokonaisiin hasselp\u00e4hkin\u00f6ihin. Tuloksena on Astin maakunnalle tunnusomaisia makuja s\u00e4il\u00f6v\u00e4 herkullinen suklaa. Suklaassa on k\u00e4ytetty ainoastaan aitoa kaakaovoita eik\u00e4 lainkaan lis\u00e4ttyj\u00e4 kasvirasvoja. Tuote ei sis\u00e4ll\u00e4 my\u00f6sk\u00e4\u00e4n mit\u00e4\u00e4n geenimanipuloituja (GMO) ainesosia.<\/p>\n","protected":false},"excerpt":{"rendered":"<p>Italialaisen D. Barberon Noccioletta-hasselp\u00e4hkin\u00e4suklaalevy sis\u00e4lt\u00e4\u00e4 yli puolet aitoja piemontelaisia hasselp\u00e4hkin\u00f6it\u00e4. Sen p\u00e4hkin\u00e4pitoisuus on 55 %, ja kaakaota suklaa sis\u00e4lt\u00e4\u00e4 v\u00e4h. 30 %. Suklaassa ei k\u00e4ytet\u00e4 lainkaan lis\u00e4- tai s\u00e4il\u00f6nt\u00e4aineita eik\u00e4 kasvi\u00f6ljyj\u00e4 tai palmu\u00f6ljy\u00e4. T\u00e4ss\u00e4 suklaassa p\u00e4\u00e4sev\u00e4t hasselp\u00e4hkin\u00e4t todella oikeuksiinsa!<\/p>\n","protected":false},"featured_media":139800,"comment_status":"open","ping_status":"open","template":"","meta":{"_acf_changed":false},"product_brand":[624],"product_cat":[680,708],"product_tag":[],"class_list":{"0":"post-141477","1":"product","2":"type-product","3":"status-publish","4":"has-post-thumbnail","6":"product_brand-d-barbero","7":"product_cat-makeat","8":"product_cat-suklaarasiat","9":"product_shipping_class-shipping-discount","10":"pa_alkuperamaa-italia","12":"first","13":"outofstock","14":"taxable","15":"shipping-taxable","16":"purchasable","17":"product-type-simple","swatches":"rey-swatches","show_selected":""},"acf":[],"_links":{"self":[{"href":"https:\/\/www.delideli.zoner.dev\/fin\/wp-json\/wp\/v2\/product\/141477","targetHints":{"allow":["GET"]}}],"collection":[{"href":"https:\/\/www.delideli.zoner.dev\/fin\/wp-json\/wp\/v2\/product"}],"about":[{"href":"https:\/\/www.delideli.zoner.dev\/fin\/wp-json\/wp\/v2\/types\/product"}],"replies":[{"embeddable":true,"href":"https:\/\/www.delideli.zoner.dev\/fin\/wp-json\/wp\/v2\/comments?post=141477"}],"version-history":[{"count":0,"href":"https:\/\/www.delideli.zoner.dev\/fin\/wp-json\/wp\/v2\/product\/141477\/revisions"}],"wp:featuredmedia":[{"embeddable":true,"href":"https:\/\/www.delideli.zoner.dev\/fin\/wp-json\/wp\/v2\/media\/139800"}],"wp:attachment":[{"href":"https:\/\/www.delideli.zoner.dev\/fin\/wp-json\/wp\/v2\/media?parent=141477"}],"wp:term":[{"taxonomy":"product_brand","embeddable":true,"href":"https:\/\/www.delideli.zoner.dev\/fin\/wp-json\/wp\/v2\/product_brand?post=141477"},{"taxonomy":"product_cat","embeddable":true,"href":"https:\/\/www.delideli.zoner.dev\/fin\/wp-json\/wp\/v2\/product_cat?post=141477"},{"taxonomy":"product_tag","embeddable":true,"href":"https:\/\/www.delideli.zoner.dev\/fin\/wp-json\/wp\/v2\/product_tag?post=141477"}],"curies":[{"name":"wp","href":"https:\/\/api.w.org\/{rel}","templated":true}]}}