{"id":141478,"date":"2019-03-21T13:34:45","date_gmt":"2019-03-21T13:34:45","guid":{"rendered":"https:\/\/www.delideli.zoner.dev\/tuote\/viikunaviinietikka-alziari-200-ml\/"},"modified":"2026-05-04T16:10:15","modified_gmt":"2026-05-04T16:10:15","slug":"viikunaviinietikka-alziari-200-ml","status":"publish","type":"product","link":"https:\/\/www.delideli.zoner.dev\/fin\/tuote\/viikunaviinietikka-alziari-200-ml\/","title":{"rendered":"Viikunaetikka sis.40% viikuna, La Maison Alziari 200 ml"},"content":{"rendered":"<p>Etel\u00e4ranskalaisen La Maison Alziairin raikas ja hedelm\u00e4inen viikunaviinietikka valmistetaan Solli\u00e8s\u2019n arvostetuista viikunoista. Viinietikan happopitoisuus on 8 %, ja tuote sis\u00e4lt\u00e4\u00e4 jopa 40 % aitoa viikunan hedelm\u00e4lihaa. Kokeile etenkin salaateilla, parmesaanin ja vuohenjuuston kanssa!<\/p>\n","protected":false},"excerpt":{"rendered":"<p>Etel\u00e4-Ranskan viikunoilla maustettu viinietikka on raikas kastike ja maustaja niin erilaisille salaateille, hanhenmaksalle kuin ankankoiville. Yhdistelm\u00e4 etikan hapokkuutta ja viikunan aromikasta makeutta luo eritt\u00e4in hyvin yhteen toimivan makuparin. Viikunaviinietikka sis\u00e4lt\u00e4\u00e4 jopa 40 % viikunaa.<\/p>\n","protected":false},"featured_media":139802,"comment_status":"open","ping_status":"open","template":"","meta":{"_acf_changed":false},"product_brand":[634],"product_cat":[687,678],"product_tag":[185],"class_list":{"0":"post-141478","1":"product","2":"type-product","3":"status-publish","4":"has-post-thumbnail","6":"product_brand-alziari","7":"product_cat-etikat","8":"product_cat-oljyt-etikat","9":"product_tag-alziari","10":"product_shipping_class-shipping-discount","11":"pa_alkuperamaa-ranska","13":"first","14":"instock","15":"taxable","16":"shipping-taxable","17":"purchasable","18":"product-type-simple","swatches":"rey-swatches","show_selected":""},"acf":[],"_links":{"self":[{"href":"https:\/\/www.delideli.zoner.dev\/fin\/wp-json\/wp\/v2\/product\/141478","targetHints":{"allow":["GET"]}}],"collection":[{"href":"https:\/\/www.delideli.zoner.dev\/fin\/wp-json\/wp\/v2\/product"}],"about":[{"href":"https:\/\/www.delideli.zoner.dev\/fin\/wp-json\/wp\/v2\/types\/product"}],"replies":[{"embeddable":true,"href":"https:\/\/www.delideli.zoner.dev\/fin\/wp-json\/wp\/v2\/comments?post=141478"}],"version-history":[{"count":0,"href":"https:\/\/www.delideli.zoner.dev\/fin\/wp-json\/wp\/v2\/product\/141478\/revisions"}],"wp:featuredmedia":[{"embeddable":true,"href":"https:\/\/www.delideli.zoner.dev\/fin\/wp-json\/wp\/v2\/media\/139802"}],"wp:attachment":[{"href":"https:\/\/www.delideli.zoner.dev\/fin\/wp-json\/wp\/v2\/media?parent=141478"}],"wp:term":[{"taxonomy":"product_brand","embeddable":true,"href":"https:\/\/www.delideli.zoner.dev\/fin\/wp-json\/wp\/v2\/product_brand?post=141478"},{"taxonomy":"product_cat","embeddable":true,"href":"https:\/\/www.delideli.zoner.dev\/fin\/wp-json\/wp\/v2\/product_cat?post=141478"},{"taxonomy":"product_tag","embeddable":true,"href":"https:\/\/www.delideli.zoner.dev\/fin\/wp-json\/wp\/v2\/product_tag?post=141478"}],"curies":[{"name":"wp","href":"https:\/\/api.w.org\/{rel}","templated":true}]}}