{"id":141479,"date":"2019-07-18T14:58:59","date_gmt":"2019-07-18T14:58:59","guid":{"rendered":"https:\/\/www.delideli.zoner.dev\/tuote\/luomu-vadelmahillo-320g\/"},"modified":"2026-05-04T16:10:15","modified_gmt":"2026-05-04T16:10:15","slug":"luomu-vadelmahillo-320g","status":"publish","type":"product","link":"https:\/\/www.delideli.zoner.dev\/fin\/tuote\/luomu-vadelmahillo-320g\/","title":{"rendered":"Vadelmahillo, luomu 320 g"},"content":{"rendered":"<p>Ihanan hedelm\u00e4iset ja herkulliset Lucien Georgelinin hillot valmistetaan edelleen suuressa keittopadassa keitt\u00e4en, kuten on tehty vuosikymmenien ajan valmistajan \u00e4idin reseptin mukaan. Vadelmahillossa k\u00e4ytetyt luomuraaka-aineet on valittu huolella parhaimman maun ja koostumuksen saavuttamiseksi. Hillossa on k\u00e4ytetty vadelman lis\u00e4ksi omenaa, mik\u00e4 v\u00e4hent\u00e4\u00e4 hillon tarvitsemaa sokerim\u00e4\u00e4r\u00e4\u00e4.<br \/>\nHerkullisen reseptin salaisuutena onkin aito perinteinen valmistustapa, puhtaat raaka-aineet sek\u00e4 luonnollinen pektiini \u2013 ilman lis\u00e4- tai s\u00e4il\u00f6nt\u00e4aineita, v\u00e4riaineita tai keinotekoisia aromeja. Luomuvadelmahillo sopii t\u00e4ydellisesti sellaisenaan esimerkiksi leiv\u00e4n p\u00e4\u00e4lle, croissantin kanssa, puuroon tai vaikka j\u00e4lkiruokien ja leivonnaisten t\u00e4ytteeksi!<\/p>\n","protected":false},"excerpt":{"rendered":"<p>Lucien Georgelinin luomuvadelmahillo on puhtaista raaka-aineista sek\u00e4 v\u00e4hemm\u00e4ll\u00e4 sokerilla valmistettu ihanan marjaisa vadelmahillo. Hillo valmistetaan perinteisell\u00e4 reseptill\u00e4 pitk\u00e4\u00e4n keitt\u00e4en kuten kotona sek\u00e4 puhtaista raaka-aineista. Hillo sis\u00e4lt\u00e4\u00e4 50 % t\u00e4ytt\u00e4 vadelmaa sek\u00e4 11 % omenaa, mik\u00e4 v\u00e4hent\u00e4\u00e4 hillon sokerin tarvetta.<\/p>\n","protected":false},"featured_media":139804,"comment_status":"open","ping_status":"open","template":"","meta":{"_acf_changed":false},"product_brand":[641],"product_cat":[735,713,681,734],"product_tag":[174],"class_list":{"0":"post-141479","1":"product","2":"type-product","3":"status-publish","4":"has-post-thumbnail","6":"product_brand-lucien-georgelin","7":"product_cat-ranskalainen-aamiainen","8":"product_cat-luomuhillot","9":"product_cat-marjat-hedelmat","10":"product_cat-teemat","11":"product_tag-luomu","12":"product_shipping_class-shipping-discount","13":"pa_alkuperamaa-ranska","14":"pa_ruokavalio-luomu","16":"first","17":"instock","18":"taxable","19":"shipping-taxable","20":"purchasable","21":"product-type-simple","swatches":"rey-swatches","show_selected":""},"acf":[],"_links":{"self":[{"href":"https:\/\/www.delideli.zoner.dev\/fin\/wp-json\/wp\/v2\/product\/141479","targetHints":{"allow":["GET"]}}],"collection":[{"href":"https:\/\/www.delideli.zoner.dev\/fin\/wp-json\/wp\/v2\/product"}],"about":[{"href":"https:\/\/www.delideli.zoner.dev\/fin\/wp-json\/wp\/v2\/types\/product"}],"replies":[{"embeddable":true,"href":"https:\/\/www.delideli.zoner.dev\/fin\/wp-json\/wp\/v2\/comments?post=141479"}],"version-history":[{"count":0,"href":"https:\/\/www.delideli.zoner.dev\/fin\/wp-json\/wp\/v2\/product\/141479\/revisions"}],"wp:featuredmedia":[{"embeddable":true,"href":"https:\/\/www.delideli.zoner.dev\/fin\/wp-json\/wp\/v2\/media\/139804"}],"wp:attachment":[{"href":"https:\/\/www.delideli.zoner.dev\/fin\/wp-json\/wp\/v2\/media?parent=141479"}],"wp:term":[{"taxonomy":"product_brand","embeddable":true,"href":"https:\/\/www.delideli.zoner.dev\/fin\/wp-json\/wp\/v2\/product_brand?post=141479"},{"taxonomy":"product_cat","embeddable":true,"href":"https:\/\/www.delideli.zoner.dev\/fin\/wp-json\/wp\/v2\/product_cat?post=141479"},{"taxonomy":"product_tag","embeddable":true,"href":"https:\/\/www.delideli.zoner.dev\/fin\/wp-json\/wp\/v2\/product_tag?post=141479"}],"curies":[{"name":"wp","href":"https:\/\/api.w.org\/{rel}","templated":true}]}}