{"id":141482,"date":"2019-10-29T16:19:41","date_gmt":"2019-10-29T16:19:41","guid":{"rendered":"https:\/\/www.delideli.zoner.dev\/tuote\/mansikka-samppanja-hillo-125g\/"},"modified":"2026-05-04T16:10:16","modified_gmt":"2026-05-04T16:10:16","slug":"mansikka-samppanja-hillo-125g","status":"publish","type":"product","link":"https:\/\/www.delideli.zoner.dev\/fin\/tuote\/mansikka-samppanja-hillo-125g\/","title":{"rendered":"Mansikka &#038; Samppanja hillo 125g"},"content":{"rendered":"<p>Etel\u00e4-Ranskassa k\u00e4sity\u00f6n\u00e4 valmistettava mansikka-samppanjahillo on yht\u00e4 makujen sinfoniaa. Jo samppanjan mainitseva nimi lupailee ylellist\u00e4 makunautintoa, jonka hillo todellakin tarjoaa. Hillossa k\u00e4ytett\u00e4v\u00e4 mansikkalajike sopii t\u00e4ydellisesti samppanjan kanssa luoden makean sek\u00e4 aromikkaan makuparin. Hillossa ei ole k\u00e4ytetty lainkaan lis\u00e4- tai s\u00e4il\u00f6nt\u00e4aineita. Mansikkaa tuotteessa on jopa 68 %. Mansikka-samppanjahillo nostaakin niin leivonnaiset kuin cr\u00eapet uudelle tasolle. Ja kuka sanoo, ettei tavallista arkiaamun puuroa voisi tehd\u00e4 ylellisen herkulliseksi pienell\u00e4 nokareella mansikkaa ja samppanjaa!<\/p>\n","protected":false},"excerpt":{"rendered":"<p>Une association de saveurs divine!<br \/>\nJos haluat p\u00e4\u00e4st\u00e4 l\u00e4helle makujen seitsem\u00e4tt\u00e4 taivasta, kannattaa kokeilla DeliDelin mansikka-samppanjahilloa. T\u00e4ss\u00e4 ylellisess\u00e4 hillossa on k\u00e4ytetty vain puhtaimpia ja laadukkaimpia raaka-aineita, ilman mit\u00e4\u00e4n ylim\u00e4\u00e4r\u00e4ist\u00e4. Hillossa k\u00e4ytetty mansikkalajike, Mara De Bois, on yksi Ranskan arvostetuimmista sen makean ja mets\u00e4mansikkaisen, voimakkaan aromin takia. Kokeile hilloa niin leivonnaisissa, j\u00e4\u00e4tel\u00f6n kanssa kuin croissantin tai leiv\u00e4np\u00e4\u00e4llisen\u00e4!<\/p>\n","protected":false},"featured_media":139810,"comment_status":"open","ping_status":"open","template":"","meta":{"_acf_changed":false},"product_brand":[626],"product_cat":[677,763,710,681],"product_tag":[],"class_list":{"0":"post-141482","1":"product","2":"type-product","3":"status-publish","4":"has-post-thumbnail","6":"product_brand-delideli-herkkukauppa","7":"product_cat-ajankohtaisia","8":"product_cat-delidelin-tuotemerkki","9":"product_cat-hillot","10":"product_cat-marjat-hedelmat","11":"product_shipping_class-shipping-discount","12":"pa_alkuperamaa-ranska","14":"first","15":"instock","16":"taxable","17":"shipping-taxable","18":"purchasable","19":"product-type-simple","swatches":"rey-swatches","show_selected":""},"acf":[],"_links":{"self":[{"href":"https:\/\/www.delideli.zoner.dev\/fin\/wp-json\/wp\/v2\/product\/141482","targetHints":{"allow":["GET"]}}],"collection":[{"href":"https:\/\/www.delideli.zoner.dev\/fin\/wp-json\/wp\/v2\/product"}],"about":[{"href":"https:\/\/www.delideli.zoner.dev\/fin\/wp-json\/wp\/v2\/types\/product"}],"replies":[{"embeddable":true,"href":"https:\/\/www.delideli.zoner.dev\/fin\/wp-json\/wp\/v2\/comments?post=141482"}],"version-history":[{"count":0,"href":"https:\/\/www.delideli.zoner.dev\/fin\/wp-json\/wp\/v2\/product\/141482\/revisions"}],"wp:featuredmedia":[{"embeddable":true,"href":"https:\/\/www.delideli.zoner.dev\/fin\/wp-json\/wp\/v2\/media\/139810"}],"wp:attachment":[{"href":"https:\/\/www.delideli.zoner.dev\/fin\/wp-json\/wp\/v2\/media?parent=141482"}],"wp:term":[{"taxonomy":"product_brand","embeddable":true,"href":"https:\/\/www.delideli.zoner.dev\/fin\/wp-json\/wp\/v2\/product_brand?post=141482"},{"taxonomy":"product_cat","embeddable":true,"href":"https:\/\/www.delideli.zoner.dev\/fin\/wp-json\/wp\/v2\/product_cat?post=141482"},{"taxonomy":"product_tag","embeddable":true,"href":"https:\/\/www.delideli.zoner.dev\/fin\/wp-json\/wp\/v2\/product_tag?post=141482"}],"curies":[{"name":"wp","href":"https:\/\/api.w.org\/{rel}","templated":true}]}}