{"id":141496,"date":"2020-02-26T10:56:08","date_gmt":"2020-02-26T10:56:08","guid":{"rendered":"https:\/\/www.delideli.zoner.dev\/tuote\/alziari-ekstra-tryffelioljy-100ml\/"},"modified":"2026-05-04T16:10:31","modified_gmt":"2026-05-04T16:10:31","slug":"alziari-ekstra-tryffelioljy-100ml","status":"publish","type":"product","link":"https:\/\/www.delideli.zoner.dev\/fin\/tuote\/alziari-ekstra-tryffelioljy-100ml\/","title":{"rendered":"Alziari &#8211; Tryffeli\u00f6ljy 100ml"},"content":{"rendered":"<p>Ranskalaisen La Maison Alziarin korkealaatuinen ekstraneitsytoliivi\u00f6ljy (98 %) on maustettu aidolla tryffelill\u00e4 (2 %). Helppokaatoisen pullon ansiosta maustat sill\u00e4 mit\u00e4 erilaisimmat ruoat helposti ja tarkasti. Lis\u00e4ksi tyylik\u00e4s pullo tuo v\u00e4limerellisen piristyksen keitti\u00f6n hyllylle. Tryffeli\u00f6ljyss\u00e4 ei ole k\u00e4ytetty lainkaan keinotekoisia ainesosia parhaan makuel\u00e4myksen takaamiseksi.<\/p>\n","protected":false},"excerpt":{"rendered":"<p>La Maison Alziarin tryffeli\u00f6ljyll\u00e4 maustat helposti niin pastat, risotot kuin munakokkelin. T\u00e4m\u00e4 aidolla tryffelill\u00e4 maustettu oliivi\u00f6ljy sopii yhteen my\u00f6s erityisen hyvin parmesaanin kanssa. \u00d6ljyss\u00e4 on k\u00e4ytetty ainoastaan puhtaita ja parhaimpia raaka-aineita.<\/p>\n","protected":false},"featured_media":139820,"comment_status":"open","ping_status":"open","template":"","meta":{"_acf_changed":false},"product_brand":[634],"product_cat":[689,678,676,714],"product_tag":[185],"class_list":{"0":"post-141496","1":"product","2":"type-product","3":"status-publish","4":"has-post-thumbnail","6":"product_brand-alziari","7":"product_cat-maustetut-oljyt","8":"product_cat-oljyt-etikat","9":"product_cat-suolaiset","10":"product_cat-tryffeli","11":"product_tag-alziari","12":"product_shipping_class-shipping-discount","13":"pa_alkuperamaa-ranska","15":"first","16":"outofstock","17":"taxable","18":"shipping-taxable","19":"purchasable","20":"product-type-simple","swatches":"rey-swatches","show_selected":""},"acf":[],"_links":{"self":[{"href":"https:\/\/www.delideli.zoner.dev\/fin\/wp-json\/wp\/v2\/product\/141496","targetHints":{"allow":["GET"]}}],"collection":[{"href":"https:\/\/www.delideli.zoner.dev\/fin\/wp-json\/wp\/v2\/product"}],"about":[{"href":"https:\/\/www.delideli.zoner.dev\/fin\/wp-json\/wp\/v2\/types\/product"}],"replies":[{"embeddable":true,"href":"https:\/\/www.delideli.zoner.dev\/fin\/wp-json\/wp\/v2\/comments?post=141496"}],"version-history":[{"count":0,"href":"https:\/\/www.delideli.zoner.dev\/fin\/wp-json\/wp\/v2\/product\/141496\/revisions"}],"wp:featuredmedia":[{"embeddable":true,"href":"https:\/\/www.delideli.zoner.dev\/fin\/wp-json\/wp\/v2\/media\/139820"}],"wp:attachment":[{"href":"https:\/\/www.delideli.zoner.dev\/fin\/wp-json\/wp\/v2\/media?parent=141496"}],"wp:term":[{"taxonomy":"product_brand","embeddable":true,"href":"https:\/\/www.delideli.zoner.dev\/fin\/wp-json\/wp\/v2\/product_brand?post=141496"},{"taxonomy":"product_cat","embeddable":true,"href":"https:\/\/www.delideli.zoner.dev\/fin\/wp-json\/wp\/v2\/product_cat?post=141496"},{"taxonomy":"product_tag","embeddable":true,"href":"https:\/\/www.delideli.zoner.dev\/fin\/wp-json\/wp\/v2\/product_tag?post=141496"}],"curies":[{"name":"wp","href":"https:\/\/api.w.org\/{rel}","templated":true}]}}