{"id":141501,"date":"2020-04-06T16:24:07","date_gmt":"2020-04-06T16:24:07","guid":{"rendered":"https:\/\/www.delideli.zoner.dev\/tuote\/aito-dijon-sinappi-tuubissa-100g\/"},"modified":"2026-05-04T16:10:34","modified_gmt":"2026-05-04T16:10:34","slug":"aito-dijon-sinappi-tuubissa-100g","status":"publish","type":"product","link":"https:\/\/www.delideli.zoner.dev\/fin\/tuote\/aito-dijon-sinappi-tuubissa-100g\/","title":{"rendered":"Aito dijoninsinappi tuubissa 100 g"},"content":{"rendered":"<p>Aito dijoninsinappi tuubissa on uudenlainen ja vaivaton tapa k\u00e4ytt\u00e4\u00e4 perinteist\u00e4 ja maailmalla tunnettua ranskalaista sinappia. Reine de Dijonin dijoninsinappi on valmistettu perinteisell\u00e4 reseptill\u00e4 luonnollisista raaka-aineista. Kokeile erilaisten punaisten lihojen ja siipikarjan kanssa, salaatinkastikkeissa, marinadeissa tai kuorrutteissa! <\/p>\n<ul>\n<li>S\u00e4il\u00f6nt\u00e4aineeton\n<li>Ei keinotekoisia v\u00e4ri- tai makuaineita\n<li>Sinapinsiemenet kasvatettu Ranskassa\n<li>Valmistettu ty\u00f6pajassa Burgundin syd\u00e4mess\u00e4<\/ul>\n","protected":false},"excerpt":{"rendered":"<p>Burgundin syd\u00e4mest\u00e4 l\u00f6ytyy dijoninsinapin kuningattaren, Reine de Dijonin, perinteit\u00e4 vaalivat tuotantotilat. Siell\u00e4 valmistetaan alueen suurimman kaupungin, Dijonin, mukaan nimetty\u00e4 maailmankuulua sinappia. T\u00e4m\u00e4 vain puhtaista raaka-aineista valmistettu voimakkaanmakuinen klassikko on pakattu helposti k\u00e4ytett\u00e4v\u00e4\u00e4n tuubiin.<br \/>\nDijoninsinapissa k\u00e4ytetyt sinapinsiemenet on viljelty l\u00e4hell\u00e4 Burgundissa, ja sinapissa ei ole lainkaan keinotekoisia aromeja, v\u00e4riaineita, lis\u00e4- tai s\u00e4il\u00f6nt\u00e4aineita.<\/p>\n","protected":false},"featured_media":139826,"comment_status":"open","ping_status":"open","template":"","meta":{"_acf_changed":false},"product_brand":[651],"product_cat":[716,676],"product_tag":[],"class_list":{"0":"post-141501","1":"product","2":"type-product","3":"status-publish","4":"has-post-thumbnail","6":"product_brand-reine-de-dijon","7":"product_cat-sinapit","8":"product_cat-suolaiset","9":"product_shipping_class-shipping-discount","10":"pa_alkuperamaa-ranska","12":"first","13":"instock","14":"taxable","15":"shipping-taxable","16":"purchasable","17":"product-type-simple","swatches":"rey-swatches","show_selected":""},"acf":[],"_links":{"self":[{"href":"https:\/\/www.delideli.zoner.dev\/fin\/wp-json\/wp\/v2\/product\/141501","targetHints":{"allow":["GET"]}}],"collection":[{"href":"https:\/\/www.delideli.zoner.dev\/fin\/wp-json\/wp\/v2\/product"}],"about":[{"href":"https:\/\/www.delideli.zoner.dev\/fin\/wp-json\/wp\/v2\/types\/product"}],"replies":[{"embeddable":true,"href":"https:\/\/www.delideli.zoner.dev\/fin\/wp-json\/wp\/v2\/comments?post=141501"}],"version-history":[{"count":0,"href":"https:\/\/www.delideli.zoner.dev\/fin\/wp-json\/wp\/v2\/product\/141501\/revisions"}],"wp:featuredmedia":[{"embeddable":true,"href":"https:\/\/www.delideli.zoner.dev\/fin\/wp-json\/wp\/v2\/media\/139826"}],"wp:attachment":[{"href":"https:\/\/www.delideli.zoner.dev\/fin\/wp-json\/wp\/v2\/media?parent=141501"}],"wp:term":[{"taxonomy":"product_brand","embeddable":true,"href":"https:\/\/www.delideli.zoner.dev\/fin\/wp-json\/wp\/v2\/product_brand?post=141501"},{"taxonomy":"product_cat","embeddable":true,"href":"https:\/\/www.delideli.zoner.dev\/fin\/wp-json\/wp\/v2\/product_cat?post=141501"},{"taxonomy":"product_tag","embeddable":true,"href":"https:\/\/www.delideli.zoner.dev\/fin\/wp-json\/wp\/v2\/product_tag?post=141501"}],"curies":[{"name":"wp","href":"https:\/\/api.w.org\/{rel}","templated":true}]}}