{"id":141505,"date":"2020-04-26T19:06:34","date_gmt":"2020-04-26T19:06:34","guid":{"rendered":"https:\/\/www.delideli.zoner.dev\/tuote\/makriili-tilli-sitruuna\/"},"modified":"2026-05-04T16:10:45","modified_gmt":"2026-05-04T16:10:45","slug":"makriili-tilli-sitruuna","status":"publish","type":"product","link":"https:\/\/www.delideli.zoner.dev\/fin\/tuote\/makriili-tilli-sitruuna\/","title":{"rendered":"Makrillifilee bergamotti-sitruuna- ja tillikastikkeessa 118g"},"content":{"rendered":"<p>La belle-iloisen kalas\u00e4ilykkeet valmistetaan k\u00e4sin  ilman turhia lis\u00e4- tai s\u00e4il\u00f6nt\u00e4aineita. Ennen k\u00e4sity\u00f6n\u00e4 teht\u00e4v\u00e4\u00e4 purkitusta makrillifileet kiehautetaan nopeasti. N\u00e4in ne s\u00e4ilytt\u00e4v\u00e4t parhaiten makunsa ja pehmeyden. Purkitetut fileet peitet\u00e4\u00e4n lopuksi kevyell\u00e4 tilill\u00e4, roseepippurilla ja sitruunaisella bergamotilla maustetulla marinadilla, joka antaa hyvin tilaa makrillin hienovaraiselle omalle maulle. Kokeile ja ihastu!<\/p>\n","protected":false},"excerpt":{"rendered":"<p>Fra\u00eeche et l\u00e9g\u00e8re!<\/p>\n<p>Makrillifileet bergamotti-sitruuna- ja tillikastikkeessa ovat kaikessa yksinkertaisuudessa ihanan keveit\u00e4 ja raikkaita. Ennen k\u00e4sity\u00f6n\u00e4 teht\u00e4v\u00e4\u00e4 purkitusta makrillifileet kiehautetaan nopeasti. N\u00e4in ne s\u00e4ilytt\u00e4v\u00e4t parhaiten makunsa ja pehmeyden. Purkitetut fileet peitet\u00e4\u00e4n lopuksi kevyell\u00e4 tilill\u00e4, roseepippurilla ja sitruunaisella bergamotilla maustetulla marinadilla. Kokeile vaikka kes\u00e4isess\u00e4 piiraassa tai salaatti-bowlissa!<\/p>\n","protected":false},"featured_media":139830,"comment_status":"open","ping_status":"open","template":"","meta":{"_acf_changed":false},"product_brand":[632],"product_cat":[728,676],"product_tag":[],"class_list":{"0":"post-141505","1":"product","2":"type-product","3":"status-publish","4":"has-post-thumbnail","6":"product_brand-la-belle-iloise","7":"product_cat-kalatuotteet","8":"product_cat-suolaiset","9":"product_shipping_class-shipping-discount","10":"pa_alkuperamaa-ranska","12":"first","13":"instock","14":"taxable","15":"shipping-taxable","16":"purchasable","17":"product-type-simple","swatches":"rey-swatches","show_selected":""},"acf":[],"_links":{"self":[{"href":"https:\/\/www.delideli.zoner.dev\/fin\/wp-json\/wp\/v2\/product\/141505","targetHints":{"allow":["GET"]}}],"collection":[{"href":"https:\/\/www.delideli.zoner.dev\/fin\/wp-json\/wp\/v2\/product"}],"about":[{"href":"https:\/\/www.delideli.zoner.dev\/fin\/wp-json\/wp\/v2\/types\/product"}],"replies":[{"embeddable":true,"href":"https:\/\/www.delideli.zoner.dev\/fin\/wp-json\/wp\/v2\/comments?post=141505"}],"version-history":[{"count":0,"href":"https:\/\/www.delideli.zoner.dev\/fin\/wp-json\/wp\/v2\/product\/141505\/revisions"}],"wp:featuredmedia":[{"embeddable":true,"href":"https:\/\/www.delideli.zoner.dev\/fin\/wp-json\/wp\/v2\/media\/139830"}],"wp:attachment":[{"href":"https:\/\/www.delideli.zoner.dev\/fin\/wp-json\/wp\/v2\/media?parent=141505"}],"wp:term":[{"taxonomy":"product_brand","embeddable":true,"href":"https:\/\/www.delideli.zoner.dev\/fin\/wp-json\/wp\/v2\/product_brand?post=141505"},{"taxonomy":"product_cat","embeddable":true,"href":"https:\/\/www.delideli.zoner.dev\/fin\/wp-json\/wp\/v2\/product_cat?post=141505"},{"taxonomy":"product_tag","embeddable":true,"href":"https:\/\/www.delideli.zoner.dev\/fin\/wp-json\/wp\/v2\/product_tag?post=141505"}],"curies":[{"name":"wp","href":"https:\/\/api.w.org\/{rel}","templated":true}]}}