{"id":141509,"date":"2020-04-26T19:06:35","date_gmt":"2020-04-26T19:06:35","guid":{"rendered":"https:\/\/www.delideli.zoner.dev\/tuote\/makriili-diablesse\/"},"modified":"2026-05-04T16:10:49","modified_gmt":"2026-05-04T16:10:49","slug":"makriili-diablesse","status":"publish","type":"product","link":"https:\/\/www.delideli.zoner.dev\/fin\/tuote\/makriili-diablesse\/","title":{"rendered":"Makrillifileet pirun tapaan 112,5g"},"content":{"rendered":"<p>Tulisten makujen yst\u00e4ville sopii t\u00e4ydellisesti \u201dpirun tapaan maustetut\u201d makrillifileet, \u201dles filets de maquereaux fa\u00e7on diablesse\u201d. Lempe\u00e4\u00e4 tulisuutta makrilleihin tuo punainen chilipaprika. Kokonaisuutta t\u00e4ydent\u00e4v\u00e4t sinappi ja valkosipuli sitruunan tuodessa sopivaa hapokkuutta ja raikkautta. La belle-iloisen kalatuotteista on karsittu kaikki turha pois, ja j\u00e4ljelle ovat j\u00e4\u00e4neet ainoastaan korkealuokkaisten raaka-aineiden puhtaat maut.<\/p>\n","protected":false},"excerpt":{"rendered":"<p>Une merveille de puissance et d&#8217;\u00e9quilibre!<\/p>\n<p>Makrillifileiss\u00e4 pirun tapaan yhdistyy makujen harmonia sek\u00e4 pieni pirullinen takapotku. Sinappi, punainen chilipaprika ja valkosipuli sointuvat luontevasti yhteen sitruunan tuodessa kevytt\u00e4 raikkautta. Kokeile vaikka bruschetalla, lasagnessa tai pitsan p\u00e4\u00e4ll\u00e4!<\/p>\n","protected":false},"featured_media":139832,"comment_status":"open","ping_status":"open","template":"","meta":{"_acf_changed":false},"product_brand":[632],"product_cat":[728,676],"product_tag":[],"class_list":{"0":"post-141509","1":"product","2":"type-product","3":"status-publish","4":"has-post-thumbnail","6":"product_brand-la-belle-iloise","7":"product_cat-kalatuotteet","8":"product_cat-suolaiset","9":"product_shipping_class-shipping-discount","10":"pa_alkuperamaa-ranska","12":"first","13":"instock","14":"taxable","15":"shipping-taxable","16":"purchasable","17":"product-type-simple","swatches":"rey-swatches","show_selected":""},"acf":[],"_links":{"self":[{"href":"https:\/\/www.delideli.zoner.dev\/fin\/wp-json\/wp\/v2\/product\/141509","targetHints":{"allow":["GET"]}}],"collection":[{"href":"https:\/\/www.delideli.zoner.dev\/fin\/wp-json\/wp\/v2\/product"}],"about":[{"href":"https:\/\/www.delideli.zoner.dev\/fin\/wp-json\/wp\/v2\/types\/product"}],"replies":[{"embeddable":true,"href":"https:\/\/www.delideli.zoner.dev\/fin\/wp-json\/wp\/v2\/comments?post=141509"}],"version-history":[{"count":0,"href":"https:\/\/www.delideli.zoner.dev\/fin\/wp-json\/wp\/v2\/product\/141509\/revisions"}],"wp:featuredmedia":[{"embeddable":true,"href":"https:\/\/www.delideli.zoner.dev\/fin\/wp-json\/wp\/v2\/media\/139832"}],"wp:attachment":[{"href":"https:\/\/www.delideli.zoner.dev\/fin\/wp-json\/wp\/v2\/media?parent=141509"}],"wp:term":[{"taxonomy":"product_brand","embeddable":true,"href":"https:\/\/www.delideli.zoner.dev\/fin\/wp-json\/wp\/v2\/product_brand?post=141509"},{"taxonomy":"product_cat","embeddable":true,"href":"https:\/\/www.delideli.zoner.dev\/fin\/wp-json\/wp\/v2\/product_cat?post=141509"},{"taxonomy":"product_tag","embeddable":true,"href":"https:\/\/www.delideli.zoner.dev\/fin\/wp-json\/wp\/v2\/product_tag?post=141509"}],"curies":[{"name":"wp","href":"https:\/\/api.w.org\/{rel}","templated":true}]}}