{"id":141523,"date":"2020-09-17T08:50:47","date_gmt":"2020-09-17T08:50:47","guid":{"rendered":"https:\/\/www.delideli.zoner.dev\/tuote\/delidelin-elahjakortti\/"},"modified":"2026-05-04T16:11:11","modified_gmt":"2026-05-04T16:11:11","slug":"delidelin-elahjakortti","status":"publish","type":"product","link":"https:\/\/www.delideli.zoner.dev\/fin\/tuote\/delidelin-elahjakortti\/","title":{"rendered":"DeliDelin Lahjakortti \u2013 PDF"},"content":{"rendered":"<p>Jos lahjan antamiseen on viel\u00e4 aikaa, voit tilata meilt\u00e4 tyylikk\u00e4\u00e4n kotiin postitettavan lahjakortin haluamallesi summalle. Jos taas juhlien alkuun ei en\u00e4\u00e4 ole kovin kauaa, voit muutamalla klikkauksella hankkia s\u00e4hk\u00f6isen lahjakorttimme ja printata sen lahjan saajalle tai antaa sen suoraan s\u00e4hk\u00f6isess\u00e4 muodossa. S\u00e4hk\u00f6inen lahjakorttimme on perill\u00e4 s\u00e4hk\u00f6postissasi parhaimmillaan alle puolessa tunnissa ja viimeist\u00e4\u00e4n 24 tunnin kuluttua.<\/p>\n","protected":false},"excerpt":{"rendered":"<p>Jos lahjan antamiseen on viel\u00e4 aikaa, voit tilata meilt\u00e4 tyylikk\u00e4\u00e4n kotiin postitettavan lahjakortin haluamallesi summalle. Jos taas juhlien alkuun ei en\u00e4\u00e4 ole kovin kauaa, voit muutamalla klikkauksella hankkia s\u00e4hk\u00f6isen lahjakorttimme ja printata sen lahjan saajalle tai antaa sen suoraan s\u00e4hk\u00f6isess\u00e4 muodossa. S\u00e4hk\u00f6inen lahjakorttimme on perill\u00e4 s\u00e4hk\u00f6postissasi parhaimmillaan alle puolessa tunnissa ja viimeist\u00e4\u00e4n 24 tunnin kuluttua.<\/p>\n","protected":false},"featured_media":138876,"comment_status":"open","ping_status":"open","template":"","meta":{"_acf_changed":false},"product_brand":[625],"product_cat":[686,727],"product_tag":[201,182,193,202,203],"class_list":{"0":"post-141523","1":"product","2":"type-product","3":"status-publish","4":"has-post-thumbnail","6":"product_brand-delideli","7":"product_cat-lahjakortit","8":"product_cat-lahjaksi","9":"product_tag-joululahja","10":"product_tag-lahja","11":"product_tag-lahjaidea","12":"product_tag-lahjakortti","13":"product_tag-ystavanpaivakortti","14":"product_shipping_class-lahjakortti","15":"pa_alkuperamaa-ranska","17":"first","18":"instock","19":"taxable","20":"shipping-taxable","21":"product-type-simple","swatches":"rey-swatches","show_selected":""},"acf":[],"_links":{"self":[{"href":"https:\/\/www.delideli.zoner.dev\/fin\/wp-json\/wp\/v2\/product\/141523","targetHints":{"allow":["GET"]}}],"collection":[{"href":"https:\/\/www.delideli.zoner.dev\/fin\/wp-json\/wp\/v2\/product"}],"about":[{"href":"https:\/\/www.delideli.zoner.dev\/fin\/wp-json\/wp\/v2\/types\/product"}],"replies":[{"embeddable":true,"href":"https:\/\/www.delideli.zoner.dev\/fin\/wp-json\/wp\/v2\/comments?post=141523"}],"version-history":[{"count":0,"href":"https:\/\/www.delideli.zoner.dev\/fin\/wp-json\/wp\/v2\/product\/141523\/revisions"}],"wp:featuredmedia":[{"embeddable":true,"href":"https:\/\/www.delideli.zoner.dev\/fin\/wp-json\/wp\/v2\/media\/138876"}],"wp:attachment":[{"href":"https:\/\/www.delideli.zoner.dev\/fin\/wp-json\/wp\/v2\/media?parent=141523"}],"wp:term":[{"taxonomy":"product_brand","embeddable":true,"href":"https:\/\/www.delideli.zoner.dev\/fin\/wp-json\/wp\/v2\/product_brand?post=141523"},{"taxonomy":"product_cat","embeddable":true,"href":"https:\/\/www.delideli.zoner.dev\/fin\/wp-json\/wp\/v2\/product_cat?post=141523"},{"taxonomy":"product_tag","embeddable":true,"href":"https:\/\/www.delideli.zoner.dev\/fin\/wp-json\/wp\/v2\/product_tag?post=141523"}],"curies":[{"name":"wp","href":"https:\/\/api.w.org\/{rel}","templated":true}]}}