{"id":141525,"date":"2020-09-21T07:25:45","date_gmt":"2020-09-21T07:25:45","guid":{"rendered":"https:\/\/www.delideli.zoner.dev\/tuote\/luomudijon-200g\/"},"modified":"2026-05-04T16:11:21","modified_gmt":"2026-05-04T16:11:21","slug":"luomudijon-200g","status":"publish","type":"product","link":"https:\/\/www.delideli.zoner.dev\/fin\/tuote\/luomudijon-200g\/","title":{"rendered":"Dijoninsinappi, luomu 200 g"},"content":{"rendered":"<p>Karkea vanhanajan luomudijoninsinappi on tehty perinteisell\u00e4 reseptill\u00e4, jossa sinappiin on j\u00e4tetty kokonaisia sinapinsiemeni\u00e4. Karkean dijoninsinapin maussa on my\u00f6s hieman enemm\u00e4n etikkaisuutta ja pehmeytt\u00e4 kuin klassisessa dijoninsinapissa.<br \/>\nVanhanajan dijoninsinapissa k\u00e4ytetyt sinapinsiemenet on viljelty luomutuotantona l\u00e4hell\u00e4 Burgundia. Sinapissa ei ole lainkaan keinotekoisia aromeja, v\u00e4riaineita, lis\u00e4- tai s\u00e4il\u00f6nt\u00e4aineita.<\/p>\n","protected":false},"excerpt":{"rendered":"<p>Ranskalaisen Reine de Dijonin perinteinen karkea luomudijoninsinappi on valmistettu perinteiseen tapaan ilman keinotekoisia aromeja tai s\u00e4il\u00f6nt\u00e4aineita. Sen kaikki ainesosat ovat luomutuotantoa ja parasta mahdollista laatua. Kokeile sellaisenaan esimerkiksi lihan p\u00e4\u00e4ll\u00e4 tai maustamaan salaatinkastikkeet, marinadit tai suolaisten piiraiden t\u00e4ytteet.<\/p>\n","protected":false},"featured_media":139841,"comment_status":"open","ping_status":"open","template":"","meta":{"_acf_changed":false},"product_brand":[651],"product_cat":[677,699,716,676],"product_tag":[174],"class_list":{"0":"post-141525","1":"product","2":"type-product","3":"status-publish","4":"has-post-thumbnail","6":"product_brand-reine-de-dijon","7":"product_cat-ajankohtaisia","8":"product_cat-luomutuotteet","9":"product_cat-sinapit","10":"product_cat-suolaiset","11":"product_tag-luomu","12":"product_shipping_class-shipping-discount","13":"pa_alkuperamaa-ranska","14":"pa_ruokavalio-luomu","16":"first","17":"instock","18":"taxable","19":"shipping-taxable","20":"purchasable","21":"product-type-simple","swatches":"rey-swatches","show_selected":""},"acf":[],"_links":{"self":[{"href":"https:\/\/www.delideli.zoner.dev\/fin\/wp-json\/wp\/v2\/product\/141525","targetHints":{"allow":["GET"]}}],"collection":[{"href":"https:\/\/www.delideli.zoner.dev\/fin\/wp-json\/wp\/v2\/product"}],"about":[{"href":"https:\/\/www.delideli.zoner.dev\/fin\/wp-json\/wp\/v2\/types\/product"}],"replies":[{"embeddable":true,"href":"https:\/\/www.delideli.zoner.dev\/fin\/wp-json\/wp\/v2\/comments?post=141525"}],"version-history":[{"count":0,"href":"https:\/\/www.delideli.zoner.dev\/fin\/wp-json\/wp\/v2\/product\/141525\/revisions"}],"wp:featuredmedia":[{"embeddable":true,"href":"https:\/\/www.delideli.zoner.dev\/fin\/wp-json\/wp\/v2\/media\/139841"}],"wp:attachment":[{"href":"https:\/\/www.delideli.zoner.dev\/fin\/wp-json\/wp\/v2\/media?parent=141525"}],"wp:term":[{"taxonomy":"product_brand","embeddable":true,"href":"https:\/\/www.delideli.zoner.dev\/fin\/wp-json\/wp\/v2\/product_brand?post=141525"},{"taxonomy":"product_cat","embeddable":true,"href":"https:\/\/www.delideli.zoner.dev\/fin\/wp-json\/wp\/v2\/product_cat?post=141525"},{"taxonomy":"product_tag","embeddable":true,"href":"https:\/\/www.delideli.zoner.dev\/fin\/wp-json\/wp\/v2\/product_tag?post=141525"}],"curies":[{"name":"wp","href":"https:\/\/api.w.org\/{rel}","templated":true}]}}