{"id":141530,"date":"2020-10-12T09:04:49","date_gmt":"2020-10-12T09:04:49","guid":{"rendered":"https:\/\/www.delideli.zoner.dev\/tuote\/merula-extra-virgin-oliivioljy-peltikanisteri-500ml\/"},"modified":"2026-05-04T16:11:28","modified_gmt":"2026-05-04T16:11:28","slug":"merula-extra-virgin-oliivioljy-peltikanisteri-500ml","status":"publish","type":"product","link":"https:\/\/www.delideli.zoner.dev\/fin\/tuote\/merula-extra-virgin-oliivioljy-peltikanisteri-500ml\/","title":{"rendered":"Merula-ekstraneitsytoliivi\u00f6ljy, Marques de Valdueza, peltikanisteri 500 ml"},"content":{"rendered":"<p>Merula-oliivi\u00f6ljyn tuoksussa yhdistyv\u00e4t kevyet ruohomaiset aromit h\u00e4iv\u00e4hdyksiin makeasta omenasta, kyps\u00e4st\u00e4 banaanista sek\u00e4 punaisista marjoista.<br \/>\nSamat vivahteet ovat aistittavissa kielen p\u00e4\u00e4ll\u00e4. Alun sulava pehmeys vaihtuu mantelimaidon muistettavaan makuun, joka viipyilee suussa viel\u00e4 pitk\u00e4\u00e4n.<br \/>\nMerula-oliivi\u00f6ljyss\u00e4 yhdistyv\u00e4t tilalla viljelt\u00e4v\u00e4t nelj\u00e4 aromaattista   oliivilajiketta, jotka yhdess\u00e4 luovat t\u00e4m\u00e4n harmonisen oliivi\u00f6ljyn bukeen. Kyseess\u00e4 on pienen perheomisteiden tilan laatutuote, jonka oliivit puristetaan vain tuntien sis\u00e4ll\u00e4 niiden poimimisesta. N\u00e4in tuotteeseen saadaan s\u00e4il\u00f6tty\u00e4 kaikki sen suurenmoiset aromit ja hyv\u00e4\u00e4 tekev\u00e4t antioksidantit.<\/p>\n","protected":false},"excerpt":{"rendered":"<p>Espanjalaisen Marques de Valduezan Merula- ekstraneitsytoliivi\u00f6ljy on hedelm\u00e4isten aromien hallitsema keskivoimakas oliivi\u00f6ljy. \u00d6ljyn t\u00e4ydellinen makujen harmonia on saatu juuri oikeaan aikaan ker\u00e4tyist\u00e4 oliiveista, jotka on kuljetettu saman tien kylm\u00e4puristettaviksi.<\/p>\n","protected":false},"featured_media":139849,"comment_status":"open","ping_status":"open","template":"","meta":{"_acf_changed":false},"product_brand":[646],"product_cat":[677,753,691,678,764],"product_tag":[],"class_list":{"0":"post-141530","1":"product","2":"type-product","3":"status-publish","4":"has-post-thumbnail","6":"product_brand-marques-de-valdueza","7":"product_cat-ajankohtaisia","8":"product_cat-my-healthy-oils","9":"product_cat-oliivioljyt","10":"product_cat-oljyt-etikat","11":"product_cat-paella","12":"product_shipping_class-shipping-discount","13":"pa_alkuperamaa-espanja","14":"pa_oliivioljy-keskivahva","16":"first","17":"instock","18":"taxable","19":"shipping-taxable","20":"purchasable","21":"product-type-simple","swatches":"rey-swatches","show_selected":""},"acf":[],"_links":{"self":[{"href":"https:\/\/www.delideli.zoner.dev\/fin\/wp-json\/wp\/v2\/product\/141530","targetHints":{"allow":["GET"]}}],"collection":[{"href":"https:\/\/www.delideli.zoner.dev\/fin\/wp-json\/wp\/v2\/product"}],"about":[{"href":"https:\/\/www.delideli.zoner.dev\/fin\/wp-json\/wp\/v2\/types\/product"}],"replies":[{"embeddable":true,"href":"https:\/\/www.delideli.zoner.dev\/fin\/wp-json\/wp\/v2\/comments?post=141530"}],"version-history":[{"count":0,"href":"https:\/\/www.delideli.zoner.dev\/fin\/wp-json\/wp\/v2\/product\/141530\/revisions"}],"wp:featuredmedia":[{"embeddable":true,"href":"https:\/\/www.delideli.zoner.dev\/fin\/wp-json\/wp\/v2\/media\/139849"}],"wp:attachment":[{"href":"https:\/\/www.delideli.zoner.dev\/fin\/wp-json\/wp\/v2\/media?parent=141530"}],"wp:term":[{"taxonomy":"product_brand","embeddable":true,"href":"https:\/\/www.delideli.zoner.dev\/fin\/wp-json\/wp\/v2\/product_brand?post=141530"},{"taxonomy":"product_cat","embeddable":true,"href":"https:\/\/www.delideli.zoner.dev\/fin\/wp-json\/wp\/v2\/product_cat?post=141530"},{"taxonomy":"product_tag","embeddable":true,"href":"https:\/\/www.delideli.zoner.dev\/fin\/wp-json\/wp\/v2\/product_tag?post=141530"}],"curies":[{"name":"wp","href":"https:\/\/api.w.org\/{rel}","templated":true}]}}