{"id":141532,"date":"2020-10-12T09:04:50","date_gmt":"2020-10-12T09:04:50","guid":{"rendered":"https:\/\/www.delideli.zoner.dev\/tuote\/marques-de-valdueza-appelsiininkukka-hunaja-265g\/"},"modified":"2026-05-04T16:11:32","modified_gmt":"2026-05-04T16:11:32","slug":"marques-de-valdueza-appelsiininkukka-hunaja-265g","status":"publish","type":"product","link":"https:\/\/www.delideli.zoner.dev\/fin\/tuote\/marques-de-valdueza-appelsiininkukka-hunaja-265g\/","title":{"rendered":"Marques de Valdueza appelsiininkukkahunaja 265g"},"content":{"rendered":"<p>Espanjalainen Marquez de Valdueza tunnetaan artesaanituotteistaan, joihin lukeutuvat my\u00f6s Extremadurassa ja Avilassa tuotetut ensiluokkaiset hunajat. Tuotteiden korkean laadun lis\u00e4ksi niiden tuotannossa pyrit\u00e4\u00e4n aina ymp\u00e4rist\u00f6\u00e4 kunnioittavaan tuotantotapaan. Mehil\u00e4isten t\u00e4rke\u00e4 rooli luonnon ekosysteemiss\u00e4 on huomioitu Marquez de Valduezalla jo sukupolvien ajan, ja mehil\u00e4isi\u00e4 pidet\u00e4\u00e4n talolla korkeassa arvossa.<br \/>\nEnnen purkitusta hunaja l\u00e4mmitet\u00e4\u00e4n alle 40 asteeseen, jotta sen k\u00e4sittely, dekantointi ja purkittaminen olisi helpompaa. Koska hunajaa ei ole k\u00e4sitelty mitenk\u00e4\u00e4n muuten fyysisesti tai kemiallisesti, ajan my\u00f6t\u00e4 se yleens\u00e4 j\u00e4hmettyy takaisin alkuper\u00e4iseen koostumukseensa. Jos j\u00e4hmettyneen hunajan haluaa taas juoksevaksi, purkin voi asettaa hetkeksi l\u00e4mpim\u00e4\u00e4n vesihauteeseen.<\/p>\n","protected":false},"excerpt":{"rendered":"<p>Marques de Valduezan appelsiininkukkahunaja on v\u00e4rilt\u00e4\u00e4n kauniin vaaleankeltainen, ja siin\u00e4 on vivahteita eri keltaisen s\u00e4vyist\u00e4. Sen makeassa maussa on havaittavissa kukkaisia ja sitruksisia h\u00e4iv\u00e4hdyksi\u00e4. Hunajalla on intensiivinen ja viipyilev\u00e4 maku. Hunaja on pehme\u00e4n notkeaa, ja se kiteytyy hitaasti muodostaen hienonhienoja kiteit\u00e4. Appelsiininkukkahunaja sopii erinomaisesti maustamaan riistalinnuista valmistettuja ruokia sek\u00e4 sellaisenaan juustoille, teehen, j\u00e4\u00e4tel\u00f6\u00f6n ja paahdetulle leiv\u00e4lle ekstraneitsytoliivi\u00f6ljyn kanssa.<\/p>\n","protected":false},"featured_media":139853,"comment_status":"open","ping_status":"open","template":"","meta":{"_acf_changed":false},"product_brand":[646],"product_cat":[677,711,681,764],"product_tag":[],"class_list":{"0":"post-141532","1":"product","2":"type-product","3":"status-publish","4":"has-post-thumbnail","6":"product_brand-marques-de-valdueza","7":"product_cat-ajankohtaisia","8":"product_cat-hunajat","9":"product_cat-marjat-hedelmat","10":"product_cat-paella","11":"product_shipping_class-shipping-discount","12":"pa_alkuperamaa-espanja","14":"first","15":"instock","16":"taxable","17":"shipping-taxable","18":"purchasable","19":"product-type-simple","swatches":"rey-swatches","show_selected":""},"acf":[],"_links":{"self":[{"href":"https:\/\/www.delideli.zoner.dev\/fin\/wp-json\/wp\/v2\/product\/141532","targetHints":{"allow":["GET"]}}],"collection":[{"href":"https:\/\/www.delideli.zoner.dev\/fin\/wp-json\/wp\/v2\/product"}],"about":[{"href":"https:\/\/www.delideli.zoner.dev\/fin\/wp-json\/wp\/v2\/types\/product"}],"replies":[{"embeddable":true,"href":"https:\/\/www.delideli.zoner.dev\/fin\/wp-json\/wp\/v2\/comments?post=141532"}],"version-history":[{"count":0,"href":"https:\/\/www.delideli.zoner.dev\/fin\/wp-json\/wp\/v2\/product\/141532\/revisions"}],"wp:featuredmedia":[{"embeddable":true,"href":"https:\/\/www.delideli.zoner.dev\/fin\/wp-json\/wp\/v2\/media\/139853"}],"wp:attachment":[{"href":"https:\/\/www.delideli.zoner.dev\/fin\/wp-json\/wp\/v2\/media?parent=141532"}],"wp:term":[{"taxonomy":"product_brand","embeddable":true,"href":"https:\/\/www.delideli.zoner.dev\/fin\/wp-json\/wp\/v2\/product_brand?post=141532"},{"taxonomy":"product_cat","embeddable":true,"href":"https:\/\/www.delideli.zoner.dev\/fin\/wp-json\/wp\/v2\/product_cat?post=141532"},{"taxonomy":"product_tag","embeddable":true,"href":"https:\/\/www.delideli.zoner.dev\/fin\/wp-json\/wp\/v2\/product_tag?post=141532"}],"curies":[{"name":"wp","href":"https:\/\/api.w.org\/{rel}","templated":true}]}}