{"id":141534,"date":"2020-11-01T15:16:08","date_gmt":"2020-11-01T15:16:08","guid":{"rendered":"https:\/\/www.delideli.zoner.dev\/tuote\/bistro-herkkukori\/"},"modified":"2026-05-04T16:11:33","modified_gmt":"2026-05-04T16:11:33","slug":"bistro-herkkukori","status":"publish","type":"product","link":"https:\/\/www.delideli.zoner.dev\/fin\/tuote\/bistro-herkkukori\/","title":{"rendered":"Herkkukori Bistro Executive"},"content":{"rendered":"<p>T\u00e4m\u00e4 herkkukori on yksi suosituimmista koreistamme sen runsauden ja muhkeuden ansiosta. Se sis\u00e4lt\u00e4\u00e4 toistakymment\u00e4 tuotetta, joista jokaisen voi laittaa esiin vaikka heti ja nauttia yst\u00e4vien ja perheen kanssa. Kaikki tuotteet sopivat tarjottaviksi sellaisenaan, lis\u00e4ksi tarjoiluun voi laittaa v\u00e4h\u00e4n leip\u00e4\u00e4 ja vaikka vihre\u00e4\u00e4 salaattia ja oma juomavalinta. Kauniille Bistro tarjottimelle on pakattu levitteit\u00e4, pateita sek\u00e4 kalaherkkuja, oliiveja, hillokkeita ja bonuksena iso rasia ranskalaisia k\u00e4sintehtyj\u00e4 reilun kaupan luomu suklaakonvehteja . T\u00e4ydellinen kori sellaiselle, jolla on jo paljon kaikkea.<br \/>\nAvaa kori ja nauti!<br \/>\nHerkkukori sis\u00e4lt\u00e4\u00e4 seuraavat tuotteet:<br \/>\n1574 &#8211; KORI Sinkkitarjotin Bistro, k\u00f6ysikahvat py\u00f6re\u00e4 32x6cm<br \/>\n1047 &#8211; Luomu ja reilun kaupan k\u00e4sintehdyt suklaakonvehdit, metallirasia 300g<br \/>\n1315 &#8211; Ankanmaksalla t\u00e4ytetyt kinkkurullat ja Sauternes hyytel\u00f6 200g<br \/>\n1366 &#8211; Villisikapate maustettu Armagnacilla 70g<br \/>\n1533 &#8211; FOX Perunalastut balsamiko ja suola 120g<br \/>\n240 &#8211; Cornichons &#8211; pikku kurkut 370g<br \/>\n280 &#8211; Musta tapenadi 120g<br \/>\n2841 &#8211; Oliivit &#8211; Provencen yrteill\u00e4 maustettu vihre\u00e4 150g<br \/>\n5179 &#8211; Ranskalainen pat\u00e9 maustettu Fin Champagne konjakilla 220g<br \/>\n5231 &#8211; Tryffelill\u00e4 maustettu sipulihilloke 150g<br \/>\n5397 &#8211; Iberian possupat\u00e9 maustettu savustetulla paprikalla 110g<br \/>\n6800 &#8211; Terre &#038; Mer kalaherkku katkarapu inkiv\u00e4\u00e4rill\u00e4 ja korianterilla 90g<br \/>\n6801 &#8211; Terre &#038; Mer kalaherkku turska s\u00e4il\u00f6tyill\u00e4 sitruunoilla 90g<br \/>\n9165 &#8211; Tryffelisuola 50 g<br \/>\n9924 &#8211; Oro del Deserto luomu extra virgin oliivi\u00f6ljy -Coupage 100 ml<br \/>\n9943 &#8211; Cocagne ruodoton ja nahaton sardiinifile sitruunalla 100g<br \/>\n9948 &#8211; Bertha tonnikalafile oliivi\u00f6ljyss\u00e4 120g<\/p>\n<p>*Mik\u00e4li joku tuote on loppunut varastosta, voimme vaihtaa sen toiseen vastaavaan.&#8221;<\/p>\n<p>*Mik\u00e4li joku tuote on loppunut varastosta, voimme vaihtaa sen toiseen vastaavaan.<\/p>\n","protected":false},"excerpt":{"rendered":"<p>T\u00e4m\u00e4 herkkukori on yksi suosituimmista koreistamme sen runsauden ja muhkeuden ansiosta. Se sis\u00e4lt\u00e4\u00e4 toistakymment\u00e4 tuotetta, joista jokaisen voi laittaa esiin vaikka heti ja nauttia yst\u00e4vien ja perheen kanssa. Kaikki tuotteet sopivat tarjottaviksi sellaisenaan, lis\u00e4ksi tarjoiluun voi laittaa v\u00e4h\u00e4n leip\u00e4\u00e4 ja vaikka vihre\u00e4\u00e4 salaattia ja oma juomavalinta. Kauniille Bistro tarjottimelle on pakattu levitteit\u00e4, pateita sek\u00e4 kalaherkkuja, oliiveja, hillokkeita ja bonuksena iso rasia ranskalaisia k\u00e4sintehtyj\u00e4 reilun kaupan luomu suklaakonvehteja . T\u00e4ydellinen kori sellaiselle, jolla on jo paljon kaikkea.<br \/>\nAvaa kori ja nauti!<br \/>\nHerkkukori sis\u00e4lt\u00e4\u00e4 seuraavat tuotteet:<br \/>\n1574 &#8211; KORI Sinkkitarjotin Bistro, k\u00f6ysikahvat py\u00f6re\u00e4 32x6cm<br \/>\n1047 &#8211; Luomu ja reilun kaupan k\u00e4sintehdyt suklaakonvehdit, metallirasia 300g<br \/>\n1315 &#8211; Ankanmaksalla t\u00e4ytetyt kinkkurullat ja Sauternes hyytel\u00f6 200g<br \/>\n1366 &#8211; Villisikapate maustettu Armagnacilla 70g<br \/>\n1533 &#8211; FOX Perunalastut balsamiko ja suola 120g<br \/>\n240 &#8211; Cornichons &#8211; pikku kurkut 370g<br \/>\n280 &#8211; Musta tapenadi 120g<br \/>\n2841 &#8211; Oliivit &#8211; Provencen yrteill\u00e4 maustettu vihre\u00e4 150g<br \/>\n5179 &#8211; Ranskalainen pat\u00e9 maustettu Fin Champagne konjakilla 220g<br \/>\n5231 &#8211; Tryffelill\u00e4 maustettu sipulihilloke 150g<br \/>\n5397 &#8211; Iberian possupat\u00e9 maustettu savustetulla paprikalla 110g<br \/>\n6800 &#8211; Terre &#038; Mer kalaherkku katkarapu inkiv\u00e4\u00e4rill\u00e4 ja korianterilla 90g<br \/>\n6801 &#8211; Terre &#038; Mer kalaherkku turska s\u00e4il\u00f6tyill\u00e4 sitruunoilla 90g<br \/>\n9165 &#8211; Tryffelisuola 50 g<br \/>\n9924 &#8211; Oro del Deserto luomu extra virgin oliivi\u00f6ljy -Coupage 100 ml<br \/>\n9943 &#8211; Cocagne ruodoton ja nahaton sardiinifile sitruunalla 100g<br \/>\n9948 &#8211; Bertha tonnikalafile oliivi\u00f6ljyss\u00e4 120g<\/p>\n<p>*Mik\u00e4li joku tuote on loppunut varastosta, voimme vaihtaa sen toiseen vastaavaan.<\/p>\n","protected":false},"featured_media":139857,"comment_status":"open","ping_status":"open","template":"","meta":{"_acf_changed":false},"product_brand":[625],"product_cat":[684,727],"product_tag":[192,182],"class_list":{"0":"post-141534","1":"product","2":"type-product","3":"status-publish","4":"has-post-thumbnail","6":"product_brand-delideli","7":"product_cat-herkkukorit","8":"product_cat-lahjaksi","9":"product_tag-herkkukori","10":"product_tag-lahja","11":"product_shipping_class-shipping-discount","12":"pa_alkuperamaa-ranska","14":"first","15":"outofstock","16":"taxable","17":"shipping-taxable","18":"purchasable","19":"product-type-simple","swatches":"rey-swatches","show_selected":""},"acf":[],"_links":{"self":[{"href":"https:\/\/www.delideli.zoner.dev\/fin\/wp-json\/wp\/v2\/product\/141534","targetHints":{"allow":["GET"]}}],"collection":[{"href":"https:\/\/www.delideli.zoner.dev\/fin\/wp-json\/wp\/v2\/product"}],"about":[{"href":"https:\/\/www.delideli.zoner.dev\/fin\/wp-json\/wp\/v2\/types\/product"}],"replies":[{"embeddable":true,"href":"https:\/\/www.delideli.zoner.dev\/fin\/wp-json\/wp\/v2\/comments?post=141534"}],"version-history":[{"count":0,"href":"https:\/\/www.delideli.zoner.dev\/fin\/wp-json\/wp\/v2\/product\/141534\/revisions"}],"wp:featuredmedia":[{"embeddable":true,"href":"https:\/\/www.delideli.zoner.dev\/fin\/wp-json\/wp\/v2\/media\/139857"}],"wp:attachment":[{"href":"https:\/\/www.delideli.zoner.dev\/fin\/wp-json\/wp\/v2\/media?parent=141534"}],"wp:term":[{"taxonomy":"product_brand","embeddable":true,"href":"https:\/\/www.delideli.zoner.dev\/fin\/wp-json\/wp\/v2\/product_brand?post=141534"},{"taxonomy":"product_cat","embeddable":true,"href":"https:\/\/www.delideli.zoner.dev\/fin\/wp-json\/wp\/v2\/product_cat?post=141534"},{"taxonomy":"product_tag","embeddable":true,"href":"https:\/\/www.delideli.zoner.dev\/fin\/wp-json\/wp\/v2\/product_tag?post=141534"}],"curies":[{"name":"wp","href":"https:\/\/api.w.org\/{rel}","templated":true}]}}