{"id":141542,"date":"2021-02-10T05:55:50","date_gmt":"2021-02-10T05:55:50","guid":{"rendered":"https:\/\/www.delideli.zoner.dev\/tuote\/mintunkukka-hunaja-100-g\/"},"modified":"2026-05-04T16:12:04","modified_gmt":"2026-05-04T16:12:04","slug":"mintunkukka-hunaja-100-g","status":"publish","type":"product","link":"https:\/\/www.delideli.zoner.dev\/fin\/tuote\/mintunkukka-hunaja-100-g\/","title":{"rendered":"Mintunkukka hunaja, Italia 100 g"},"content":{"rendered":"<p>Mariangela Prunotton mintunkukkahunaja on sataprosenttisesti puhdasta italialaista hunajaa. Se tunnetaan voimakkaasta minttumaisesta aromistaan ja ei niin makeasta maustaan.<br \/>\nMintunkukkahunaja ker\u00e4t\u00e4\u00e4n Piemonten mintunkukkaviljelysten ymp\u00e4rill\u00e4 liikuteltavista pesist\u00e4, joita liikutellaan aina parhaiden kukintojen per\u00e4ss\u00e4. N\u00e4in saadaan mit\u00e4 aromikkainta ja korkealaatuisinta hunajaa.<\/p>\n","protected":false},"excerpt":{"rendered":"<p>Kes\u00e4ll\u00e4 t\u00e4ydess\u00e4 kukassa kukkiva minttu tarjoaa aromikasta nektariaan l\u00e4hialueen mehil\u00e4isille, jotka tuottavat t\u00e4m\u00e4n erityisen ja voimakasaromisen hunajan. Hunajan aromi tekee siit\u00e4 t\u00e4ydellisen parin teelle ja yrttijuomiin. Se sopii my\u00f6s loistavasti syvent\u00e4m\u00e4\u00e4n makua resepteiss\u00e4, joissa tarvitaan hunajaa ja tuoretta minttua. Kokeile voimakkaiden, pitk\u00e4\u00e4n kypsytettyjen juustojen ja lampaanlihan kanssa!<\/p>\n","protected":false},"featured_media":139861,"comment_status":"open","ping_status":"open","template":"","meta":{"_acf_changed":false},"product_brand":[645],"product_cat":[711,681],"product_tag":[],"class_list":{"0":"post-141542","1":"product","2":"type-product","3":"status-publish","4":"has-post-thumbnail","6":"product_brand-mariangela-prunotto","7":"product_cat-hunajat","8":"product_cat-marjat-hedelmat","9":"product_shipping_class-shipping-discount","10":"pa_alkuperamaa-italia","11":"pa_ruokavalio-vegaanituote","13":"first","14":"instock","15":"taxable","16":"shipping-taxable","17":"purchasable","18":"product-type-simple","swatches":"rey-swatches","show_selected":""},"acf":[],"_links":{"self":[{"href":"https:\/\/www.delideli.zoner.dev\/fin\/wp-json\/wp\/v2\/product\/141542","targetHints":{"allow":["GET"]}}],"collection":[{"href":"https:\/\/www.delideli.zoner.dev\/fin\/wp-json\/wp\/v2\/product"}],"about":[{"href":"https:\/\/www.delideli.zoner.dev\/fin\/wp-json\/wp\/v2\/types\/product"}],"replies":[{"embeddable":true,"href":"https:\/\/www.delideli.zoner.dev\/fin\/wp-json\/wp\/v2\/comments?post=141542"}],"version-history":[{"count":0,"href":"https:\/\/www.delideli.zoner.dev\/fin\/wp-json\/wp\/v2\/product\/141542\/revisions"}],"wp:featuredmedia":[{"embeddable":true,"href":"https:\/\/www.delideli.zoner.dev\/fin\/wp-json\/wp\/v2\/media\/139861"}],"wp:attachment":[{"href":"https:\/\/www.delideli.zoner.dev\/fin\/wp-json\/wp\/v2\/media?parent=141542"}],"wp:term":[{"taxonomy":"product_brand","embeddable":true,"href":"https:\/\/www.delideli.zoner.dev\/fin\/wp-json\/wp\/v2\/product_brand?post=141542"},{"taxonomy":"product_cat","embeddable":true,"href":"https:\/\/www.delideli.zoner.dev\/fin\/wp-json\/wp\/v2\/product_cat?post=141542"},{"taxonomy":"product_tag","embeddable":true,"href":"https:\/\/www.delideli.zoner.dev\/fin\/wp-json\/wp\/v2\/product_tag?post=141542"}],"curies":[{"name":"wp","href":"https:\/\/api.w.org\/{rel}","templated":true}]}}