{"id":141543,"date":"2021-03-14T06:18:35","date_gmt":"2021-03-14T06:18:35","guid":{"rendered":"https:\/\/www.delideli.zoner.dev\/tuote\/pistaasi-50g\/"},"modified":"2026-05-04T16:12:04","modified_gmt":"2026-05-04T16:12:04","slug":"pistaasi-50g","status":"publish","type":"product","link":"https:\/\/www.delideli.zoner.dev\/fin\/tuote\/pistaasi-50g\/","title":{"rendered":"Pistaasip\u00e4hkin\u00e4t, DOP Italia 50 g"},"content":{"rendered":"<p>Bronte-pistaasip\u00e4hkin\u00f6it\u00e4 k\u00e4ytet\u00e4\u00e4n perinteisesti monissa eri makeisissa ja j\u00e4lkiruoissa Italiassa ja etenkin Sisiliassa. Pistaaseja k\u00e4ytet\u00e4\u00e4n maustamaan my\u00f6s suolaisia ruokia, kuten pistaasipestoa, mortadella-makkaraa sek\u00e4 muita leikkeleit\u00e4.<\/p>\n","protected":false},"excerpt":{"rendered":"<p>Kokonaiset paahdetut pistaasip\u00e4hkin\u00e4t ovat arvostettua Bronte-lajiketta (\u201cPistacchio Verde di Bronte\u201d), joka kasvaa tuliper\u00e4isell\u00e4 maaper\u00e4ll\u00e4 Sisiliassa Etnan kupeessa. Tuliper\u00e4inen kasvualusta antaa pistaaseille niiden tunnusomaisen maun. P\u00e4hkin\u00f6ill\u00e4 on my\u00f6s PDO-alkuper\u00e4issertifikaatti, mik\u00e4 takaa niin aitouden.<\/p>\n","protected":false},"featured_media":138900,"comment_status":"open","ping_status":"open","template":"","meta":{"_acf_changed":false},"product_brand":[625],"product_cat":[712,681],"product_tag":[],"class_list":{"0":"post-141543","1":"product","2":"type-product","3":"status-publish","4":"has-post-thumbnail","6":"product_brand-delideli","7":"product_cat-kastanjat","8":"product_cat-marjat-hedelmat","9":"product_shipping_class-shipping-discount","10":"pa_alkuperamaa-italia","12":"first","13":"outofstock","14":"taxable","15":"shipping-taxable","16":"purchasable","17":"product-type-simple","swatches":"rey-swatches","show_selected":""},"acf":[],"_links":{"self":[{"href":"https:\/\/www.delideli.zoner.dev\/fin\/wp-json\/wp\/v2\/product\/141543","targetHints":{"allow":["GET"]}}],"collection":[{"href":"https:\/\/www.delideli.zoner.dev\/fin\/wp-json\/wp\/v2\/product"}],"about":[{"href":"https:\/\/www.delideli.zoner.dev\/fin\/wp-json\/wp\/v2\/types\/product"}],"replies":[{"embeddable":true,"href":"https:\/\/www.delideli.zoner.dev\/fin\/wp-json\/wp\/v2\/comments?post=141543"}],"version-history":[{"count":0,"href":"https:\/\/www.delideli.zoner.dev\/fin\/wp-json\/wp\/v2\/product\/141543\/revisions"}],"wp:featuredmedia":[{"embeddable":true,"href":"https:\/\/www.delideli.zoner.dev\/fin\/wp-json\/wp\/v2\/media\/138900"}],"wp:attachment":[{"href":"https:\/\/www.delideli.zoner.dev\/fin\/wp-json\/wp\/v2\/media?parent=141543"}],"wp:term":[{"taxonomy":"product_brand","embeddable":true,"href":"https:\/\/www.delideli.zoner.dev\/fin\/wp-json\/wp\/v2\/product_brand?post=141543"},{"taxonomy":"product_cat","embeddable":true,"href":"https:\/\/www.delideli.zoner.dev\/fin\/wp-json\/wp\/v2\/product_cat?post=141543"},{"taxonomy":"product_tag","embeddable":true,"href":"https:\/\/www.delideli.zoner.dev\/fin\/wp-json\/wp\/v2\/product_tag?post=141543"}],"curies":[{"name":"wp","href":"https:\/\/api.w.org\/{rel}","templated":true}]}}