{"id":141544,"date":"2021-03-29T14:20:19","date_gmt":"2021-03-29T14:20:19","guid":{"rendered":"https:\/\/www.delideli.zoner.dev\/tuote\/pure-origine-karibia-luomukahvi-250g-fi-eko-201\/"},"modified":"2026-05-04T16:12:04","modified_gmt":"2026-05-04T16:12:04","slug":"pure-origine-karibia-luomukahvi-250g-fi-eko-201","status":"publish","type":"product","link":"https:\/\/www.delideli.zoner.dev\/fin\/tuote\/pure-origine-karibia-luomukahvi-250g-fi-eko-201\/","title":{"rendered":"Karibia, jauhettu luomukahvi, pure origin 250 g"},"content":{"rendered":"<p>Ranskalaisen Lobodis-kahvipaahtimon Cara\u00efbes-kahvi viljell\u00e4\u00e4n Karibian saarten tuliper\u00e4isell\u00e4 ja ominaisuuksiltaan t\u00e4ysin erilaisten maaperien alueella 900 \u2013 1 700 metrin korkeudessa. Kahvin monitahoinen ja hienovarainen aromi syntyy poikkeuksellisista kasvuolosuhteista, joissa yhdistyv\u00e4t korkea maasto, alueelle tyypilliset ilmasto-olosuhteet sek\u00e4 maaper\u00e4.<br \/>\nKahvissa k\u00e4ytetyt arabica-kahvipavut viljell\u00e4\u00e4n luomuna, ja ne poimitaan k\u00e4sin. Kahvintuotannon vastuullisuuden takaa Reilu kauppa -merkki. Paahdossa k\u00e4ytet\u00e4\u00e4n tummapaahtoa, joka luo t\u00e4ydellisen tasapainoisen kahviel\u00e4myksen.<br \/>\nK\u00e4ytt\u00f6: kahvinkeitin, mutteripannu, pressopannu espressokone.<br \/>\nValmistus: 7\u201310 g tai 1 ruokalusikallinen jauhettua kahvia per kuppi. Suosituksena espressokupillisen koko 40 ml, ristretto 25 ml ja lungo 110 ml.<br \/>\nPakkauksen koko: 250 g, 35 kuppia.<br \/>\nS\u00e4ilytys: avattu pakkaus suljettuna l\u00e4pin\u00e4kym\u00e4tt\u00f6m\u00e4ss\u00e4 ja ilmatiiviiss\u00e4 purkissa valolta suojattuna.<br \/>\nLajittelu: k\u00e4ytetyt kahvipurut voi kierr\u00e4tt\u00e4\u00e4 bioj\u00e4tteen\u00e4. Pakkaus h\u00e4vitet\u00e4\u00e4n poltettavien j\u00e4tteiden mukana.<\/p>\n","protected":false},"excerpt":{"rendered":"<p>Voimakkuus: 8\/12<br \/>\nAromit: vaniljainen ja puumainen<br \/>\nKaribianmeren saarten tulivuorten rinteilt\u00e4 ker\u00e4t\u00e4\u00e4n kahvipapuja, joista jauhetaan t\u00e4m\u00e4 maultaan monitahoinen ja hienovarainen kahvi. Kyseess\u00e4 on pure origine- eli single origin -kahvi, joka on valmistettu arabica-pavuista. Kahvi on viljelty puhtaana luomutuotantona sek\u00e4 vastuullisesti Reilun kaupan kriteerej\u00e4 noudattaen. Voimakkaassa ja intensiivisess\u00e4 maussa on l\u00f6ydett\u00e4viss\u00e4 niin vaniljaisia kuin puumaisia aromeja.<\/p>\n","protected":false},"featured_media":139864,"comment_status":"open","ping_status":"open","template":"","meta":{"_acf_changed":false},"product_brand":[640],"product_cat":[677,679,694,699],"product_tag":[174,175],"class_list":{"0":"post-141544","1":"product","2":"type-product","3":"status-publish","4":"has-post-thumbnail","6":"product_brand-lobodis","7":"product_cat-ajankohtaisia","8":"product_cat-juomat","9":"product_cat-kahvit","10":"product_cat-luomutuotteet","11":"product_tag-luomu","12":"product_tag-reilun-kauppa","13":"product_shipping_class-shipping-discount","14":"pa_alkuperamaa-ranska","15":"pa_ruokavalio-luomu","16":"pa_ruokavalio-reilu-kauppa","18":"first","19":"instock","20":"taxable","21":"shipping-taxable","22":"purchasable","23":"product-type-simple","swatches":"rey-swatches","show_selected":""},"acf":[],"_links":{"self":[{"href":"https:\/\/www.delideli.zoner.dev\/fin\/wp-json\/wp\/v2\/product\/141544","targetHints":{"allow":["GET"]}}],"collection":[{"href":"https:\/\/www.delideli.zoner.dev\/fin\/wp-json\/wp\/v2\/product"}],"about":[{"href":"https:\/\/www.delideli.zoner.dev\/fin\/wp-json\/wp\/v2\/types\/product"}],"replies":[{"embeddable":true,"href":"https:\/\/www.delideli.zoner.dev\/fin\/wp-json\/wp\/v2\/comments?post=141544"}],"version-history":[{"count":0,"href":"https:\/\/www.delideli.zoner.dev\/fin\/wp-json\/wp\/v2\/product\/141544\/revisions"}],"wp:featuredmedia":[{"embeddable":true,"href":"https:\/\/www.delideli.zoner.dev\/fin\/wp-json\/wp\/v2\/media\/139864"}],"wp:attachment":[{"href":"https:\/\/www.delideli.zoner.dev\/fin\/wp-json\/wp\/v2\/media?parent=141544"}],"wp:term":[{"taxonomy":"product_brand","embeddable":true,"href":"https:\/\/www.delideli.zoner.dev\/fin\/wp-json\/wp\/v2\/product_brand?post=141544"},{"taxonomy":"product_cat","embeddable":true,"href":"https:\/\/www.delideli.zoner.dev\/fin\/wp-json\/wp\/v2\/product_cat?post=141544"},{"taxonomy":"product_tag","embeddable":true,"href":"https:\/\/www.delideli.zoner.dev\/fin\/wp-json\/wp\/v2\/product_tag?post=141544"}],"curies":[{"name":"wp","href":"https:\/\/api.w.org\/{rel}","templated":true}]}}