{"id":141545,"date":"2021-03-29T15:15:50","date_gmt":"2021-03-29T15:15:50","guid":{"rendered":"https:\/\/www.delideli.zoner.dev\/tuote\/pure-origine-sumatra-luomukahvi-250g-fi-eko-201\/"},"modified":"2026-05-04T16:12:05","modified_gmt":"2026-05-04T16:12:05","slug":"pure-origine-sumatra-luomukahvi-250g-fi-eko-201","status":"publish","type":"product","link":"https:\/\/www.delideli.zoner.dev\/fin\/tuote\/pure-origine-sumatra-luomukahvi-250g-fi-eko-201\/","title":{"rendered":"Sumatra Mandheling, jauhettu luomukahvi, pure origine 250 g"},"content":{"rendered":"<p>Sumatra Mandheling -kahvi on saanut nimens\u00e4 sit\u00e4 viljelev\u00e4n Mandailing-kansan mukaan Sumatran saarella Indonesiassa. Ranskalaisen kahvipaahtimon Lobodis\u2019n k\u00e4ytt\u00e4m\u00e4t pavut viljell\u00e4\u00e4n trooppisessa ilmastossa tuliper\u00e4isell\u00e4 alueella luomutuotantona 1 500 \u2013 1 655 metrin korkeudessa. K\u00e4sinpoiminnan j\u00e4lkeen arabica-kahvipavut prosessoidaan Giling Basaj -menetelm\u00e4ll\u00e4, jota k\u00e4ytet\u00e4\u00e4n maailmassa ainoastaan Indonesiassa.<br \/>\nAlkuper\u00e4inen valmistusmenetelm\u00e4 sek\u00e4 tuliper\u00e4inen kasvualusta yhdistettyn\u00e4 tummaan paahtoon saa aikaan kahvin erityisen voimakkaat ja t\u00e4ytel\u00e4iset suklaan aromit, jotka taittuvat tummaan sokeriin ja lopuksi j\u00e4lkimakuna mausteisuuteen.<br \/>\nValmistus: 7\u201310 g tai 1 ruokalusikallinen jauhettua kahvia per kuppi.<br \/>\nPakkauksen koko: 250 g, 35 kuppia.<br \/>\nS\u00e4ilytys: avattu pakkaus suljettuna l\u00e4pin\u00e4kym\u00e4tt\u00f6m\u00e4ss\u00e4 ja ilmatiiviiss\u00e4 purkissa valolta suojattuna.<br \/>\nLajittelu: k\u00e4ytetyt kahvipurut voi kierr\u00e4tt\u00e4\u00e4 bioj\u00e4tteen\u00e4. Pakkaus h\u00e4vitet\u00e4\u00e4n poltettavien j\u00e4tteiden mukana.<\/p>\n","protected":false},"excerpt":{"rendered":"<p>Voimakkuus: 12\/12<br \/>\nAromit: suklaa ja mausteet<br \/>\nLobodis\u2019n aromaattinen, t\u00e4ytel\u00e4inen ja intensiivinen Sumatra Mandheling -kahvi tulee pohjoisesta Acehin maakunnasta Sumatran saarelta Indonesiasta. T\u00e4m\u00e4 pure origine- eli single origin -kahvi on valmistettu arabica-pavuista ja on puhdasta luomutuotantoa. Hallitsevina aromeina tummapaahtoisessa kahvissa voi havaita tumman suklaan sek\u00e4 t\u00e4ytel\u00e4iset mausteet. T\u00e4ss\u00e4 on kokeilemisen arvoinen, erityisen poikkeuksellinen kahvi!<\/p>\n","protected":false},"featured_media":139866,"comment_status":"open","ping_status":"open","template":"","meta":{"_acf_changed":false},"product_brand":[640],"product_cat":[677,679,694,699],"product_tag":[174,175],"class_list":{"0":"post-141545","1":"product","2":"type-product","3":"status-publish","4":"has-post-thumbnail","6":"product_brand-lobodis","7":"product_cat-ajankohtaisia","8":"product_cat-juomat","9":"product_cat-kahvit","10":"product_cat-luomutuotteet","11":"product_tag-luomu","12":"product_tag-reilun-kauppa","13":"product_shipping_class-shipping-discount","14":"pa_alkuperamaa-ranska","15":"pa_ruokavalio-luomu","16":"pa_ruokavalio-reilu-kauppa","18":"first","19":"instock","20":"taxable","21":"shipping-taxable","22":"purchasable","23":"product-type-simple","swatches":"rey-swatches","show_selected":""},"acf":[],"_links":{"self":[{"href":"https:\/\/www.delideli.zoner.dev\/fin\/wp-json\/wp\/v2\/product\/141545","targetHints":{"allow":["GET"]}}],"collection":[{"href":"https:\/\/www.delideli.zoner.dev\/fin\/wp-json\/wp\/v2\/product"}],"about":[{"href":"https:\/\/www.delideli.zoner.dev\/fin\/wp-json\/wp\/v2\/types\/product"}],"replies":[{"embeddable":true,"href":"https:\/\/www.delideli.zoner.dev\/fin\/wp-json\/wp\/v2\/comments?post=141545"}],"version-history":[{"count":0,"href":"https:\/\/www.delideli.zoner.dev\/fin\/wp-json\/wp\/v2\/product\/141545\/revisions"}],"wp:featuredmedia":[{"embeddable":true,"href":"https:\/\/www.delideli.zoner.dev\/fin\/wp-json\/wp\/v2\/media\/139866"}],"wp:attachment":[{"href":"https:\/\/www.delideli.zoner.dev\/fin\/wp-json\/wp\/v2\/media?parent=141545"}],"wp:term":[{"taxonomy":"product_brand","embeddable":true,"href":"https:\/\/www.delideli.zoner.dev\/fin\/wp-json\/wp\/v2\/product_brand?post=141545"},{"taxonomy":"product_cat","embeddable":true,"href":"https:\/\/www.delideli.zoner.dev\/fin\/wp-json\/wp\/v2\/product_cat?post=141545"},{"taxonomy":"product_tag","embeddable":true,"href":"https:\/\/www.delideli.zoner.dev\/fin\/wp-json\/wp\/v2\/product_tag?post=141545"}],"curies":[{"name":"wp","href":"https:\/\/api.w.org\/{rel}","templated":true}]}}