{"id":141556,"date":"2021-08-27T09:28:51","date_gmt":"2021-08-27T09:28:51","guid":{"rendered":"https:\/\/www.delideli.zoner.dev\/tuote\/rommisuklaatanko-270g\/"},"modified":"2026-05-04T16:12:11","modified_gmt":"2026-05-04T16:12:11","slug":"rommisuklaatanko-270g","status":"publish","type":"product","link":"https:\/\/www.delideli.zoner.dev\/fin\/tuote\/rommisuklaatanko-270g\/","title":{"rendered":"Rommisuklaatanko 270g"},"content":{"rendered":"<p>D. Barbero on jo 1800-luvulla perustettu perheyritys, joka on erikoistunut perinteiseen torrone-nougat\u2019n ja suklaiden valmistamiseen. Tuotteissa k\u00e4ytet\u00e4\u00e4n paikallisia ja korkealaatuisia raaka-aineita, jotka tekev\u00e4t herkuista vastustamattomia.<br \/>\nRommisuklaatangossa yhdistyv\u00e4t valmistajan kaksi erityisosaamisaluetta: torrone-nougat ja suklaa. Nougat\u2019ssa on k\u00e4ytetty Piemonten kuuluisia kokonaisia hasselp\u00e4hkin\u00f6it\u00e4 ja suklaassa vain aitoa kaakaovoita eik\u00e4 lis\u00e4ttyj\u00e4 kasvirasvoja. Rommisuklaatanko ei sis\u00e4ll\u00e4 my\u00f6sk\u00e4\u00e4n mit\u00e4\u00e4n geenimanipuloituja (GMO) ainesosia.<\/p>\n","protected":false},"excerpt":{"rendered":"<p>Italialaisen D. Barberon rommisuklaatanko k\u00e4tkee sis\u00e4\u00e4ns\u00e4 torrone-nougat-syd\u00e4men, joka on kuorrutettu rommikermalik\u00f6\u00f6rill\u00e4 maustetulla suklaalla. Suklaaseen on lis\u00e4tty viel\u00e4 rusinoita ehk\u00e4isem\u00e4\u00e4n nougat\u2019n ja suklaan kuivumista.<\/p>\n","protected":false},"featured_media":139886,"comment_status":"open","ping_status":"open","template":"","meta":{"_acf_changed":false},"product_brand":[624],"product_cat":[680,708],"product_tag":[],"class_list":{"0":"post-141556","1":"product","2":"type-product","3":"status-publish","4":"has-post-thumbnail","6":"product_brand-d-barbero","7":"product_cat-makeat","8":"product_cat-suklaarasiat","9":"product_shipping_class-shipping-discount","10":"pa_alkuperamaa-italia","12":"first","13":"instock","14":"taxable","15":"shipping-taxable","16":"purchasable","17":"product-type-simple","swatches":"rey-swatches","show_selected":""},"acf":[],"_links":{"self":[{"href":"https:\/\/www.delideli.zoner.dev\/fin\/wp-json\/wp\/v2\/product\/141556","targetHints":{"allow":["GET"]}}],"collection":[{"href":"https:\/\/www.delideli.zoner.dev\/fin\/wp-json\/wp\/v2\/product"}],"about":[{"href":"https:\/\/www.delideli.zoner.dev\/fin\/wp-json\/wp\/v2\/types\/product"}],"replies":[{"embeddable":true,"href":"https:\/\/www.delideli.zoner.dev\/fin\/wp-json\/wp\/v2\/comments?post=141556"}],"version-history":[{"count":0,"href":"https:\/\/www.delideli.zoner.dev\/fin\/wp-json\/wp\/v2\/product\/141556\/revisions"}],"wp:featuredmedia":[{"embeddable":true,"href":"https:\/\/www.delideli.zoner.dev\/fin\/wp-json\/wp\/v2\/media\/139886"}],"wp:attachment":[{"href":"https:\/\/www.delideli.zoner.dev\/fin\/wp-json\/wp\/v2\/media?parent=141556"}],"wp:term":[{"taxonomy":"product_brand","embeddable":true,"href":"https:\/\/www.delideli.zoner.dev\/fin\/wp-json\/wp\/v2\/product_brand?post=141556"},{"taxonomy":"product_cat","embeddable":true,"href":"https:\/\/www.delideli.zoner.dev\/fin\/wp-json\/wp\/v2\/product_cat?post=141556"},{"taxonomy":"product_tag","embeddable":true,"href":"https:\/\/www.delideli.zoner.dev\/fin\/wp-json\/wp\/v2\/product_tag?post=141556"}],"curies":[{"name":"wp","href":"https:\/\/api.w.org\/{rel}","templated":true}]}}