{"id":141557,"date":"2021-09-04T10:20:52","date_gmt":"2021-09-04T10:20:52","guid":{"rendered":"https:\/\/www.delideli.zoner.dev\/tuote\/kofeiiniton-reilu-luomukahvi-250g-fi-eko-201-jauhettu\/"},"modified":"2026-05-04T16:12:11","modified_gmt":"2026-05-04T16:12:11","slug":"kofeiiniton-reilu-luomukahvi-250g-fi-eko-201-jauhettu","status":"publish","type":"product","link":"https:\/\/www.delideli.zoner.dev\/fin\/tuote\/kofeiiniton-reilu-luomukahvi-250g-fi-eko-201-jauhettu\/","title":{"rendered":"Kofeiiniton luomukahvi, jauhettu, Reilu kauppa 250 g"},"content":{"rendered":"<p>Ranskalaisen kahvipaahtimon Lobodis\u2019n kofeiinittoman kahvin sekoituksessa yhdistyv\u00e4t laadukkaat arabica-pavut paahtimon suosituimmilta viljelyalueilta Latinalaisesta Amerikasta. Kahvipavut tulevat 1 200 \u2013 1 300 metrin korkeudessa sijaitsevilta viljelyalueilta. Sekoituksessa k\u00e4ytetyt pavut on ker\u00e4tty k\u00e4sin sek\u00e4 pesty ja kuivattu auringossa.<br \/>\nK\u00e4ytt\u00f6: kahvinkeitin, mutteripannu, pressopannu, espressokone.<br \/>\nValmistus: 7\u201310 g tai 1 ruokalusikallinen jauhettua kahvia per kuppi.<br \/>\nPakkauksen koko: 250 g, 35 kuppia.<br \/>\nS\u00e4ilytys: avattu pakkaus suljettuna l\u00e4pin\u00e4kym\u00e4tt\u00f6m\u00e4ss\u00e4 ja ilmatiiviiss\u00e4 purkissa valolta suojattuna.<br \/>\nLajittelu: k\u00e4ytetyt kahvipurut voi kierr\u00e4tt\u00e4\u00e4 bioj\u00e4tteen\u00e4. Pakkaus h\u00e4vitet\u00e4\u00e4n poltettavien j\u00e4tteiden mukana.<\/p>\n","protected":false},"excerpt":{"rendered":"<p>Voimakkuus: 6\/12<br \/>\nAromit: hunaja ja kuivatut hedelm\u00e4t<br \/>\nLobodis\u2019n kofeiiniton luomukahvi  on luontaisesti kofeiiniton kahvi, jonka valmistuksessa ei ole k\u00e4ytetty liuotteita tai muita kemiallisia aineita. Maultaan kahvi on keskivahva, ja mukana on pient\u00e4 vivahteikkuutta. Sekoituksen arabica-kahvipavut on viljelty Latinalaisessa Amerikassa luomutuotantona sek\u00e4 vastuullisesti Reilun kaupan kriteerej\u00e4 noudattaen.<\/p>\n","protected":false},"featured_media":139888,"comment_status":"open","ping_status":"open","template":"","meta":{"_acf_changed":false},"product_brand":[640],"product_cat":[677,679,694,699],"product_tag":[174,175],"class_list":{"0":"post-141557","1":"product","2":"type-product","3":"status-publish","4":"has-post-thumbnail","6":"product_brand-lobodis","7":"product_cat-ajankohtaisia","8":"product_cat-juomat","9":"product_cat-kahvit","10":"product_cat-luomutuotteet","11":"product_tag-luomu","12":"product_tag-reilun-kauppa","13":"product_shipping_class-shipping-discount","14":"pa_alkuperamaa-ranska","15":"pa_ruokavalio-luomu","17":"first","18":"outofstock","19":"taxable","20":"shipping-taxable","21":"purchasable","22":"product-type-simple","swatches":"rey-swatches","show_selected":""},"acf":[],"_links":{"self":[{"href":"https:\/\/www.delideli.zoner.dev\/fin\/wp-json\/wp\/v2\/product\/141557","targetHints":{"allow":["GET"]}}],"collection":[{"href":"https:\/\/www.delideli.zoner.dev\/fin\/wp-json\/wp\/v2\/product"}],"about":[{"href":"https:\/\/www.delideli.zoner.dev\/fin\/wp-json\/wp\/v2\/types\/product"}],"replies":[{"embeddable":true,"href":"https:\/\/www.delideli.zoner.dev\/fin\/wp-json\/wp\/v2\/comments?post=141557"}],"version-history":[{"count":0,"href":"https:\/\/www.delideli.zoner.dev\/fin\/wp-json\/wp\/v2\/product\/141557\/revisions"}],"wp:featuredmedia":[{"embeddable":true,"href":"https:\/\/www.delideli.zoner.dev\/fin\/wp-json\/wp\/v2\/media\/139888"}],"wp:attachment":[{"href":"https:\/\/www.delideli.zoner.dev\/fin\/wp-json\/wp\/v2\/media?parent=141557"}],"wp:term":[{"taxonomy":"product_brand","embeddable":true,"href":"https:\/\/www.delideli.zoner.dev\/fin\/wp-json\/wp\/v2\/product_brand?post=141557"},{"taxonomy":"product_cat","embeddable":true,"href":"https:\/\/www.delideli.zoner.dev\/fin\/wp-json\/wp\/v2\/product_cat?post=141557"},{"taxonomy":"product_tag","embeddable":true,"href":"https:\/\/www.delideli.zoner.dev\/fin\/wp-json\/wp\/v2\/product_tag?post=141557"}],"curies":[{"name":"wp","href":"https:\/\/api.w.org\/{rel}","templated":true}]}}