{"id":141563,"date":"2021-10-22T13:44:30","date_gmt":"2021-10-22T13:44:30","guid":{"rendered":"https:\/\/www.delideli.zoner.dev\/tuote\/luomuherne-extra-fins-2x190g\/"},"modified":"2026-05-04T16:12:19","modified_gmt":"2026-05-04T16:12:19","slug":"luomuherne-extra-fins-2x190g","status":"publish","type":"product","link":"https:\/\/www.delideli.zoner.dev\/fin\/tuote\/luomuherne-extra-fins-2x190g\/","title":{"rendered":"Luomuherne extra fins 2x190g FI-EKO-201"},"content":{"rendered":"<p>Ranskalaisen Maison ProSainin s\u00e4il\u00f6tyt herneet valmistetaan vain valikoiduista ja parhaimmista luomuherneist\u00e4. Tarkkaan kontrolloitu ja oikeanpituinen keittoaika takaa herneiden pehme\u00e4n koostumuksen ja alkuper\u00e4isen maun. Herneiden s\u00e4il\u00f6nn\u00e4n viimeistelee keittoliemi, joka on maustettu vihanneksilla ja merisuolalla.<\/p>\n","protected":false},"excerpt":{"rendered":"<p>Maison ProSainin s\u00e4il\u00f6tyt herneet on valmistettu parhaista luomuherneist\u00e4 ja huolellisesti keitt\u00e4en maustetussa keittoliemess\u00e4. Voit vain l\u00e4mmitt\u00e4\u00e4 herneet, ja ne ovat valmis lisuke. S\u00e4il\u00f6tyt herneet sopivat erinomaisesti my\u00f6s ruoanlaittoon, esimerkiksi hernesosekeittoon.<\/p>\n","protected":false},"featured_media":139900,"comment_status":"open","ping_status":"open","template":"","meta":{"_acf_changed":false},"product_brand":[650],"product_cat":[677,699,676,701],"product_tag":[174],"class_list":{"0":"post-141563","1":"product","2":"type-product","3":"status-publish","4":"has-post-thumbnail","6":"product_brand-prosain","7":"product_cat-ajankohtaisia","8":"product_cat-luomutuotteet","9":"product_cat-suolaiset","10":"product_cat-vihannekset","11":"product_tag-luomu","12":"product_shipping_class-shipping-discount","13":"pa_alkuperamaa-ranska","14":"pa_ruokavalio-luomu","16":"first","17":"instock","18":"taxable","19":"shipping-taxable","20":"purchasable","21":"product-type-simple","swatches":"rey-swatches","show_selected":""},"acf":[],"_links":{"self":[{"href":"https:\/\/www.delideli.zoner.dev\/fin\/wp-json\/wp\/v2\/product\/141563","targetHints":{"allow":["GET"]}}],"collection":[{"href":"https:\/\/www.delideli.zoner.dev\/fin\/wp-json\/wp\/v2\/product"}],"about":[{"href":"https:\/\/www.delideli.zoner.dev\/fin\/wp-json\/wp\/v2\/types\/product"}],"replies":[{"embeddable":true,"href":"https:\/\/www.delideli.zoner.dev\/fin\/wp-json\/wp\/v2\/comments?post=141563"}],"version-history":[{"count":0,"href":"https:\/\/www.delideli.zoner.dev\/fin\/wp-json\/wp\/v2\/product\/141563\/revisions"}],"wp:featuredmedia":[{"embeddable":true,"href":"https:\/\/www.delideli.zoner.dev\/fin\/wp-json\/wp\/v2\/media\/139900"}],"wp:attachment":[{"href":"https:\/\/www.delideli.zoner.dev\/fin\/wp-json\/wp\/v2\/media?parent=141563"}],"wp:term":[{"taxonomy":"product_brand","embeddable":true,"href":"https:\/\/www.delideli.zoner.dev\/fin\/wp-json\/wp\/v2\/product_brand?post=141563"},{"taxonomy":"product_cat","embeddable":true,"href":"https:\/\/www.delideli.zoner.dev\/fin\/wp-json\/wp\/v2\/product_cat?post=141563"},{"taxonomy":"product_tag","embeddable":true,"href":"https:\/\/www.delideli.zoner.dev\/fin\/wp-json\/wp\/v2\/product_tag?post=141563"}],"curies":[{"name":"wp","href":"https:\/\/api.w.org\/{rel}","templated":true}]}}