{"id":141565,"date":"2021-11-02T17:36:08","date_gmt":"2021-11-02T17:36:08","guid":{"rendered":"https:\/\/www.delideli.zoner.dev\/tuote\/delidelin-lahjakortti-paperinen-printti\/"},"modified":"2026-05-04T16:12:21","modified_gmt":"2026-05-04T16:12:21","slug":"delidelin-lahjakortti-paperinen-printti","status":"publish","type":"product","link":"https:\/\/www.delideli.zoner.dev\/fin\/tuote\/delidelin-lahjakortti-paperinen-printti\/","title":{"rendered":"DeliDelin Lahjakortti -Paperinen printti"},"content":{"rendered":"","protected":false},"excerpt":{"rendered":"<p>T\u00e4m\u00e4n lahjakortin l\u00e4het\u00e4mme Postin kautta. Lahjakortti k\u00e4y DeliDeli:n liikkeiss\u00e4 tai verkkokauppassa. Lahjakorttia ei voi vaihtaa rahaksi<\/p>\n","protected":false},"featured_media":138876,"comment_status":"open","ping_status":"open","template":"","meta":{"_acf_changed":false},"product_brand":[625],"product_cat":[686,727],"product_tag":[201,182,193,202,203],"class_list":{"0":"post-141565","1":"product","2":"type-product","3":"status-publish","4":"has-post-thumbnail","6":"product_brand-delideli","7":"product_cat-lahjakortit","8":"product_cat-lahjaksi","9":"product_tag-joululahja","10":"product_tag-lahja","11":"product_tag-lahjaidea","12":"product_tag-lahjakortti","13":"product_tag-ystavanpaivakortti","14":"product_shipping_class-lahjakortti","15":"pa_alkuperamaa-ranska","17":"first","18":"instock","19":"taxable","20":"shipping-taxable","21":"product-type-simple","swatches":"rey-swatches","show_selected":""},"acf":[],"_links":{"self":[{"href":"https:\/\/www.delideli.zoner.dev\/fin\/wp-json\/wp\/v2\/product\/141565","targetHints":{"allow":["GET"]}}],"collection":[{"href":"https:\/\/www.delideli.zoner.dev\/fin\/wp-json\/wp\/v2\/product"}],"about":[{"href":"https:\/\/www.delideli.zoner.dev\/fin\/wp-json\/wp\/v2\/types\/product"}],"replies":[{"embeddable":true,"href":"https:\/\/www.delideli.zoner.dev\/fin\/wp-json\/wp\/v2\/comments?post=141565"}],"version-history":[{"count":0,"href":"https:\/\/www.delideli.zoner.dev\/fin\/wp-json\/wp\/v2\/product\/141565\/revisions"}],"wp:featuredmedia":[{"embeddable":true,"href":"https:\/\/www.delideli.zoner.dev\/fin\/wp-json\/wp\/v2\/media\/138876"}],"wp:attachment":[{"href":"https:\/\/www.delideli.zoner.dev\/fin\/wp-json\/wp\/v2\/media?parent=141565"}],"wp:term":[{"taxonomy":"product_brand","embeddable":true,"href":"https:\/\/www.delideli.zoner.dev\/fin\/wp-json\/wp\/v2\/product_brand?post=141565"},{"taxonomy":"product_cat","embeddable":true,"href":"https:\/\/www.delideli.zoner.dev\/fin\/wp-json\/wp\/v2\/product_cat?post=141565"},{"taxonomy":"product_tag","embeddable":true,"href":"https:\/\/www.delideli.zoner.dev\/fin\/wp-json\/wp\/v2\/product_tag?post=141565"}],"curies":[{"name":"wp","href":"https:\/\/api.w.org\/{rel}","templated":true}]}}