{"id":141579,"date":"2021-12-03T14:20:29","date_gmt":"2021-12-03T14:20:29","guid":{"rendered":"https:\/\/www.delideli.zoner.dev\/tuote\/ragu-luomu-vegaani-pastakastike-300g\/"},"modified":"2026-05-04T16:12:36","modified_gmt":"2026-05-04T16:12:36","slug":"ragu-luomu-vegaani-pastakastike-300g","status":"publish","type":"product","link":"https:\/\/www.delideli.zoner.dev\/fin\/tuote\/ragu-luomu-vegaani-pastakastike-300g\/","title":{"rendered":"Ragu-pastakastike, luomu, vegaaninen 300 g"},"content":{"rendered":"<p>Mariangela Prunotton viljelysalueet ja tuotantotilat sijaitsevat Langhen alueella Albassa, joka on tunnettu maanviljelyksest\u00e4 ja viinitiloistaan. Mariangela Prunottolla on otettu k\u00e4ytt\u00f6\u00f6n jo vuosia sitten kest\u00e4v\u00e4\u00e4n luomuviljelyyn keskittyv\u00e4 viljelystapa, joka tuottaa laadukkaita ja ilman kemiallisia myrkkyj\u00e4 viljeltyj\u00e4 kasviksia.<br \/>\nLopulliset tuotteet valmistetaan tarkkaan valituista kasviksista k\u00e4sity\u00f6n\u00e4 perinteisill\u00e4 resepteill\u00e4. Poimimisen j\u00e4lkeen kasvikset vied\u00e4\u00e4n nopeasti jatkojalostettavaksi, jotta niiden kaikki aromit ja koostumus s\u00e4ilyv\u00e4t valmiiseen tuotteeseen asti.<br \/>\nVegaaninen luomu-ragu-pastakastike on energiapitoisuudeltaan kevyt, mutta t\u00e4ynn\u00e4 italialaisen keitti\u00f6n makuja.<\/p>\n","protected":false},"excerpt":{"rendered":"<p>Italialaisen Mariangelo Prunotton ragu-pastakastike on korkealaatuisista luomukasviksista valmistettu pastakastike, joka on t\u00e4ysin vegaaninen. Se on t\u00e4ynn\u00e4 tuoreiden italialaisten luomutomaattien makua h\u00f6ystettyn\u00e4 modenalaisella balsamicolla. Kastikkeen lis\u00e4ksi tarvitset en\u00e4\u00e4 pastan!<\/p>\n","protected":false},"featured_media":138955,"comment_status":"open","ping_status":"open","template":"","meta":{"_acf_changed":false},"product_brand":[645],"product_cat":[677,688,699,676,748,701],"product_tag":[174,200],"class_list":{"0":"post-141579","1":"product","2":"type-product","3":"status-publish","4":"has-post-thumbnail","6":"product_brand-mariangela-prunotto","7":"product_cat-ajankohtaisia","8":"product_cat-kastikkeet","9":"product_cat-luomutuotteet","10":"product_cat-suolaiset","11":"product_cat-tomaatit-osasto","12":"product_cat-vihannekset","13":"product_tag-luomu","14":"product_tag-vegaani","15":"product_shipping_class-shipping-discount","16":"pa_alkuperamaa-italia","17":"pa_ruokavalio-luomu","18":"pa_ruokavalio-vegaanituote","20":"first","21":"instock","22":"taxable","23":"shipping-taxable","24":"purchasable","25":"product-type-simple","swatches":"rey-swatches","show_selected":""},"acf":[],"_links":{"self":[{"href":"https:\/\/www.delideli.zoner.dev\/fin\/wp-json\/wp\/v2\/product\/141579","targetHints":{"allow":["GET"]}}],"collection":[{"href":"https:\/\/www.delideli.zoner.dev\/fin\/wp-json\/wp\/v2\/product"}],"about":[{"href":"https:\/\/www.delideli.zoner.dev\/fin\/wp-json\/wp\/v2\/types\/product"}],"replies":[{"embeddable":true,"href":"https:\/\/www.delideli.zoner.dev\/fin\/wp-json\/wp\/v2\/comments?post=141579"}],"version-history":[{"count":0,"href":"https:\/\/www.delideli.zoner.dev\/fin\/wp-json\/wp\/v2\/product\/141579\/revisions"}],"wp:featuredmedia":[{"embeddable":true,"href":"https:\/\/www.delideli.zoner.dev\/fin\/wp-json\/wp\/v2\/media\/138955"}],"wp:attachment":[{"href":"https:\/\/www.delideli.zoner.dev\/fin\/wp-json\/wp\/v2\/media?parent=141579"}],"wp:term":[{"taxonomy":"product_brand","embeddable":true,"href":"https:\/\/www.delideli.zoner.dev\/fin\/wp-json\/wp\/v2\/product_brand?post=141579"},{"taxonomy":"product_cat","embeddable":true,"href":"https:\/\/www.delideli.zoner.dev\/fin\/wp-json\/wp\/v2\/product_cat?post=141579"},{"taxonomy":"product_tag","embeddable":true,"href":"https:\/\/www.delideli.zoner.dev\/fin\/wp-json\/wp\/v2\/product_tag?post=141579"}],"curies":[{"name":"wp","href":"https:\/\/api.w.org\/{rel}","templated":true}]}}