{"id":141585,"date":"2021-12-18T17:59:00","date_gmt":"2021-12-18T17:59:00","guid":{"rendered":"https:\/\/www.delideli.zoner.dev\/tuote\/aceto-balsamico-di-modena-igp-sigillo-bordeaux-250-ml\/"},"modified":"2026-05-04T16:12:44","modified_gmt":"2026-05-04T16:12:44","slug":"aceto-balsamico-di-modena-igp-sigillo-bordeaux-250-ml","status":"publish","type":"product","link":"https:\/\/www.delideli.zoner.dev\/fin\/tuote\/aceto-balsamico-di-modena-igp-sigillo-bordeaux-250-ml\/","title":{"rendered":"Aceto Balsamico di Modena IGP, Sigillo Bordeaux 250 ml"},"content":{"rendered":"<p>Sigillo Bordeaux -balsamico kehitt\u00e4\u00e4 monisyisen ja makean makunsa puutynnyreiss\u00e4 kypsyess\u00e4\u00e4n, mik\u00e4 rikastuttaa aromien kirjoa. Balsamico on gluteeniton, eik\u00e4 se sis\u00e4ll\u00e4 sulfiitteja, lis\u00e4aineita tai v\u00e4riaineita. La Bonissiman balsamicot valmistaa modenalainen De Pietrin perheyritys, joka aloitti toimintansa jo 1900-luvun alussa<\/p>\n","protected":false},"excerpt":{"rendered":"<p>Modenalaisen Acetaia La Bonissiman Sigillo Bordeaux -balsamico on t\u00e4ytt\u00e4 moniulotteisia ja ainutlaatuisia aromeja, jotka syntyv\u00e4t hitaan k\u00e4ymisprosessin aikana De Pietri -perheen puutynnyreiss\u00e4. Sen siirappimainen koostumus sopii t\u00e4ydellisesti leikkeleille, maalaistyylisille salaateille tai mit\u00e4 luovimmille annoksille.<\/p>\n","protected":false},"featured_media":138959,"comment_status":"open","ping_status":"open","template":"","meta":{"_acf_changed":false},"product_brand":[633],"product_cat":[730,678],"product_tag":[],"class_list":{"0":"post-141585","1":"product","2":"type-product","3":"status-publish","4":"has-post-thumbnail","6":"product_brand-la-bonissima","7":"product_cat-balsamicot","8":"product_cat-oljyt-etikat","9":"product_shipping_class-shipping-discount","10":"pa_alkuperamaa-italia","12":"first","13":"outofstock","14":"taxable","15":"shipping-taxable","16":"purchasable","17":"product-type-simple","swatches":"rey-swatches","show_selected":""},"acf":[],"_links":{"self":[{"href":"https:\/\/www.delideli.zoner.dev\/fin\/wp-json\/wp\/v2\/product\/141585","targetHints":{"allow":["GET"]}}],"collection":[{"href":"https:\/\/www.delideli.zoner.dev\/fin\/wp-json\/wp\/v2\/product"}],"about":[{"href":"https:\/\/www.delideli.zoner.dev\/fin\/wp-json\/wp\/v2\/types\/product"}],"replies":[{"embeddable":true,"href":"https:\/\/www.delideli.zoner.dev\/fin\/wp-json\/wp\/v2\/comments?post=141585"}],"version-history":[{"count":0,"href":"https:\/\/www.delideli.zoner.dev\/fin\/wp-json\/wp\/v2\/product\/141585\/revisions"}],"wp:featuredmedia":[{"embeddable":true,"href":"https:\/\/www.delideli.zoner.dev\/fin\/wp-json\/wp\/v2\/media\/138959"}],"wp:attachment":[{"href":"https:\/\/www.delideli.zoner.dev\/fin\/wp-json\/wp\/v2\/media?parent=141585"}],"wp:term":[{"taxonomy":"product_brand","embeddable":true,"href":"https:\/\/www.delideli.zoner.dev\/fin\/wp-json\/wp\/v2\/product_brand?post=141585"},{"taxonomy":"product_cat","embeddable":true,"href":"https:\/\/www.delideli.zoner.dev\/fin\/wp-json\/wp\/v2\/product_cat?post=141585"},{"taxonomy":"product_tag","embeddable":true,"href":"https:\/\/www.delideli.zoner.dev\/fin\/wp-json\/wp\/v2\/product_tag?post=141585"}],"curies":[{"name":"wp","href":"https:\/\/api.w.org\/{rel}","templated":true}]}}