{"id":141588,"date":"2022-01-15T14:24:57","date_gmt":"2022-01-15T14:24:57","guid":{"rendered":"https:\/\/www.delideli.zoner.dev\/tuote\/crunchy-mysli-karpalo-mustikka-ja-vadelma\/"},"modified":"2026-05-04T16:12:44","modified_gmt":"2026-05-04T16:12:44","slug":"crunchy-mysli-karpalo-mustikka-ja-vadelma","status":"publish","type":"product","link":"https:\/\/www.delideli.zoner.dev\/fin\/tuote\/crunchy-mysli-karpalo-mustikka-ja-vadelma\/","title":{"rendered":"Crunchy mysli, karpalo mustikka ja vadelma 450 g"},"content":{"rendered":"<p>Ranskalainen Favrichon valmistaa erilaisia luomutuotteita, joiden ainesosien viljelyss\u00e4 ei ole k\u00e4ytetty lainkaan kemiallisia aineita. Karpalolla, mustikalla ja vadelmalla maustetussa crunchy mysliss\u00e4 yhdistyv\u00e4t rapeat viljahiutaleet herkullisiin marjoihin. Herkullisen maun salaisuus on karpalomehulla maustettu vilja, mik\u00e4 tekee myslist\u00e4 entist\u00e4kin maukkaampaa.<br \/>\nMysli on luonnostaan kuitupitoinen ja sis\u00e4lt\u00e4\u00e4 runsaasti magnesiumia. Siin\u00e4 on k\u00e4ytetty suurimmaksi osaksi kauraa, joka on vatsayst\u00e4v\u00e4llinen ja terveellinen vilja. Mysli ei sis\u00e4ll\u00e4 lainkaan keinotekoisia maku-, v\u00e4ri- ja s\u00e4il\u00f6nt\u00e4aineita tai palmu\u00f6ljy\u00e4.<br \/>\nMysli saattaa sis\u00e4lt\u00e4\u00e4 j\u00e4\u00e4mi\u00e4 maidosta, seesaminsiemenist\u00e4, soijasta ja p\u00e4hkin\u00f6ist\u00e4.<\/p>\n","protected":false},"excerpt":{"rendered":"<p>Favrichonin karpalolla, mustikalla ja vadelmalla maustettu luomu crunchy mysli on helppo ja terveellinen startti p\u00e4iv\u00e4\u00e4n. Aitojen marjojen lis\u00e4ksi se sis\u00e4lt\u00e4\u00e4 kuitupitoista t\u00e4ysjyv\u00e4viljaa. Mutta ei lainkaan keinotekoisia aineita!<\/p>\n","protected":false},"featured_media":138963,"comment_status":"open","ping_status":"open","template":"","meta":{"_acf_changed":false},"product_brand":[650],"product_cat":[677,682,699,761],"product_tag":[174],"class_list":{"0":"post-141588","1":"product","2":"type-product","3":"status-publish","4":"has-post-thumbnail","6":"product_brand-prosain","7":"product_cat-ajankohtaisia","8":"product_cat-kuivatuotteet","9":"product_cat-luomutuotteet","10":"product_cat-myslit","11":"product_tag-luomu","12":"product_shipping_class-shipping-discount","13":"pa_alkuperamaa-ranska","14":"pa_ruokavalio-luomu","16":"first","17":"instock","18":"taxable","19":"shipping-taxable","20":"purchasable","21":"product-type-simple","swatches":"rey-swatches","show_selected":""},"acf":[],"_links":{"self":[{"href":"https:\/\/www.delideli.zoner.dev\/fin\/wp-json\/wp\/v2\/product\/141588","targetHints":{"allow":["GET"]}}],"collection":[{"href":"https:\/\/www.delideli.zoner.dev\/fin\/wp-json\/wp\/v2\/product"}],"about":[{"href":"https:\/\/www.delideli.zoner.dev\/fin\/wp-json\/wp\/v2\/types\/product"}],"replies":[{"embeddable":true,"href":"https:\/\/www.delideli.zoner.dev\/fin\/wp-json\/wp\/v2\/comments?post=141588"}],"version-history":[{"count":0,"href":"https:\/\/www.delideli.zoner.dev\/fin\/wp-json\/wp\/v2\/product\/141588\/revisions"}],"wp:featuredmedia":[{"embeddable":true,"href":"https:\/\/www.delideli.zoner.dev\/fin\/wp-json\/wp\/v2\/media\/138963"}],"wp:attachment":[{"href":"https:\/\/www.delideli.zoner.dev\/fin\/wp-json\/wp\/v2\/media?parent=141588"}],"wp:term":[{"taxonomy":"product_brand","embeddable":true,"href":"https:\/\/www.delideli.zoner.dev\/fin\/wp-json\/wp\/v2\/product_brand?post=141588"},{"taxonomy":"product_cat","embeddable":true,"href":"https:\/\/www.delideli.zoner.dev\/fin\/wp-json\/wp\/v2\/product_cat?post=141588"},{"taxonomy":"product_tag","embeddable":true,"href":"https:\/\/www.delideli.zoner.dev\/fin\/wp-json\/wp\/v2\/product_tag?post=141588"}],"curies":[{"name":"wp","href":"https:\/\/api.w.org\/{rel}","templated":true}]}}