{"id":141593,"date":"2022-03-11T15:40:30","date_gmt":"2022-03-11T15:40:30","guid":{"rendered":"https:\/\/www.delideli.zoner.dev\/tuote\/vuohenjuustotahna-maustettu-savustetuilla-paprikan-hiutaleita-110g\/"},"modified":"2026-05-04T16:12:49","modified_gmt":"2026-05-04T16:12:49","slug":"vuohenjuustotahna-maustettu-savustetuilla-paprikan-hiutaleita-110g","status":"publish","type":"product","link":"https:\/\/www.delideli.zoner.dev\/fin\/tuote\/vuohenjuustotahna-maustettu-savustetuilla-paprikan-hiutaleita-110g\/","title":{"rendered":"Savustetulla paprikalla maustettu vuohenjuustotahna 110 g"},"content":{"rendered":"<p>Espanjalaisen Finca la Barcan savustetulla paprikalla maustettu vuohenjuustotahna on valmistettu vain parhaimmista raaka-aineista ilman keinotekoisia aromeja tai s\u00e4il\u00f6nt\u00e4aineita. Herkuttele paahdetun vaalean leiv\u00e4n kera tai kokeile kastikkeessa lihalle tai pastalle.<br \/>\nEi sis\u00e4ll\u00e4 gluteenia. Avaamisen j\u00e4lkeen s\u00e4ilytett\u00e4v\u00e4 j\u00e4\u00e4kaapissa ja k\u00e4ytett\u00e4v\u00e4 7 p\u00e4iv\u00e4n kuluessa.<\/p>\n","protected":false},"excerpt":{"rendered":"<p>Finca la Barcan savustetulla paprikalla maustetussa vuohenjuustotahnassa yhdistyy herkullinen vuohenjuusto Finca la Barcan omaan erikoisuuteen, savustettuihin paprikahiutaleisiin. Sile\u00e4sti levittyv\u00e4 tahna sopii erinomaisesti paahtoleiv\u00e4lle sek\u00e4 erilaisten kastikkeiden pohjaksi. Yhdist\u00e4 levite lempit\u00e4ytteisiisi ja luo herkullisia suolaisia suupaloja!<\/p>\n","protected":false},"featured_media":138971,"comment_status":"open","ping_status":"open","template":"","meta":{"_acf_changed":false},"product_brand":[628],"product_cat":[677,718,764,676],"product_tag":[],"class_list":{"0":"post-141593","1":"product","2":"type-product","3":"status-publish","4":"has-post-thumbnail","6":"product_brand-finca-la-barca","7":"product_cat-ajankohtaisia","8":"product_cat-levitteet","9":"product_cat-paella","10":"product_cat-suolaiset","11":"product_shipping_class-shipping-discount","12":"pa_alkuperamaa-espanja","14":"first","15":"instock","16":"taxable","17":"shipping-taxable","18":"purchasable","19":"product-type-simple","swatches":"rey-swatches","show_selected":""},"acf":[],"_links":{"self":[{"href":"https:\/\/www.delideli.zoner.dev\/fin\/wp-json\/wp\/v2\/product\/141593","targetHints":{"allow":["GET"]}}],"collection":[{"href":"https:\/\/www.delideli.zoner.dev\/fin\/wp-json\/wp\/v2\/product"}],"about":[{"href":"https:\/\/www.delideli.zoner.dev\/fin\/wp-json\/wp\/v2\/types\/product"}],"replies":[{"embeddable":true,"href":"https:\/\/www.delideli.zoner.dev\/fin\/wp-json\/wp\/v2\/comments?post=141593"}],"version-history":[{"count":0,"href":"https:\/\/www.delideli.zoner.dev\/fin\/wp-json\/wp\/v2\/product\/141593\/revisions"}],"wp:featuredmedia":[{"embeddable":true,"href":"https:\/\/www.delideli.zoner.dev\/fin\/wp-json\/wp\/v2\/media\/138971"}],"wp:attachment":[{"href":"https:\/\/www.delideli.zoner.dev\/fin\/wp-json\/wp\/v2\/media?parent=141593"}],"wp:term":[{"taxonomy":"product_brand","embeddable":true,"href":"https:\/\/www.delideli.zoner.dev\/fin\/wp-json\/wp\/v2\/product_brand?post=141593"},{"taxonomy":"product_cat","embeddable":true,"href":"https:\/\/www.delideli.zoner.dev\/fin\/wp-json\/wp\/v2\/product_cat?post=141593"},{"taxonomy":"product_tag","embeddable":true,"href":"https:\/\/www.delideli.zoner.dev\/fin\/wp-json\/wp\/v2\/product_tag?post=141593"}],"curies":[{"name":"wp","href":"https:\/\/api.w.org\/{rel}","templated":true}]}}