{"id":141595,"date":"2022-03-12T08:49:07","date_gmt":"2022-03-12T08:49:07","guid":{"rendered":"https:\/\/www.delideli.zoner.dev\/tuote\/iberian-possupate-maustettu-savustetulla-paprikalla-110g\/"},"modified":"2026-05-04T16:12:50","modified_gmt":"2026-05-04T16:12:50","slug":"iberian-possupate-maustettu-savustetulla-paprikalla-110g","status":"publish","type":"product","link":"https:\/\/www.delideli.zoner.dev\/fin\/tuote\/iberian-possupate-maustettu-savustetulla-paprikalla-110g\/","title":{"rendered":"Savustetulla paprikalla maustettu Iberian porsas patee 110 g"},"content":{"rendered":"<p>Finca la Barcan savustetulla paprikalla maustettu Iberian-porsas-patee yhdistelee kahta Extremaduran alueelle tyypillist\u00e4 ja arvostettua herkkua: Iberian-porsaan lihaa ja alkuper\u00e4issertifioitua Veran alueen savustettua paprikaa. Se sis\u00e4lt\u00e4\u00e4 vain luonnollisia makuja ja ainesosia.<br \/>\nHerkuttele levitett\u00e4 Rega\u00f1\u00e1s-kekseill\u00e4, grissineill\u00e4 dippaillen tai paahdetulla leiv\u00e4ll\u00e4. Patee sopii my\u00f6s hyvin kastikkeisiin vihanneksille, pastalle, lihalle tai perunoille.<br \/>\nEi sis\u00e4ll\u00e4 gluteenia. Avaamisen j\u00e4lkeen s\u00e4ilytett\u00e4v\u00e4 j\u00e4\u00e4kaapissa ja k\u00e4ytett\u00e4v\u00e4 7 p\u00e4iv\u00e4n kuluessa.<\/p>\n","protected":false},"excerpt":{"rendered":"<p>Espanjalaisen Finca la Barcan savustetulla paprikalla maustettu Iberian-porsas-patee on pehme\u00e4n sile\u00e4 ja levittyv\u00e4 patee Iberian-porsaan parhaista lihoista. Levitteen kruunaa Finca la Barcan oma erikoisuus, savustettu paprika. T\u00e4ss\u00e4 pateessa yhdistyv\u00e4t Extremaduran parhaat maut!<\/p>\n","protected":false},"featured_media":138975,"comment_status":"open","ping_status":"open","template":"","meta":{"_acf_changed":false},"product_brand":[628],"product_cat":[677,729,764,676],"product_tag":[],"class_list":{"0":"post-141595","1":"product","2":"type-product","3":"status-publish","4":"has-post-thumbnail","6":"product_brand-finca-la-barca","7":"product_cat-ajankohtaisia","8":"product_cat-lihatuotteet","9":"product_cat-paella","10":"product_cat-suolaiset","11":"product_shipping_class-shipping-discount","12":"pa_alkuperamaa-espanja","14":"first","15":"instock","16":"taxable","17":"shipping-taxable","18":"purchasable","19":"product-type-simple","swatches":"rey-swatches","show_selected":""},"acf":[],"_links":{"self":[{"href":"https:\/\/www.delideli.zoner.dev\/fin\/wp-json\/wp\/v2\/product\/141595","targetHints":{"allow":["GET"]}}],"collection":[{"href":"https:\/\/www.delideli.zoner.dev\/fin\/wp-json\/wp\/v2\/product"}],"about":[{"href":"https:\/\/www.delideli.zoner.dev\/fin\/wp-json\/wp\/v2\/types\/product"}],"replies":[{"embeddable":true,"href":"https:\/\/www.delideli.zoner.dev\/fin\/wp-json\/wp\/v2\/comments?post=141595"}],"version-history":[{"count":0,"href":"https:\/\/www.delideli.zoner.dev\/fin\/wp-json\/wp\/v2\/product\/141595\/revisions"}],"wp:featuredmedia":[{"embeddable":true,"href":"https:\/\/www.delideli.zoner.dev\/fin\/wp-json\/wp\/v2\/media\/138975"}],"wp:attachment":[{"href":"https:\/\/www.delideli.zoner.dev\/fin\/wp-json\/wp\/v2\/media?parent=141595"}],"wp:term":[{"taxonomy":"product_brand","embeddable":true,"href":"https:\/\/www.delideli.zoner.dev\/fin\/wp-json\/wp\/v2\/product_brand?post=141595"},{"taxonomy":"product_cat","embeddable":true,"href":"https:\/\/www.delideli.zoner.dev\/fin\/wp-json\/wp\/v2\/product_cat?post=141595"},{"taxonomy":"product_tag","embeddable":true,"href":"https:\/\/www.delideli.zoner.dev\/fin\/wp-json\/wp\/v2\/product_tag?post=141595"}],"curies":[{"name":"wp","href":"https:\/\/api.w.org\/{rel}","templated":true}]}}