{"id":141602,"date":"2022-04-05T06:05:10","date_gmt":"2022-04-05T06:05:10","guid":{"rendered":"https:\/\/www.delideli.zoner.dev\/tuote\/alziari-ekstra-neitsytoliivioljy-2l\/"},"modified":"2026-05-04T16:12:53","modified_gmt":"2026-05-04T16:12:53","slug":"alziari-ekstra-neitsytoliivioljy-2l","status":"publish","type":"product","link":"https:\/\/www.delideli.zoner.dev\/fin\/tuote\/alziari-ekstra-neitsytoliivioljy-2l\/","title":{"rendered":"Ekstraneitsytoliivi\u00f6ljy, Cuv\u00e9e Prestige, La Maison Alziari 2 l"},"content":{"rendered":"<p>Yli sadan vuoden ajan La Maison Alziari on valmistanut t\u00e4t\u00e4 \u201dgrand cru\u201d -ekstraneitsytoliivi\u00f6ljy\u00e4 tarkkaan valituista ja kyps\u00e4n\u00e4 hienovaraisesti ker\u00e4tyist\u00e4 oliiveista. Euroopan parhailta alueilta ker\u00e4ttyjen oliivien lajikkeet ovat olleet talon varjeltu salaisuus. Oliivit kylm\u00e4puristetaan menetelm\u00e4ll\u00e4, jossa \u00f6ljyn l\u00e4mp\u00f6tila ei nouse yli 27 asteen. Kypsin\u00e4 ker\u00e4tyt oliivit tuovat \u00f6ljyyn uniikin pehme\u00e4n ja hedelm\u00e4isen maun happopitoisuuden ollen alle 0,3 %.<br \/>\n\u00d6ljyn v\u00e4ri on l\u00e4mpim\u00e4n kultainen, ja tuoksussa on selke\u00e4\u00e4 mantelia. Hedelm\u00e4isest\u00e4 mausta voi erottaa kevyen mangon aromeja sek\u00e4 h\u00e4iv\u00e4hdyksen artisokkaa ja hasselp\u00e4hkin\u00e4\u00e4. Kypsent\u00e4ess\u00e4 esille nousee viel\u00e4 tuoreen mantelin aromi.<br \/>\nCuv\u00e9e Prestige -oliivi\u00f6ljy s\u00e4ilyy hyvin metallisessa purkissaan, joka suojaa \u00f6ljy\u00e4 niin valolta kuin kuljetuksen t\u00f6yssyilt\u00e4. Purkista ei kuitenkaan irtoa mink\u00e4\u00e4nlaista metallista makua itse \u00f6ljyyn. Kuten laadukkaat viinitkin, oliivi\u00f6ljyt eiv\u00e4t pid\u00e4 l\u00e4mp\u00f6tilojen vaihtelusta. T\u00e4m\u00e4n takia \u00f6ljy\u00e4 kannattaa s\u00e4ilytt\u00e4\u00e4 kaapissa sis\u00e4ll\u00e4 tai ainakin kauempana ikkunasta.<br \/>\nNyt sinullakin on mahdollisuus hankkia mestarikeitti\u00f6mestarien suosima oliivi\u00f6ljy kotiisi!<\/p>\n","protected":false},"excerpt":{"rendered":"<p>La Maison Alziarin huippulaadukas Cuv\u00e9e Prestige -ekstraneitsytoliivi\u00f6ljy on Euroopan parhailta alueilta ker\u00e4tyist\u00e4 oliiveista kylm\u00e4puristettu \u201dgrand cru\u201d -oliivi\u00f6ljy. Eri lajikkeiden oliivit ker\u00e4t\u00e4\u00e4n varmasti kypsin\u00e4, mik\u00e4 luo \u00f6ljylle sen ainutlaatuisen hedelm\u00e4isen maun. \u00d6ljyn hienot ja pehme\u00e4t aromit sopivat maustamaan niin salaatit kuin kypsennetyt ruoat.<\/p>\n","protected":false},"featured_media":138979,"comment_status":"open","ping_status":"open","template":"","meta":{"_acf_changed":false},"product_brand":[634],"product_cat":[677,753,691,678],"product_tag":[185,177],"class_list":{"0":"post-141602","1":"product","2":"type-product","3":"status-publish","4":"has-post-thumbnail","6":"product_brand-alziari","7":"product_cat-ajankohtaisia","8":"product_cat-my-healthy-oils","9":"product_cat-oliivioljyt","10":"product_cat-oljyt-etikat","11":"product_tag-alziari","12":"product_tag-oliivioljy","13":"product_shipping_class-shipping-discount","14":"pa_alkuperamaa-ranska","15":"pa_oliivioljy-mieto","17":"first","18":"outofstock","19":"taxable","20":"shipping-taxable","21":"purchasable","22":"product-type-simple","swatches":"rey-swatches","show_selected":""},"acf":[],"_links":{"self":[{"href":"https:\/\/www.delideli.zoner.dev\/fin\/wp-json\/wp\/v2\/product\/141602","targetHints":{"allow":["GET"]}}],"collection":[{"href":"https:\/\/www.delideli.zoner.dev\/fin\/wp-json\/wp\/v2\/product"}],"about":[{"href":"https:\/\/www.delideli.zoner.dev\/fin\/wp-json\/wp\/v2\/types\/product"}],"replies":[{"embeddable":true,"href":"https:\/\/www.delideli.zoner.dev\/fin\/wp-json\/wp\/v2\/comments?post=141602"}],"version-history":[{"count":0,"href":"https:\/\/www.delideli.zoner.dev\/fin\/wp-json\/wp\/v2\/product\/141602\/revisions"}],"wp:featuredmedia":[{"embeddable":true,"href":"https:\/\/www.delideli.zoner.dev\/fin\/wp-json\/wp\/v2\/media\/138979"}],"wp:attachment":[{"href":"https:\/\/www.delideli.zoner.dev\/fin\/wp-json\/wp\/v2\/media?parent=141602"}],"wp:term":[{"taxonomy":"product_brand","embeddable":true,"href":"https:\/\/www.delideli.zoner.dev\/fin\/wp-json\/wp\/v2\/product_brand?post=141602"},{"taxonomy":"product_cat","embeddable":true,"href":"https:\/\/www.delideli.zoner.dev\/fin\/wp-json\/wp\/v2\/product_cat?post=141602"},{"taxonomy":"product_tag","embeddable":true,"href":"https:\/\/www.delideli.zoner.dev\/fin\/wp-json\/wp\/v2\/product_tag?post=141602"}],"curies":[{"name":"wp","href":"https:\/\/api.w.org\/{rel}","templated":true}]}}