{"id":141605,"date":"2022-06-18T08:40:17","date_gmt":"2022-06-18T08:40:17","guid":{"rendered":"https:\/\/www.delideli.zoner.dev\/tuote\/frantoio-dorazio-oltramare-extra-virgin-oliivioljy-500ml\/"},"modified":"2026-05-04T16:12:54","modified_gmt":"2026-05-04T16:12:54","slug":"frantoio-dorazio-oltramare-extra-virgin-oliivioljy-500ml","status":"publish","type":"product","link":"https:\/\/www.delideli.zoner.dev\/fin\/tuote\/frantoio-dorazio-oltramare-extra-virgin-oliivioljy-500ml\/","title":{"rendered":"Frantoio D&#8217;Orazio extra virgin oliivi\u00f6ljy OLTREMARE 500ml"},"content":{"rendered":"<p>Frantoio D&#8217;Orazio on vuodesta 1930 toiminut perhe\u00f6ljymylly Conversanosta, Apuliasta, Etel\u00e4-Italiasta. Oltremare on heid\u00e4n monilajike-extra neitsytoliivi\u00f6ljyns\u00e4 Opera Collection -sarjassa, jonka pulloihin on k\u00e4sin maalattu apulialaista maiolica-keramiikkaa henkiv\u00e4t motiiivit.<\/p>\n<p>\u00d6ljy valmistetaan puglialaisista perinteislajikkeista: Olivastro, Cima di Mola, Leccino, Coratina, Cima di Melfi, Picholine, Simona ja Nociara. Tulos on keve\u00e4, hedelm\u00e4inen \u00f6ljy, jossa on ruohon ja tuoreen lehden vivahteet sek\u00e4 kevyt kitkeryys ja mausteinen s\u00e4vy.<\/p>\n<p>Ihanteellinen viimeistely\u00f6ljy kaikille ruoille \u2013 keittoja, salaatteja, grillattua lihaa ja kalaa sek\u00e4 italialaista pastaa varten.<\/p>\n","protected":false},"excerpt":{"rendered":"<p>Frantoio D&#8217;Orazio Oltremare on apulialainen extra neitsytoliivi\u00f6ljy, joka yhdist\u00e4\u00e4 perinteiset puglialaiset oliivit \u2013 Olivastro, Coratina, Leccino ja muut \u2013 harmoniseksi monilajike-sekoitukseksi. Ruoho- ja lehtivivahteet, kevyt kitkeryys ja mausteinen j\u00e4lkimaku.<\/p>\n","protected":false},"featured_media":141606,"comment_status":"open","ping_status":"open","template":"","meta":{"_acf_changed":false},"product_brand":[657],"product_cat":[677,753,691,678],"product_tag":[],"class_list":{"0":"post-141605","1":"product","2":"type-product","3":"status-publish","4":"has-post-thumbnail","6":"product_brand-orazios","7":"product_cat-ajankohtaisia","8":"product_cat-my-healthy-oils","9":"product_cat-oliivioljyt","10":"product_cat-oljyt-etikat","11":"pa_alkuperamaa-italia","12":"pa_oliivioljy-vahva","14":"first","15":"instock","16":"taxable","17":"shipping-taxable","18":"purchasable","19":"product-type-simple","swatches":"rey-swatches","show_selected":""},"acf":[],"_links":{"self":[{"href":"https:\/\/www.delideli.zoner.dev\/fin\/wp-json\/wp\/v2\/product\/141605","targetHints":{"allow":["GET"]}}],"collection":[{"href":"https:\/\/www.delideli.zoner.dev\/fin\/wp-json\/wp\/v2\/product"}],"about":[{"href":"https:\/\/www.delideli.zoner.dev\/fin\/wp-json\/wp\/v2\/types\/product"}],"replies":[{"embeddable":true,"href":"https:\/\/www.delideli.zoner.dev\/fin\/wp-json\/wp\/v2\/comments?post=141605"}],"version-history":[{"count":0,"href":"https:\/\/www.delideli.zoner.dev\/fin\/wp-json\/wp\/v2\/product\/141605\/revisions"}],"wp:featuredmedia":[{"embeddable":true,"href":"https:\/\/www.delideli.zoner.dev\/fin\/wp-json\/wp\/v2\/media\/141606"}],"wp:attachment":[{"href":"https:\/\/www.delideli.zoner.dev\/fin\/wp-json\/wp\/v2\/media?parent=141605"}],"wp:term":[{"taxonomy":"product_brand","embeddable":true,"href":"https:\/\/www.delideli.zoner.dev\/fin\/wp-json\/wp\/v2\/product_brand?post=141605"},{"taxonomy":"product_cat","embeddable":true,"href":"https:\/\/www.delideli.zoner.dev\/fin\/wp-json\/wp\/v2\/product_cat?post=141605"},{"taxonomy":"product_tag","embeddable":true,"href":"https:\/\/www.delideli.zoner.dev\/fin\/wp-json\/wp\/v2\/product_tag?post=141605"}],"curies":[{"name":"wp","href":"https:\/\/api.w.org\/{rel}","templated":true}]}}