{"id":141609,"date":"2022-06-22T18:43:32","date_gmt":"2022-06-22T18:43:32","guid":{"rendered":"https:\/\/www.delideli.zoner.dev\/tuote\/alziari-omena-hunajaetikka-200-ml\/"},"modified":"2026-05-04T16:13:06","modified_gmt":"2026-05-04T16:13:06","slug":"alziari-omena-hunajaetikka-200-ml","status":"publish","type":"product","link":"https:\/\/www.delideli.zoner.dev\/fin\/tuote\/alziari-omena-hunajaetikka-200-ml\/","title":{"rendered":"Omena-hunajaetikka, La Maison Alziari 200 ml"},"content":{"rendered":"<p>T\u00e4m\u00e4 vaaleankeltainen maustettu etikka sopii viimeistelem\u00e4\u00e4n monet annokset ja tuomaan hedelm\u00e4ist\u00e4 hapokkuutta makujen kirjoon. Etikassa on jopa 42 % omenamehua, mik\u00e4 tuo etikkaan aitoa hedelm\u00e4ist\u00e4 makua.<br \/>\nSe sopii erityisen hyvin vinaigretteihin sek\u00e4 kypsennetyille vihanneksille, kuten artisokille, parsakaalille, parsalle sek\u00e4 vihreille pavuille. Erityisen t\u00e4ydellisen makuparin se luo endiivisalaatissa, jossa mukana on gruy\u00e8re-juustoa, saksanp\u00e4hkin\u00e4\u00e4 sek\u00e4 rusinoita.<br \/>\nKokeile omena-hunajaetikkaa my\u00f6s foie gras\u2019n kanssa, porsaan- ja j\u00e4niksenlihan kanssa, kampasimpukoilla tai sillin maustajana.<\/p>\n","protected":false},"excerpt":{"rendered":"<p>Ranskalaisen La Maison Alziarin omena-hunajaetikka on raikas ja sopivan hapokas maustettu etikka. Lempe\u00e4 hunaja py\u00f6rist\u00e4\u00e4 omenan hapokkuutta, mik\u00e4 tekee etikasta t\u00e4ydellisen salaatinkastikkeisiin, foie gras\u2019n maustamiseen, porsaanlihalle sek\u00e4 merenel\u00e4ville.<\/p>\n","protected":false},"featured_media":139929,"comment_status":"open","ping_status":"open","template":"","meta":{"_acf_changed":false},"product_brand":[634],"product_cat":[687,678],"product_tag":[185],"class_list":{"0":"post-141609","1":"product","2":"type-product","3":"status-publish","4":"has-post-thumbnail","6":"product_brand-alziari","7":"product_cat-etikat","8":"product_cat-oljyt-etikat","9":"product_tag-alziari","10":"product_shipping_class-shipping-discount","11":"pa_alkuperamaa-ranska","13":"first","14":"instock","15":"taxable","16":"shipping-taxable","17":"purchasable","18":"product-type-simple","swatches":"rey-swatches","show_selected":""},"acf":[],"_links":{"self":[{"href":"https:\/\/www.delideli.zoner.dev\/fin\/wp-json\/wp\/v2\/product\/141609","targetHints":{"allow":["GET"]}}],"collection":[{"href":"https:\/\/www.delideli.zoner.dev\/fin\/wp-json\/wp\/v2\/product"}],"about":[{"href":"https:\/\/www.delideli.zoner.dev\/fin\/wp-json\/wp\/v2\/types\/product"}],"replies":[{"embeddable":true,"href":"https:\/\/www.delideli.zoner.dev\/fin\/wp-json\/wp\/v2\/comments?post=141609"}],"version-history":[{"count":0,"href":"https:\/\/www.delideli.zoner.dev\/fin\/wp-json\/wp\/v2\/product\/141609\/revisions"}],"wp:featuredmedia":[{"embeddable":true,"href":"https:\/\/www.delideli.zoner.dev\/fin\/wp-json\/wp\/v2\/media\/139929"}],"wp:attachment":[{"href":"https:\/\/www.delideli.zoner.dev\/fin\/wp-json\/wp\/v2\/media?parent=141609"}],"wp:term":[{"taxonomy":"product_brand","embeddable":true,"href":"https:\/\/www.delideli.zoner.dev\/fin\/wp-json\/wp\/v2\/product_brand?post=141609"},{"taxonomy":"product_cat","embeddable":true,"href":"https:\/\/www.delideli.zoner.dev\/fin\/wp-json\/wp\/v2\/product_cat?post=141609"},{"taxonomy":"product_tag","embeddable":true,"href":"https:\/\/www.delideli.zoner.dev\/fin\/wp-json\/wp\/v2\/product_tag?post=141609"}],"curies":[{"name":"wp","href":"https:\/\/api.w.org\/{rel}","templated":true}]}}