{"id":141610,"date":"2022-06-22T18:49:32","date_gmt":"2022-06-22T18:49:32","guid":{"rendered":"https:\/\/www.delideli.zoner.dev\/tuote\/alziari-aprikoosi-vaniljaetikka-200-ml\/"},"modified":"2026-05-04T16:13:07","modified_gmt":"2026-05-04T16:13:07","slug":"alziari-aprikoosi-vaniljaetikka-200-ml","status":"publish","type":"product","link":"https:\/\/www.delideli.zoner.dev\/fin\/tuote\/alziari-aprikoosi-vaniljaetikka-200-ml\/","title":{"rendered":"Aprikoosi-vaniljaetikka, La Maison Alziari 200 ml"},"content":{"rendered":"<p>Aprikoosi-vaniljaetikka on herkullinen viimeistelij\u00e4 vaaleille lihoille, siipikarjalle, kaloille sek\u00e4 vihre\u00e4lle salaatille ja endiiveille.<br \/>\nYll\u00e4tt\u00e4v\u00e4n makuparin saat yhdist\u00e4m\u00e4ll\u00e4 sen fois gras\u2019n kanssa. Kokeile sit\u00e4 my\u00f6s erilaisten j\u00e4lkiruokien kanssa!<br \/>\nTarkkaan mietityn, t\u00e4ydellisen makujen harmonian saat aikaan k\u00e4ytt\u00e4m\u00e4ll\u00e4 aprikoosi-vaniljaetikkaa endiivisalaatissa, jossa on mukana my\u00f6s p\u00e4hkin\u00f6it\u00e4, kuivattuja aprikooseja sek\u00e4 juustoa.<\/p>\n","protected":false},"excerpt":{"rendered":"<p>La Maison Alziarin aprikoosi-vaniljaetikka on monipuolinen annosten viimeistelij\u00e4 ja maustaja. Se sopii niin salaatteihin, vaaleille lihoille kuin j\u00e4lkiruoillekin. Hedelm\u00e4isen ja raikkaan maun takaa aito aprikoosimehu, jota on mukana jopa 42 %.<\/p>\n","protected":false},"featured_media":139931,"comment_status":"open","ping_status":"open","template":"","meta":{"_acf_changed":false},"product_brand":[634],"product_cat":[687,678],"product_tag":[185],"class_list":{"0":"post-141610","1":"product","2":"type-product","3":"status-publish","4":"has-post-thumbnail","6":"product_brand-alziari","7":"product_cat-etikat","8":"product_cat-oljyt-etikat","9":"product_tag-alziari","10":"product_shipping_class-shipping-discount","11":"pa_alkuperamaa-ranska","13":"first","14":"instock","15":"taxable","16":"shipping-taxable","17":"purchasable","18":"product-type-simple","swatches":"rey-swatches","show_selected":""},"acf":[],"_links":{"self":[{"href":"https:\/\/www.delideli.zoner.dev\/fin\/wp-json\/wp\/v2\/product\/141610","targetHints":{"allow":["GET"]}}],"collection":[{"href":"https:\/\/www.delideli.zoner.dev\/fin\/wp-json\/wp\/v2\/product"}],"about":[{"href":"https:\/\/www.delideli.zoner.dev\/fin\/wp-json\/wp\/v2\/types\/product"}],"replies":[{"embeddable":true,"href":"https:\/\/www.delideli.zoner.dev\/fin\/wp-json\/wp\/v2\/comments?post=141610"}],"version-history":[{"count":0,"href":"https:\/\/www.delideli.zoner.dev\/fin\/wp-json\/wp\/v2\/product\/141610\/revisions"}],"wp:featuredmedia":[{"embeddable":true,"href":"https:\/\/www.delideli.zoner.dev\/fin\/wp-json\/wp\/v2\/media\/139931"}],"wp:attachment":[{"href":"https:\/\/www.delideli.zoner.dev\/fin\/wp-json\/wp\/v2\/media?parent=141610"}],"wp:term":[{"taxonomy":"product_brand","embeddable":true,"href":"https:\/\/www.delideli.zoner.dev\/fin\/wp-json\/wp\/v2\/product_brand?post=141610"},{"taxonomy":"product_cat","embeddable":true,"href":"https:\/\/www.delideli.zoner.dev\/fin\/wp-json\/wp\/v2\/product_cat?post=141610"},{"taxonomy":"product_tag","embeddable":true,"href":"https:\/\/www.delideli.zoner.dev\/fin\/wp-json\/wp\/v2\/product_tag?post=141610"}],"curies":[{"name":"wp","href":"https:\/\/api.w.org\/{rel}","templated":true}]}}