{"id":141617,"date":"2022-11-01T19:11:16","date_gmt":"2022-11-01T19:11:16","guid":{"rendered":"https:\/\/www.delideli.zoner.dev\/tuote\/pasta-pasta-perfetto\/"},"modified":"2026-05-04T16:13:15","modified_gmt":"2026-05-04T16:13:15","slug":"pasta-pasta-perfetto","status":"publish","type":"product","link":"https:\/\/www.delideli.zoner.dev\/fin\/tuote\/pasta-pasta-perfetto\/","title":{"rendered":"Herkkukori Pasta Perfetto"},"content":{"rendered":"<p>Pasta on yksi suosituimmista aterioista t\u00e4\u00e4ll\u00e4 pohjoismaissa, ainakin Suomessa ja Ruotsissa. T\u00e4m\u00e4 herkkukori tulee siis k\u00e4ytetty\u00e4 tarkkaan oli saaja kuka tahansa. Varmasti hyv\u00e4 valinta perheelle, jossa on sek\u00e4 kasvis-, ett\u00e4 sekasy\u00f6ji\u00e4 sill\u00e4 korista l\u00f6ytyy jokaiselle jotakin.<br \/>\nKorin voi my\u00f6s pyyt\u00e4\u00e4 t\u00e4ysin kasvisversiona ja gluteenittomana. Runsaassa Pasta Organico -korissa tuotteet ovat nimens\u00e4 mukaisesti suurin osa luomua.<\/p>\n<p>1580 &#8211; KORI juutti 100% natural suorakaide 33x18x10cm<br \/>\n2122 &#8211; Penne 500g<br \/>\n2114 &#8211; Perhospasta papillons 500g<br \/>\n9201 &#8211; Luomutomaatti passata pullo 690g FI-EKO-201<br \/>\n9220 &#8211; Luomu tomaattimurska 340g FI-EKO-201<br \/>\n9204 &#8211; Luomupesto 130g FI-EKO-201<br \/>\n1742 &#8211; Merula extra virgin oliivi\u00f6ljy peltikanisteri 500ml<\/p>\n<p>*Mik\u00e4li joku tuote on loppunut varastosta, voimme vaihtaa sen toiseen vastavaan.<\/p>\n","protected":false},"excerpt":{"rendered":"<p>Pasta on yksi suosituimmista aterioista t\u00e4\u00e4ll\u00e4 pohjoismaissa, ainakin Suomessa ja Ruotsissa. T\u00e4m\u00e4 herkkukori tulee siis k\u00e4ytetty\u00e4 tarkkaan oli saaja kuka tahansa. Varmasti hyv\u00e4 valinta perheelle, jossa on sek\u00e4 kasvis-, ett\u00e4 sekasy\u00f6ji\u00e4 sill\u00e4 korista voi valmistaa kaikille herkullisen pasta-annoksen. Laadukas oliivi\u00f6ljy on oleellinen osa ruuanlaittoa ja t\u00e4m\u00e4 korkealuokkainen matalahappoinen \u00f6ljy sopii niin kylm\u00e4n\u00e4 viimeistelyyn kuin paistamiseenkin.<br \/>\nKorin voi my\u00f6s pyyt\u00e4\u00e4 t\u00e4ysin kasvisversiona ja gluteenittomana. <\/p>\n<p>1580 \u2013 KORI juutti 100% natural suorakaide 33x18x10cm<br \/>\n2122 \u2013 Penne pasta 500g<br \/>\n2114 \u2013 Perhospasta papillons 500g<br \/>\n9201 \u2013 Luomutomaatti passata pullo 690g FI-EKO-201<br \/>\n9220 \u2013 Luomu tomaattimurska 340g FI-EKO-201<br \/>\n9204 \u2013 Luomupesto 130g FI-EKO-201<br \/>\n1742 \u2013 Merula extra virgin oliivi\u00f6ljy peltikanisteri 500ml<\/p>\n<p>*Mik\u00e4li joku tuote on loppunut varastosta, voimme vaihtaa sen toiseen vastavaan.<\/p>\n","protected":false},"featured_media":139939,"comment_status":"open","ping_status":"open","template":"","meta":{"_acf_changed":false},"product_brand":[625],"product_cat":[684,727],"product_tag":[],"class_list":{"0":"post-141617","1":"product","2":"type-product","3":"status-publish","4":"has-post-thumbnail","6":"product_brand-delideli","7":"product_cat-herkkukorit","8":"product_cat-lahjaksi","9":"product_shipping_class-shipping-discount","10":"pa_alkuperamaa-italia","11":"pa_alkuperamaa-ranska","12":"pa_ruokavalio-luomu","14":"first","15":"instock","16":"taxable","17":"shipping-taxable","18":"purchasable","19":"product-type-simple","swatches":"rey-swatches","show_selected":""},"acf":[],"_links":{"self":[{"href":"https:\/\/www.delideli.zoner.dev\/fin\/wp-json\/wp\/v2\/product\/141617","targetHints":{"allow":["GET"]}}],"collection":[{"href":"https:\/\/www.delideli.zoner.dev\/fin\/wp-json\/wp\/v2\/product"}],"about":[{"href":"https:\/\/www.delideli.zoner.dev\/fin\/wp-json\/wp\/v2\/types\/product"}],"replies":[{"embeddable":true,"href":"https:\/\/www.delideli.zoner.dev\/fin\/wp-json\/wp\/v2\/comments?post=141617"}],"version-history":[{"count":0,"href":"https:\/\/www.delideli.zoner.dev\/fin\/wp-json\/wp\/v2\/product\/141617\/revisions"}],"wp:featuredmedia":[{"embeddable":true,"href":"https:\/\/www.delideli.zoner.dev\/fin\/wp-json\/wp\/v2\/media\/139939"}],"wp:attachment":[{"href":"https:\/\/www.delideli.zoner.dev\/fin\/wp-json\/wp\/v2\/media?parent=141617"}],"wp:term":[{"taxonomy":"product_brand","embeddable":true,"href":"https:\/\/www.delideli.zoner.dev\/fin\/wp-json\/wp\/v2\/product_brand?post=141617"},{"taxonomy":"product_cat","embeddable":true,"href":"https:\/\/www.delideli.zoner.dev\/fin\/wp-json\/wp\/v2\/product_cat?post=141617"},{"taxonomy":"product_tag","embeddable":true,"href":"https:\/\/www.delideli.zoner.dev\/fin\/wp-json\/wp\/v2\/product_tag?post=141617"}],"curies":[{"name":"wp","href":"https:\/\/api.w.org\/{rel}","templated":true}]}}