{"id":141618,"date":"2022-11-02T17:19:15","date_gmt":"2022-11-02T17:19:15","guid":{"rendered":"https:\/\/www.delideli.zoner.dev\/tuote\/vapaavalintainen-herkkukori\/"},"modified":"2026-05-04T16:13:15","modified_gmt":"2026-05-04T16:13:15","slug":"vapaavalintainen-herkkukori","status":"publish","type":"product","link":"https:\/\/www.delideli.zoner.dev\/fin\/tuote\/vapaavalintainen-herkkukori\/","title":{"rendered":"Herkkukori vapaavalintaisella summalla"},"content":{"rendered":"<p>Jos valmiista koreista ei l\u00f6ytynyt sinulle juuri haluamaasi, voimme my\u00f6s koota korin sinun m\u00e4\u00e4rittelem\u00e4ll\u00e4si summalla.<br \/>\nVoit antaa meille vapaat k\u00e4det, jolloin kokoamme n\u00e4kemyksemme mukaisen korin, joka varmasti on saajilleen mieleinen.<br \/>\nVoit my\u00f6s kertoa meille toivomuksia \u201dkassa\u201d kohdassa tyhj\u00e4\u00e4n lis\u00e4ohjekohtaan korin tyylist\u00e4 ja sis\u00e4ll\u00f6st\u00e4. Teemme silloin mahdollisuuksien mukaan toiveittesi mukaisen korin.<\/p>\n<p>Korin minimihinta on 25 \u20ac, mutta kannattaa mietti\u00e4, ett\u00e4 koripohjat ovat eri hintaisia ja ottavat jonkin verran budjetista: pieni 3,90-isoin tarjotin15 euroa, eli laske t\u00e4m\u00e4 kokonaissummaan, kun mietit budjettia.<br \/>\nT\u00e4m\u00e4 valinta on joskus se helpoin ja nopein!<\/p>\n","protected":false},"excerpt":{"rendered":"<p>Jos valmiista koreista ei l\u00f6ytynyt sinulle juuri haluamaasi, voimme my\u00f6s koota korin sinun m\u00e4\u00e4rittelem\u00e4ll\u00e4si summalla.<br \/>\nVoit antaa meille vapaat k\u00e4det, jolloin kokoamme n\u00e4kemyksemme mukaisen korin, joka varmasti on saajilleen mieleinen.<br \/>\nVoit my\u00f6s kertoa meille toivomuksia \u201dkassa\u201d kohdassa tyhj\u00e4\u00e4n lis\u00e4ohjekohtaan korin tyylist\u00e4 ja sis\u00e4ll\u00f6st\u00e4. Teemme silloin mahdollisuuksien mukaan toiveittesi mukaisen korin.<\/p>\n<p>Korin minimihinta on 25 \u20ac, mutta kannattaa mietti\u00e4, ett\u00e4 koripohjat ovat eri hintaisia ja ottavat jonkin verran budjetista: pieni 3,90-isoin tarjotin15 euroa, eli laske t\u00e4m\u00e4 kokonaissummaan, kun mietit budjettia.<br \/>\nT\u00e4m\u00e4 valinta on joskus se helpoin ja nopein!<\/p>\n","protected":false},"featured_media":139941,"comment_status":"open","ping_status":"open","template":"","meta":{"_acf_changed":false},"product_brand":[625],"product_cat":[684,727],"product_tag":[],"class_list":{"0":"post-141618","1":"product","2":"type-product","3":"status-publish","4":"has-post-thumbnail","6":"product_brand-delideli","7":"product_cat-herkkukorit","8":"product_cat-lahjaksi","9":"pa_alkuperamaa-espanja","10":"pa_alkuperamaa-italia","11":"pa_alkuperamaa-kreikka","12":"pa_alkuperamaa-portugali","13":"pa_alkuperamaa-ranska","15":"first","16":"instock","17":"taxable","18":"shipping-taxable","19":"purchasable","20":"product-type-simple","swatches":"rey-swatches","show_selected":""},"acf":[],"_links":{"self":[{"href":"https:\/\/www.delideli.zoner.dev\/fin\/wp-json\/wp\/v2\/product\/141618","targetHints":{"allow":["GET"]}}],"collection":[{"href":"https:\/\/www.delideli.zoner.dev\/fin\/wp-json\/wp\/v2\/product"}],"about":[{"href":"https:\/\/www.delideli.zoner.dev\/fin\/wp-json\/wp\/v2\/types\/product"}],"replies":[{"embeddable":true,"href":"https:\/\/www.delideli.zoner.dev\/fin\/wp-json\/wp\/v2\/comments?post=141618"}],"version-history":[{"count":0,"href":"https:\/\/www.delideli.zoner.dev\/fin\/wp-json\/wp\/v2\/product\/141618\/revisions"}],"wp:featuredmedia":[{"embeddable":true,"href":"https:\/\/www.delideli.zoner.dev\/fin\/wp-json\/wp\/v2\/media\/139941"}],"wp:attachment":[{"href":"https:\/\/www.delideli.zoner.dev\/fin\/wp-json\/wp\/v2\/media?parent=141618"}],"wp:term":[{"taxonomy":"product_brand","embeddable":true,"href":"https:\/\/www.delideli.zoner.dev\/fin\/wp-json\/wp\/v2\/product_brand?post=141618"},{"taxonomy":"product_cat","embeddable":true,"href":"https:\/\/www.delideli.zoner.dev\/fin\/wp-json\/wp\/v2\/product_cat?post=141618"},{"taxonomy":"product_tag","embeddable":true,"href":"https:\/\/www.delideli.zoner.dev\/fin\/wp-json\/wp\/v2\/product_tag?post=141618"}],"curies":[{"name":"wp","href":"https:\/\/api.w.org\/{rel}","templated":true}]}}