{"id":141619,"date":"2022-11-09T17:16:32","date_gmt":"2022-11-09T17:16:32","guid":{"rendered":"https:\/\/www.delideli.zoner.dev\/tuote\/chimichurri-kastike-110g\/"},"modified":"2026-05-04T16:13:19","modified_gmt":"2026-05-04T16:13:19","slug":"chimichurri-kastike-110g","status":"publish","type":"product","link":"https:\/\/www.delideli.zoner.dev\/fin\/tuote\/chimichurri-kastike-110g\/","title":{"rendered":"Chimichurri kastike 110g"},"content":{"rendered":"<p>Finca la Barcan chimichurri-kastike on perinteit\u00e4 kunnioittaen persiljainen ja valkosipulinen marinadityyppinen kastike. Finca la Barca on tehnyt kastikkeesta oman versionsa, jossa makuja t\u00e4ydent\u00e4\u00e4 talon oma savustettu paprika.<br \/>\nS\u00e4ilyt\u00e4 purkki avaamattomana viile\u00e4ss\u00e4, kuivassa paikassa valolta suojattuna. Avattuna s\u00e4ilyt\u00e4 sit\u00e4 j\u00e4\u00e4kaapissa ja k\u00e4yt\u00e4 seitsem\u00e4n  p\u00e4iv\u00e4n kuluessa.<\/p>\n","protected":false},"excerpt":{"rendered":"<p>Argentiinalainen chimichurri-kastike on saanut Finca la Barcan versiossa lis\u00e4makua savustetusta paprikasta. Puhtaista mauista ammentava ja pienen potkun tarjoava kastike sopii t\u00e4ydellisesti lihoille, etenkin grillaukseen.<\/p>\n","protected":false},"featured_media":139943,"comment_status":"open","ping_status":"open","template":"","meta":{"_acf_changed":false},"product_brand":[628],"product_cat":[677,718,764,676],"product_tag":[],"class_list":{"0":"post-141619","1":"product","2":"type-product","3":"status-publish","4":"has-post-thumbnail","6":"product_brand-finca-la-barca","7":"product_cat-ajankohtaisia","8":"product_cat-levitteet","9":"product_cat-paella","10":"product_cat-suolaiset","11":"product_shipping_class-shipping-discount","12":"pa_alkuperamaa-espanja","14":"first","15":"instock","16":"taxable","17":"shipping-taxable","18":"purchasable","19":"product-type-simple","swatches":"rey-swatches","show_selected":""},"acf":[],"_links":{"self":[{"href":"https:\/\/www.delideli.zoner.dev\/fin\/wp-json\/wp\/v2\/product\/141619","targetHints":{"allow":["GET"]}}],"collection":[{"href":"https:\/\/www.delideli.zoner.dev\/fin\/wp-json\/wp\/v2\/product"}],"about":[{"href":"https:\/\/www.delideli.zoner.dev\/fin\/wp-json\/wp\/v2\/types\/product"}],"replies":[{"embeddable":true,"href":"https:\/\/www.delideli.zoner.dev\/fin\/wp-json\/wp\/v2\/comments?post=141619"}],"version-history":[{"count":0,"href":"https:\/\/www.delideli.zoner.dev\/fin\/wp-json\/wp\/v2\/product\/141619\/revisions"}],"wp:featuredmedia":[{"embeddable":true,"href":"https:\/\/www.delideli.zoner.dev\/fin\/wp-json\/wp\/v2\/media\/139943"}],"wp:attachment":[{"href":"https:\/\/www.delideli.zoner.dev\/fin\/wp-json\/wp\/v2\/media?parent=141619"}],"wp:term":[{"taxonomy":"product_brand","embeddable":true,"href":"https:\/\/www.delideli.zoner.dev\/fin\/wp-json\/wp\/v2\/product_brand?post=141619"},{"taxonomy":"product_cat","embeddable":true,"href":"https:\/\/www.delideli.zoner.dev\/fin\/wp-json\/wp\/v2\/product_cat?post=141619"},{"taxonomy":"product_tag","embeddable":true,"href":"https:\/\/www.delideli.zoner.dev\/fin\/wp-json\/wp\/v2\/product_tag?post=141619"}],"curies":[{"name":"wp","href":"https:\/\/api.w.org\/{rel}","templated":true}]}}