{"id":141620,"date":"2022-11-09T17:16:49","date_gmt":"2022-11-09T17:16:49","guid":{"rendered":"https:\/\/www.delideli.zoner.dev\/tuote\/brava-kastike-110g\/"},"modified":"2026-05-04T16:13:19","modified_gmt":"2026-05-04T16:13:19","slug":"brava-kastike-110g","status":"publish","type":"product","link":"https:\/\/www.delideli.zoner.dev\/fin\/tuote\/brava-kastike-110g\/","title":{"rendered":"Brava kastike 110g"},"content":{"rendered":"<p>Finca la Barcan brava-kastike on ensiluokkaisista aineksista valmistettu perinteinen tomaattikastike savustetulla paprikalla. Kokeile perunoiden lis\u00e4ksi esimerkiksi tacojen kanssa, liha-annoksissa sek\u00e4 valkoisella kalalla.<br \/>\nS\u00e4ilyt\u00e4 purkki avaamattomana viile\u00e4ss\u00e4, kuivassa paikassa valolta suojattuna. Avattuna s\u00e4ilyt\u00e4 sit\u00e4 j\u00e4\u00e4kaapissa ja k\u00e4yt\u00e4 seitsem\u00e4n  p\u00e4iv\u00e4n kuluessa.<\/p>\n","protected":false},"excerpt":{"rendered":"<p>Espanjalainen tyypillinen brava-kastike on mausteinen, tomaattipohjainen kastike, joka tarjoillaan perinteisesti patatas bravas -annoksessa eli paistettujen perunoiden kera. Finca la Barcan brava-kastike on maustettu valmistajan erikoisherkulla, savustetulla paprikalla.<\/p>\n","protected":false},"featured_media":139945,"comment_status":"open","ping_status":"open","template":"","meta":{"_acf_changed":false},"product_brand":[628],"product_cat":[677,718,764,676],"product_tag":[],"class_list":{"0":"post-141620","1":"product","2":"type-product","3":"status-publish","4":"has-post-thumbnail","6":"product_brand-finca-la-barca","7":"product_cat-ajankohtaisia","8":"product_cat-levitteet","9":"product_cat-paella","10":"product_cat-suolaiset","11":"product_shipping_class-shipping-discount","12":"pa_alkuperamaa-espanja","14":"first","15":"instock","16":"taxable","17":"shipping-taxable","18":"purchasable","19":"product-type-simple","swatches":"rey-swatches","show_selected":""},"acf":[],"_links":{"self":[{"href":"https:\/\/www.delideli.zoner.dev\/fin\/wp-json\/wp\/v2\/product\/141620","targetHints":{"allow":["GET"]}}],"collection":[{"href":"https:\/\/www.delideli.zoner.dev\/fin\/wp-json\/wp\/v2\/product"}],"about":[{"href":"https:\/\/www.delideli.zoner.dev\/fin\/wp-json\/wp\/v2\/types\/product"}],"replies":[{"embeddable":true,"href":"https:\/\/www.delideli.zoner.dev\/fin\/wp-json\/wp\/v2\/comments?post=141620"}],"version-history":[{"count":0,"href":"https:\/\/www.delideli.zoner.dev\/fin\/wp-json\/wp\/v2\/product\/141620\/revisions"}],"wp:featuredmedia":[{"embeddable":true,"href":"https:\/\/www.delideli.zoner.dev\/fin\/wp-json\/wp\/v2\/media\/139945"}],"wp:attachment":[{"href":"https:\/\/www.delideli.zoner.dev\/fin\/wp-json\/wp\/v2\/media?parent=141620"}],"wp:term":[{"taxonomy":"product_brand","embeddable":true,"href":"https:\/\/www.delideli.zoner.dev\/fin\/wp-json\/wp\/v2\/product_brand?post=141620"},{"taxonomy":"product_cat","embeddable":true,"href":"https:\/\/www.delideli.zoner.dev\/fin\/wp-json\/wp\/v2\/product_cat?post=141620"},{"taxonomy":"product_tag","embeddable":true,"href":"https:\/\/www.delideli.zoner.dev\/fin\/wp-json\/wp\/v2\/product_tag?post=141620"}],"curies":[{"name":"wp","href":"https:\/\/api.w.org\/{rel}","templated":true}]}}