{"id":141621,"date":"2022-11-18T07:20:09","date_gmt":"2022-11-18T07:20:09","guid":{"rendered":"https:\/\/www.delideli.zoner.dev\/tuote\/alziari-oljyn-kaatonokka\/"},"modified":"2026-05-04T16:13:19","modified_gmt":"2026-05-04T16:13:19","slug":"alziari-oljyn-kaatonokka","status":"publish","type":"product","link":"https:\/\/www.delideli.zoner.dev\/fin\/tuote\/alziari-oljyn-kaatonokka\/","title":{"rendered":"Alziari \u00f6ljyn kaatonokka"},"content":{"rendered":"<p>Kaatonokka sis\u00e4lt\u00e4\u00e4 pienen l\u00e4p\u00e4n nokan p\u00e4\u00e4ss\u00e4, joka pit\u00e4\u00e4 \u00f6ljysi ja etikkasi pidemp\u00e4\u00e4n k\u00e4ytt\u00f6kelpoisina.<br \/>\nKaatonokan alaosa on valmistettu aidosta korkista.<\/p>\n","protected":false},"excerpt":{"rendered":"<p>Saat meilt\u00e4 La Maison Alziarin oliivi\u00f6ljypakkauksiin ja etikkapulloihin t\u00e4ydellisesti sopivan kaatonokan. Sen avulla voit annostella \u00f6ljyj\u00e4 ja etikoita entist\u00e4kin helpommin ja siistimmin.<\/p>\n","protected":false},"featured_media":139947,"comment_status":"open","ping_status":"open","template":"","meta":{"_acf_changed":false},"product_brand":[634],"product_cat":[691,678],"product_tag":[185],"class_list":{"0":"post-141621","1":"product","2":"type-product","3":"status-publish","4":"has-post-thumbnail","6":"product_brand-alziari","7":"product_cat-oliivioljyt","8":"product_cat-oljyt-etikat","9":"product_tag-alziari","10":"pa_alkuperamaa-ranska","12":"first","13":"instock","14":"taxable","15":"shipping-taxable","16":"purchasable","17":"product-type-simple","swatches":"rey-swatches","show_selected":""},"acf":[],"_links":{"self":[{"href":"https:\/\/www.delideli.zoner.dev\/fin\/wp-json\/wp\/v2\/product\/141621","targetHints":{"allow":["GET"]}}],"collection":[{"href":"https:\/\/www.delideli.zoner.dev\/fin\/wp-json\/wp\/v2\/product"}],"about":[{"href":"https:\/\/www.delideli.zoner.dev\/fin\/wp-json\/wp\/v2\/types\/product"}],"replies":[{"embeddable":true,"href":"https:\/\/www.delideli.zoner.dev\/fin\/wp-json\/wp\/v2\/comments?post=141621"}],"version-history":[{"count":0,"href":"https:\/\/www.delideli.zoner.dev\/fin\/wp-json\/wp\/v2\/product\/141621\/revisions"}],"wp:featuredmedia":[{"embeddable":true,"href":"https:\/\/www.delideli.zoner.dev\/fin\/wp-json\/wp\/v2\/media\/139947"}],"wp:attachment":[{"href":"https:\/\/www.delideli.zoner.dev\/fin\/wp-json\/wp\/v2\/media?parent=141621"}],"wp:term":[{"taxonomy":"product_brand","embeddable":true,"href":"https:\/\/www.delideli.zoner.dev\/fin\/wp-json\/wp\/v2\/product_brand?post=141621"},{"taxonomy":"product_cat","embeddable":true,"href":"https:\/\/www.delideli.zoner.dev\/fin\/wp-json\/wp\/v2\/product_cat?post=141621"},{"taxonomy":"product_tag","embeddable":true,"href":"https:\/\/www.delideli.zoner.dev\/fin\/wp-json\/wp\/v2\/product_tag?post=141621"}],"curies":[{"name":"wp","href":"https:\/\/api.w.org\/{rel}","templated":true}]}}