{"id":141637,"date":"2023-01-19T06:24:30","date_gmt":"2023-01-19T06:24:30","guid":{"rendered":"https:\/\/www.delideli.zoner.dev\/tuote\/kuivattu-kanttarelli-25g\/"},"modified":"2026-05-04T16:13:27","modified_gmt":"2026-05-04T16:13:27","slug":"kuivattu-kanttarelli-25g","status":"publish","type":"product","link":"https:\/\/www.delideli.zoner.dev\/fin\/tuote\/kuivattu-kanttarelli-25g\/","title":{"rendered":"Kuivattu kanttarelli 25g"},"content":{"rendered":"<p>Tryffelitalona tunnettu Chambon &#038; Marrel toimii nyky\u00e4\u00e4n osana foie gras -tuotteihin erikoistunutta La Maison Godardia. Yritys toimii siis todellakin ranskalaisen gastronomian ytimess\u00e4 ja tuottaa hyvin arvostettuja herkkuja vaativimmillekin gourmanteille.<\/p>\n","protected":false},"excerpt":{"rendered":"<p>Chambon &#038; Marrelin kuivattu kanttarelli s\u00e4il\u00f6\u00f6 yhden metsien arvostetuimmista mauista ymp\u00e4ri vuoden k\u00e4ytett\u00e4v\u00e4ksi herkuksi. T\u00e4m\u00e4 kullankeltainen aarre soveltuu erinomaisesti kuivaukseen ja my\u00f6hemp\u00e4\u00e4n k\u00e4ytt\u00f6\u00f6n esimerkiksi pastakastikkeessa, risotossa tai kermaisessa keitossa.<\/p>\n","protected":false},"featured_media":139961,"comment_status":"open","ping_status":"open","template":"","meta":{"_acf_changed":false},"product_brand":[635],"product_cat":[676,714],"product_tag":[],"class_list":{"0":"post-141637","1":"product","2":"type-product","3":"status-publish","4":"has-post-thumbnail","6":"product_brand-godard","7":"product_cat-suolaiset","8":"product_cat-tryffeli","9":"product_shipping_class-shipping-discount","10":"pa_alkuperamaa-ranska","12":"first","13":"outofstock","14":"taxable","15":"shipping-taxable","16":"purchasable","17":"product-type-simple","swatches":"rey-swatches","show_selected":""},"acf":[],"_links":{"self":[{"href":"https:\/\/www.delideli.zoner.dev\/fin\/wp-json\/wp\/v2\/product\/141637","targetHints":{"allow":["GET"]}}],"collection":[{"href":"https:\/\/www.delideli.zoner.dev\/fin\/wp-json\/wp\/v2\/product"}],"about":[{"href":"https:\/\/www.delideli.zoner.dev\/fin\/wp-json\/wp\/v2\/types\/product"}],"replies":[{"embeddable":true,"href":"https:\/\/www.delideli.zoner.dev\/fin\/wp-json\/wp\/v2\/comments?post=141637"}],"version-history":[{"count":0,"href":"https:\/\/www.delideli.zoner.dev\/fin\/wp-json\/wp\/v2\/product\/141637\/revisions"}],"wp:featuredmedia":[{"embeddable":true,"href":"https:\/\/www.delideli.zoner.dev\/fin\/wp-json\/wp\/v2\/media\/139961"}],"wp:attachment":[{"href":"https:\/\/www.delideli.zoner.dev\/fin\/wp-json\/wp\/v2\/media?parent=141637"}],"wp:term":[{"taxonomy":"product_brand","embeddable":true,"href":"https:\/\/www.delideli.zoner.dev\/fin\/wp-json\/wp\/v2\/product_brand?post=141637"},{"taxonomy":"product_cat","embeddable":true,"href":"https:\/\/www.delideli.zoner.dev\/fin\/wp-json\/wp\/v2\/product_cat?post=141637"},{"taxonomy":"product_tag","embeddable":true,"href":"https:\/\/www.delideli.zoner.dev\/fin\/wp-json\/wp\/v2\/product_tag?post=141637"}],"curies":[{"name":"wp","href":"https:\/\/api.w.org\/{rel}","templated":true}]}}