{"id":141639,"date":"2023-02-18T10:54:08","date_gmt":"2023-02-18T10:54:08","guid":{"rendered":"https:\/\/www.delideli.zoner.dev\/tuote\/ankanmaksalla-taytetyt-kinkkurullat-ja-sauternes-hyytelo-200g\/"},"modified":"2026-05-04T16:13:28","modified_gmt":"2026-05-04T16:13:28","slug":"ankanmaksalla-taytetyt-kinkkurullat-ja-sauternes-hyytelo-200g","status":"publish","type":"product","link":"https:\/\/www.delideli.zoner.dev\/fin\/tuote\/ankanmaksalla-taytetyt-kinkkurullat-ja-sauternes-hyytelo-200g\/","title":{"rendered":"Ankanmaksalla t\u00e4ytetyt kinkkurullat sauternes-hyytel\u00f6ss\u00e4 200 g"},"content":{"rendered":"<p>La Maison Godardin ylellinen entr\u00e9e: kinkkuun kiedotut ankanmaksarullat upotettuna kuuluisan sauternes-viinin hyytel\u00f6\u00f6n. Tarjoile viile\u00e4n\u00e4 ohuina viipaleina.<\/p>\n","protected":false},"excerpt":{"rendered":"<p>Ankanmaksalla t\u00e4ytetyt kinkkurullat sauternes-viinihyytel\u00f6ss\u00e4 \u2013 hienostunut alkupala.<\/p>\n","protected":false},"featured_media":139965,"comment_status":"open","ping_status":"open","template":"","meta":{"_acf_changed":false},"product_brand":[635],"product_cat":[697,676],"product_tag":[180,181],"class_list":{"0":"post-141639","1":"product","2":"type-product","3":"status-publish","4":"has-post-thumbnail","6":"product_brand-godard","7":"product_cat-foie-gras","8":"product_cat-suolaiset","9":"product_tag-foie-gras","10":"product_tag-godard","11":"product_shipping_class-shipping-discount","12":"pa_alkuperamaa-ranska","14":"first","15":"outofstock","16":"taxable","17":"shipping-taxable","18":"purchasable","19":"product-type-simple","swatches":"rey-swatches","show_selected":""},"acf":[],"_links":{"self":[{"href":"https:\/\/www.delideli.zoner.dev\/fin\/wp-json\/wp\/v2\/product\/141639","targetHints":{"allow":["GET"]}}],"collection":[{"href":"https:\/\/www.delideli.zoner.dev\/fin\/wp-json\/wp\/v2\/product"}],"about":[{"href":"https:\/\/www.delideli.zoner.dev\/fin\/wp-json\/wp\/v2\/types\/product"}],"replies":[{"embeddable":true,"href":"https:\/\/www.delideli.zoner.dev\/fin\/wp-json\/wp\/v2\/comments?post=141639"}],"version-history":[{"count":0,"href":"https:\/\/www.delideli.zoner.dev\/fin\/wp-json\/wp\/v2\/product\/141639\/revisions"}],"wp:featuredmedia":[{"embeddable":true,"href":"https:\/\/www.delideli.zoner.dev\/fin\/wp-json\/wp\/v2\/media\/139965"}],"wp:attachment":[{"href":"https:\/\/www.delideli.zoner.dev\/fin\/wp-json\/wp\/v2\/media?parent=141639"}],"wp:term":[{"taxonomy":"product_brand","embeddable":true,"href":"https:\/\/www.delideli.zoner.dev\/fin\/wp-json\/wp\/v2\/product_brand?post=141639"},{"taxonomy":"product_cat","embeddable":true,"href":"https:\/\/www.delideli.zoner.dev\/fin\/wp-json\/wp\/v2\/product_cat?post=141639"},{"taxonomy":"product_tag","embeddable":true,"href":"https:\/\/www.delideli.zoner.dev\/fin\/wp-json\/wp\/v2\/product_tag?post=141639"}],"curies":[{"name":"wp","href":"https:\/\/api.w.org\/{rel}","templated":true}]}}