{"id":141641,"date":"2023-02-18T11:01:21","date_gmt":"2023-02-18T11:01:21","guid":{"rendered":"https:\/\/www.delideli.zoner.dev\/tuote\/ankka-confit-nyhtoliha-360g\/"},"modified":"2026-05-04T16:13:29","modified_gmt":"2026-05-04T16:13:29","slug":"ankka-confit-nyhtoliha-360g","status":"publish","type":"product","link":"https:\/\/www.delideli.zoner.dev\/fin\/tuote\/ankka-confit-nyhtoliha-360g\/","title":{"rendered":"Nyht\u00f6ankka, confit de canard 360 g"},"content":{"rendered":"<p>Erilaisiin foie gras -herkkuihin erikoistunut La Maison Godard tunnetaan korkealaatuisista ja perinteisin reseptein valmistetuista tuotteistaan. Sen confit de canardista valmistettu nyht\u00f6ankka on herkullinen tuote sellaisenaan tai osana ruoanlaittoa. Se on parhaimmillaan hieman l\u00e4mmitettyn\u00e4 tarjoiltuna.<br \/>\nAvaamisen j\u00e4lkeen nyht\u00f6ankka tulee s\u00e4ilytt\u00e4\u00e4 j\u00e4\u00e4kaapissa ja nauttia 48 tunnin kuluessa.<\/p>\n","protected":false},"excerpt":{"rendered":"<p>La Maison Godardin nyht\u00f6ankka valmistetaan herkullisesta pitk\u00e4\u00e4n kypsyneest\u00e4 ja omaan rasvaan s\u00e4il\u00f6tyst\u00e4 confit de canardista eli ns. \u201dhilloankasta\u201d. S\u00e4ikeiksi nyhdetty liha on suussa sulavan pehme\u00e4t\u00e4 ja aromikasta. Kokeile perinteikk\u00e4\u00e4ss\u00e4 parmentier-reseptiss\u00e4, suolaisissa alkupaloissa tai erilaisissa t\u00e4ytetyiss\u00e4 leiviss\u00e4.<\/p>\n","protected":false},"featured_media":139967,"comment_status":"open","ping_status":"open","template":"","meta":{"_acf_changed":false},"product_brand":[635],"product_cat":[696,676],"product_tag":[180,181],"class_list":{"0":"post-141641","1":"product","2":"type-product","3":"status-publish","4":"has-post-thumbnail","6":"product_brand-godard","7":"product_cat-ateriat","8":"product_cat-suolaiset","9":"product_tag-foie-gras","10":"product_tag-godard","11":"product_shipping_class-shipping-discount","12":"pa_alkuperamaa-ranska","14":"first","15":"instock","16":"taxable","17":"shipping-taxable","18":"purchasable","19":"product-type-simple","swatches":"rey-swatches","show_selected":""},"acf":[],"_links":{"self":[{"href":"https:\/\/www.delideli.zoner.dev\/fin\/wp-json\/wp\/v2\/product\/141641","targetHints":{"allow":["GET"]}}],"collection":[{"href":"https:\/\/www.delideli.zoner.dev\/fin\/wp-json\/wp\/v2\/product"}],"about":[{"href":"https:\/\/www.delideli.zoner.dev\/fin\/wp-json\/wp\/v2\/types\/product"}],"replies":[{"embeddable":true,"href":"https:\/\/www.delideli.zoner.dev\/fin\/wp-json\/wp\/v2\/comments?post=141641"}],"version-history":[{"count":0,"href":"https:\/\/www.delideli.zoner.dev\/fin\/wp-json\/wp\/v2\/product\/141641\/revisions"}],"wp:featuredmedia":[{"embeddable":true,"href":"https:\/\/www.delideli.zoner.dev\/fin\/wp-json\/wp\/v2\/media\/139967"}],"wp:attachment":[{"href":"https:\/\/www.delideli.zoner.dev\/fin\/wp-json\/wp\/v2\/media?parent=141641"}],"wp:term":[{"taxonomy":"product_brand","embeddable":true,"href":"https:\/\/www.delideli.zoner.dev\/fin\/wp-json\/wp\/v2\/product_brand?post=141641"},{"taxonomy":"product_cat","embeddable":true,"href":"https:\/\/www.delideli.zoner.dev\/fin\/wp-json\/wp\/v2\/product_cat?post=141641"},{"taxonomy":"product_tag","embeddable":true,"href":"https:\/\/www.delideli.zoner.dev\/fin\/wp-json\/wp\/v2\/product_tag?post=141641"}],"curies":[{"name":"wp","href":"https:\/\/api.w.org\/{rel}","templated":true}]}}