{"id":141643,"date":"2023-03-08T17:32:34","date_gmt":"2023-03-08T17:32:34","guid":{"rendered":"https:\/\/www.delideli.zoner.dev\/tuote\/pure-origine-honduras-jauhettu-luomukahvi-250g\/"},"modified":"2026-05-04T16:13:29","modified_gmt":"2026-05-04T16:13:29","slug":"pure-origine-honduras-jauhettu-luomukahvi-250g","status":"publish","type":"product","link":"https:\/\/www.delideli.zoner.dev\/fin\/tuote\/pure-origine-honduras-jauhettu-luomukahvi-250g\/","title":{"rendered":"Honduras, jauhettu luomukahvi, pure origine 250 g"},"content":{"rendered":"<p>Ranskalaisen kahvipaahtimon Lobodis\u2019n hondurasilainen pure origine- eli single origin -kahvi on per\u00e4isin kahvintuotannostaan tunnetuista maan lounaisosista Copanin, Santa Barbaran ja Intibucan alueilta. Kahvipensaat kasvavat 1 000 \u2013 1 500 metrin korkeudessa. Intensiivinen ja runsasarominen kahvi paahdetaan perinteisell\u00e4 menetelm\u00e4ll\u00e4 230 asteessa.<br \/>\nK\u00e4ytt\u00f6: kahvinkeitin, mutteripannu, pressopannu tai espressokone.<br \/>\nValmistus: 7\u201310 g tai 1 ruokalusikallinen jauhettua kahvia per kuppi.<br \/>\nPakkauksen koko: 250 g, 35 kuppia.<br \/>\nS\u00e4ilytys: avattu pakkaus suljettuna l\u00e4pin\u00e4kym\u00e4tt\u00f6m\u00e4ss\u00e4 ja ilmatiiviiss\u00e4 purkissa valolta suojattuna.<br \/>\nLajittelu: k\u00e4ytetyt kahvipurut voi kierr\u00e4tt\u00e4\u00e4 bioj\u00e4tteen\u00e4. Pakkaus h\u00e4vitet\u00e4\u00e4n poltettavien j\u00e4tteiden mukana.<\/p>\n","protected":false},"excerpt":{"rendered":"<p>Voimakkuus: 9\/12<br \/>\nAromit: mausteinen ja hedelm\u00e4inen<br \/>\nT\u00e4m\u00e4 Hondurasista per\u00e4isin oleva herkk\u00e4arominen, hapokas ja intensiivinen kahvi viljell\u00e4\u00e4n vuoristossa kahvinviljelyst\u00e4\u00e4n kuuluisalla alueella. Kyseess\u00e4 on pure origine- eli single origin -kahvi, jossa on k\u00e4ytetty ainoastaan arabica-papuja. Kahvi viljell\u00e4\u00e4n luomutuotantona sek\u00e4 vastuullisesti Reilun kaupan kriteerej\u00e4 noudattaen.<\/p>\n","protected":false},"featured_media":139969,"comment_status":"open","ping_status":"open","template":"","meta":{"_acf_changed":false},"product_brand":[640],"product_cat":[677,679,694,699],"product_tag":[174,175],"class_list":{"0":"post-141643","1":"product","2":"type-product","3":"status-publish","4":"has-post-thumbnail","6":"product_brand-lobodis","7":"product_cat-ajankohtaisia","8":"product_cat-juomat","9":"product_cat-kahvit","10":"product_cat-luomutuotteet","11":"product_tag-luomu","12":"product_tag-reilun-kauppa","13":"product_shipping_class-shipping-discount","14":"pa_alkuperamaa-ranska","15":"pa_ruokavalio-luomu","16":"pa_ruokavalio-reilu-kauppa","18":"first","19":"instock","20":"taxable","21":"shipping-taxable","22":"purchasable","23":"product-type-simple","swatches":"rey-swatches","show_selected":""},"acf":[],"_links":{"self":[{"href":"https:\/\/www.delideli.zoner.dev\/fin\/wp-json\/wp\/v2\/product\/141643","targetHints":{"allow":["GET"]}}],"collection":[{"href":"https:\/\/www.delideli.zoner.dev\/fin\/wp-json\/wp\/v2\/product"}],"about":[{"href":"https:\/\/www.delideli.zoner.dev\/fin\/wp-json\/wp\/v2\/types\/product"}],"replies":[{"embeddable":true,"href":"https:\/\/www.delideli.zoner.dev\/fin\/wp-json\/wp\/v2\/comments?post=141643"}],"version-history":[{"count":0,"href":"https:\/\/www.delideli.zoner.dev\/fin\/wp-json\/wp\/v2\/product\/141643\/revisions"}],"wp:featuredmedia":[{"embeddable":true,"href":"https:\/\/www.delideli.zoner.dev\/fin\/wp-json\/wp\/v2\/media\/139969"}],"wp:attachment":[{"href":"https:\/\/www.delideli.zoner.dev\/fin\/wp-json\/wp\/v2\/media?parent=141643"}],"wp:term":[{"taxonomy":"product_brand","embeddable":true,"href":"https:\/\/www.delideli.zoner.dev\/fin\/wp-json\/wp\/v2\/product_brand?post=141643"},{"taxonomy":"product_cat","embeddable":true,"href":"https:\/\/www.delideli.zoner.dev\/fin\/wp-json\/wp\/v2\/product_cat?post=141643"},{"taxonomy":"product_tag","embeddable":true,"href":"https:\/\/www.delideli.zoner.dev\/fin\/wp-json\/wp\/v2\/product_tag?post=141643"}],"curies":[{"name":"wp","href":"https:\/\/api.w.org\/{rel}","templated":true}]}}