{"id":141644,"date":"2023-03-08T17:32:45","date_gmt":"2023-03-08T17:32:45","guid":{"rendered":"https:\/\/www.delideli.zoner.dev\/tuote\/pure-origine-nicaragua-jauhettu-luomukahvi-250g-fi-eko-201\/"},"modified":"2026-05-04T16:13:29","modified_gmt":"2026-05-04T16:13:29","slug":"pure-origine-nicaragua-jauhettu-luomukahvi-250g-fi-eko-201","status":"publish","type":"product","link":"https:\/\/www.delideli.zoner.dev\/fin\/tuote\/pure-origine-nicaragua-jauhettu-luomukahvi-250g-fi-eko-201\/","title":{"rendered":"Nicaragua, jauhettu luomukahvi, pure origine 250 g"},"content":{"rendered":"<p>Ranskalaisen kahvipaahtimon Lobodis\u2019n nicaragualainen pure origine- eli single origin -kahvi on vuoristoiselta Madrizin alueelta. Alue tunnetaan sen ainutlaatuisesta mikroilmastostaan ja laajasta biodiversiteetist\u00e4. Kahvipensaat kasvavat 1 450 \u2013 1 600 metrin korkeudessa. Kahvi kasvaa hitaasti korkealla kylm\u00e4ss\u00e4 ja kuivassa ilmastossa, mist\u00e4 syntyy kahviin Nicaragualle ainutlaatuinen, moniulotteinen makujen kirjo.<br \/>\nK\u00e4ytt\u00f6: kahvinkeitin, mutteripannu, pressopannu tai espressokone.<br \/>\nValmistus: 7\u201310 g tai 1 ruokalusikallinen jauhettua kahvia per kuppi.<br \/>\nPakkauksen koko: 250 g, 35 kuppia.<br \/>\nS\u00e4ilytys: avattu pakkaus suljettuna l\u00e4pin\u00e4kym\u00e4tt\u00f6m\u00e4ss\u00e4 ja ilmatiiviiss\u00e4 purkissa valolta suojattuna.<br \/>\nLajittelu: k\u00e4ytetyt kahvipurut voi kierr\u00e4tt\u00e4\u00e4 bioj\u00e4tteen\u00e4. Pakkaus h\u00e4vitet\u00e4\u00e4n poltettavien j\u00e4tteiden mukana.<\/p>\n","protected":false},"excerpt":{"rendered":"<p>Voimakkuus: 5\/12<br \/>\nAromit: hunaja ja suklaa<br \/>\nLobodis\u2019n Nicaragua-kahvi on pehme\u00e4 kahviel\u00e4mys, joka j\u00e4tt\u00e4\u00e4 suuhun herkullisen j\u00e4lkimaun. Sen hunajaiset ja suklaiset aromit kehittyv\u00e4t ainutlaatuisessa mikroilmastossa, jonkalaista on vaikea l\u00f6yt\u00e4\u00e4 muualta maailmasta.  Kyseess\u00e4 on pure origine- eli single origin -kahvi, jossa on k\u00e4ytetty ainoastaan arabica-papuja. Kahvi viljell\u00e4\u00e4n luomutuotantona sek\u00e4 vastuullisesti Reilun kaupan kriteerej\u00e4 noudattaen.<\/p>\n","protected":false},"featured_media":139971,"comment_status":"open","ping_status":"open","template":"","meta":{"_acf_changed":false},"product_brand":[640],"product_cat":[677,679,694,699],"product_tag":[174,175],"class_list":{"0":"post-141644","1":"product","2":"type-product","3":"status-publish","4":"has-post-thumbnail","6":"product_brand-lobodis","7":"product_cat-ajankohtaisia","8":"product_cat-juomat","9":"product_cat-kahvit","10":"product_cat-luomutuotteet","11":"product_tag-luomu","12":"product_tag-reilun-kauppa","13":"product_shipping_class-shipping-discount","14":"pa_alkuperamaa-ranska","15":"pa_ruokavalio-luomu","16":"pa_ruokavalio-reilu-kauppa","18":"first","19":"instock","20":"taxable","21":"shipping-taxable","22":"purchasable","23":"product-type-simple","swatches":"rey-swatches","show_selected":""},"acf":[],"_links":{"self":[{"href":"https:\/\/www.delideli.zoner.dev\/fin\/wp-json\/wp\/v2\/product\/141644","targetHints":{"allow":["GET"]}}],"collection":[{"href":"https:\/\/www.delideli.zoner.dev\/fin\/wp-json\/wp\/v2\/product"}],"about":[{"href":"https:\/\/www.delideli.zoner.dev\/fin\/wp-json\/wp\/v2\/types\/product"}],"replies":[{"embeddable":true,"href":"https:\/\/www.delideli.zoner.dev\/fin\/wp-json\/wp\/v2\/comments?post=141644"}],"version-history":[{"count":0,"href":"https:\/\/www.delideli.zoner.dev\/fin\/wp-json\/wp\/v2\/product\/141644\/revisions"}],"wp:featuredmedia":[{"embeddable":true,"href":"https:\/\/www.delideli.zoner.dev\/fin\/wp-json\/wp\/v2\/media\/139971"}],"wp:attachment":[{"href":"https:\/\/www.delideli.zoner.dev\/fin\/wp-json\/wp\/v2\/media?parent=141644"}],"wp:term":[{"taxonomy":"product_brand","embeddable":true,"href":"https:\/\/www.delideli.zoner.dev\/fin\/wp-json\/wp\/v2\/product_brand?post=141644"},{"taxonomy":"product_cat","embeddable":true,"href":"https:\/\/www.delideli.zoner.dev\/fin\/wp-json\/wp\/v2\/product_cat?post=141644"},{"taxonomy":"product_tag","embeddable":true,"href":"https:\/\/www.delideli.zoner.dev\/fin\/wp-json\/wp\/v2\/product_tag?post=141644"}],"curies":[{"name":"wp","href":"https:\/\/api.w.org\/{rel}","templated":true}]}}