{"id":141645,"date":"2023-04-06T13:22:44","date_gmt":"2023-04-06T13:22:44","guid":{"rendered":"https:\/\/www.delideli.zoner.dev\/tuote\/nizzan-pienet-oliivit-maustettu-timjamilla-150-g\/"},"modified":"2026-05-04T16:13:30","modified_gmt":"2026-05-04T16:13:30","slug":"nizzan-pienet-oliivit-maustettu-timjamilla-150-g","status":"publish","type":"product","link":"https:\/\/www.delideli.zoner.dev\/fin\/tuote\/nizzan-pienet-oliivit-maustettu-timjamilla-150-g\/","title":{"rendered":"Oliivit \u2013 Nizzan pieni 150g"},"content":{"rendered":"<p>Olives Arnaud\u2019n Nizzan oliivit ovat tumman violetteja, pieni\u00e4 Coquillos-lajikkeen oliiveja, jotka poimitaan t\u00e4ysin kypsin\u00e4. Poimimisen j\u00e4lkeen niiden annetaan kypsy\u00e4 suolaliemess\u00e4 l\u00e4hes vuoden ajan.<br \/>\nNizzan pienille oliiveille on tunnusomaista hieman makeahko, voimakas oliivinen maku. Tarjoile ne erityisesti salaatissa, esimerkiksi Nizzan salaatissa!<\/p>\n","protected":false},"excerpt":{"rendered":"<p>Nizzan pienet oliivit sopivat nimens\u00e4 mukaisesti t\u00e4ydellisesti Nizzan salaattiin tai muihin salaatteihin. N\u00e4m\u00e4 t\u00e4ynn\u00e4 makua olevat pienet tummat oliivit on maustettu timjamille, mik\u00e4 korostaa niiden voimakasta ja herkullista oliivin luontaista makua. Kokeile ja ihastu!<\/p>\n","protected":false},"featured_media":139973,"comment_status":"open","ping_status":"open","template":"","meta":{"_acf_changed":false},"product_brand":[648],"product_cat":[719,676],"product_tag":[],"class_list":{"0":"post-141645","1":"product","2":"type-product","3":"status-publish","4":"has-post-thumbnail","6":"product_brand-olives-arnaud","7":"product_cat-oliivit","8":"product_cat-suolaiset","9":"product_shipping_class-shipping-discount","10":"pa_alkuperamaa-ranska","12":"first","13":"instock","14":"taxable","15":"shipping-taxable","16":"purchasable","17":"product-type-simple","swatches":"rey-swatches","show_selected":""},"acf":[],"_links":{"self":[{"href":"https:\/\/www.delideli.zoner.dev\/fin\/wp-json\/wp\/v2\/product\/141645","targetHints":{"allow":["GET"]}}],"collection":[{"href":"https:\/\/www.delideli.zoner.dev\/fin\/wp-json\/wp\/v2\/product"}],"about":[{"href":"https:\/\/www.delideli.zoner.dev\/fin\/wp-json\/wp\/v2\/types\/product"}],"replies":[{"embeddable":true,"href":"https:\/\/www.delideli.zoner.dev\/fin\/wp-json\/wp\/v2\/comments?post=141645"}],"version-history":[{"count":0,"href":"https:\/\/www.delideli.zoner.dev\/fin\/wp-json\/wp\/v2\/product\/141645\/revisions"}],"wp:featuredmedia":[{"embeddable":true,"href":"https:\/\/www.delideli.zoner.dev\/fin\/wp-json\/wp\/v2\/media\/139973"}],"wp:attachment":[{"href":"https:\/\/www.delideli.zoner.dev\/fin\/wp-json\/wp\/v2\/media?parent=141645"}],"wp:term":[{"taxonomy":"product_brand","embeddable":true,"href":"https:\/\/www.delideli.zoner.dev\/fin\/wp-json\/wp\/v2\/product_brand?post=141645"},{"taxonomy":"product_cat","embeddable":true,"href":"https:\/\/www.delideli.zoner.dev\/fin\/wp-json\/wp\/v2\/product_cat?post=141645"},{"taxonomy":"product_tag","embeddable":true,"href":"https:\/\/www.delideli.zoner.dev\/fin\/wp-json\/wp\/v2\/product_tag?post=141645"}],"curies":[{"name":"wp","href":"https:\/\/api.w.org\/{rel}","templated":true}]}}