{"id":141647,"date":"2023-04-06T13:23:36","date_gmt":"2023-04-06T13:23:36","guid":{"rendered":"https:\/\/www.delideli.zoner.dev\/tuote\/vihreat-oliivit-maustettu-provencen-yrteilla-150-g\/"},"modified":"2026-05-04T16:13:34","modified_gmt":"2026-05-04T16:13:34","slug":"vihreat-oliivit-maustettu-provencen-yrteilla-150-g","status":"publish","type":"product","link":"https:\/\/www.delideli.zoner.dev\/fin\/tuote\/vihreat-oliivit-maustettu-provencen-yrteilla-150-g\/","title":{"rendered":"Oliivit \u2013 Provencen yrteill\u00e4 maustettu vihre\u00e4 150g"},"content":{"rendered":"<p>Olives Arnaud\u2019n Provencen yrteill\u00e4 maustetut vihre\u00e4t oliivit valmistetaan perinteisell\u00e4 reseptill\u00e4 useamman kuukauden tynnyriss\u00e4 kypsytt\u00e4en.<br \/>\nV\u00e4h\u00e4n suolatut vihre\u00e4t oliivit s\u00e4il\u00f6t\u00e4\u00e4n suolaveteen, johon on lis\u00e4tty my\u00f6s hieman auringonkukka\u00f6ljy\u00e4 sek\u00e4 Provencen yrttej\u00e4 mausteeksi. S\u00e4il\u00f6nt\u00e4liemi antaa oliiveille niin t\u00e4ytel\u00e4isen maun ja pehmeyden. Mit\u00e4\u00e4n keinotekoisia aromeja tai s\u00e4il\u00f6nt\u00e4aineita ei tarvita.<\/p>\n","protected":false},"excerpt":{"rendered":"<p>Provencen yrteill\u00e4 maustetut vihre\u00e4t oliivit ovat t\u00e4ydellinen tarjottava niin aperitiivin kanssa kuin esimerkiksi salaatissa, pizzassa tai miss\u00e4 tahansa ruoassa. S\u00e4il\u00f6nn\u00e4ss\u00e4 on k\u00e4ytetty vain puhtaita raaka-aineita ja parhaimpia oliiveja. Kokeile ja ihastu!<\/p>\n","protected":false},"featured_media":139976,"comment_status":"open","ping_status":"open","template":"","meta":{"_acf_changed":false},"product_brand":[648],"product_cat":[719,676],"product_tag":[],"class_list":{"0":"post-141647","1":"product","2":"type-product","3":"status-publish","4":"has-post-thumbnail","6":"product_brand-olives-arnaud","7":"product_cat-oliivit","8":"product_cat-suolaiset","9":"product_shipping_class-shipping-discount","10":"pa_alkuperamaa-ranska","12":"first","13":"instock","14":"taxable","15":"shipping-taxable","16":"purchasable","17":"product-type-simple","swatches":"rey-swatches","show_selected":""},"acf":[],"_links":{"self":[{"href":"https:\/\/www.delideli.zoner.dev\/fin\/wp-json\/wp\/v2\/product\/141647","targetHints":{"allow":["GET"]}}],"collection":[{"href":"https:\/\/www.delideli.zoner.dev\/fin\/wp-json\/wp\/v2\/product"}],"about":[{"href":"https:\/\/www.delideli.zoner.dev\/fin\/wp-json\/wp\/v2\/types\/product"}],"replies":[{"embeddable":true,"href":"https:\/\/www.delideli.zoner.dev\/fin\/wp-json\/wp\/v2\/comments?post=141647"}],"version-history":[{"count":0,"href":"https:\/\/www.delideli.zoner.dev\/fin\/wp-json\/wp\/v2\/product\/141647\/revisions"}],"wp:featuredmedia":[{"embeddable":true,"href":"https:\/\/www.delideli.zoner.dev\/fin\/wp-json\/wp\/v2\/media\/139976"}],"wp:attachment":[{"href":"https:\/\/www.delideli.zoner.dev\/fin\/wp-json\/wp\/v2\/media?parent=141647"}],"wp:term":[{"taxonomy":"product_brand","embeddable":true,"href":"https:\/\/www.delideli.zoner.dev\/fin\/wp-json\/wp\/v2\/product_brand?post=141647"},{"taxonomy":"product_cat","embeddable":true,"href":"https:\/\/www.delideli.zoner.dev\/fin\/wp-json\/wp\/v2\/product_cat?post=141647"},{"taxonomy":"product_tag","embeddable":true,"href":"https:\/\/www.delideli.zoner.dev\/fin\/wp-json\/wp\/v2\/product_tag?post=141647"}],"curies":[{"name":"wp","href":"https:\/\/api.w.org\/{rel}","templated":true}]}}