{"id":141648,"date":"2023-04-06T14:24:34","date_gmt":"2023-04-06T14:24:34","guid":{"rendered":"https:\/\/www.delideli.zoner.dev\/tuote\/oliivit-provence-sekoitus-kiveton-150-g\/"},"modified":"2026-05-04T16:13:34","modified_gmt":"2026-05-04T16:13:34","slug":"oliivit-provence-sekoitus-kiveton-150-g","status":"publish","type":"product","link":"https:\/\/www.delideli.zoner.dev\/fin\/tuote\/oliivit-provence-sekoitus-kiveton-150-g\/","title":{"rendered":"Oliivit &#8211; Provencen sekoitus kivet\u00f6n 130g"},"content":{"rendered":"<p>Perinteisen oliivivalmistaja Olives Arnaud\u2019n Provence-sekoitus on maukas ja aromaattinen tuulahdus Provencen oliivitarhoilta. Sekoitus sis\u00e4lt\u00e4\u00e4 viitt\u00e4 eri oliivia: violettiin vivahtavia taillad\u00e9e-oliiveja, vihreit\u00e4 kokonaisia oliiveja, coquillo-oliiveja, Provencen picholine-oliiveja sek\u00e4 timjamilla ja suolalla maustettuja, punaviiniss\u00e4 s\u00e4il\u00f6ttyj\u00e4 mustia oliiveja.<br \/>\nOliivit sopivat t\u00e4ydellisesti niin cocktaileihin, aperitiiveiksi kuin esimerkiksi salaatteihin. S\u00e4il\u00f6nn\u00e4ss\u00e4 ei ole k\u00e4ytetty lainkaan keinotekoisia aromeja tai s\u00e4il\u00f6nt\u00e4aineita.<\/p>\n","protected":false},"excerpt":{"rendered":"<p>P\u00e4\u00e4set maistelemaan Olives Arnaud\u2019n useampaa oliivilajia sen Provence-sekoituksessa. Viidest\u00e4 eri oliivista koostuva sekoitus sis\u00e4lt\u00e4\u00e4 parhaita paloja Provencen makumaailmasta ja kutkuttelee oliivinyst\u00e4vien makuhermoja!<\/p>\n","protected":false},"featured_media":139046,"comment_status":"open","ping_status":"open","template":"","meta":{"_acf_changed":false},"product_brand":[648],"product_cat":[719,676],"product_tag":[],"class_list":{"0":"post-141648","1":"product","2":"type-product","3":"status-publish","4":"has-post-thumbnail","6":"product_brand-olives-arnaud","7":"product_cat-oliivit","8":"product_cat-suolaiset","9":"product_shipping_class-shipping-discount","10":"pa_alkuperamaa-ranska","12":"first","13":"instock","14":"taxable","15":"shipping-taxable","16":"purchasable","17":"product-type-simple","swatches":"rey-swatches","show_selected":""},"acf":[],"_links":{"self":[{"href":"https:\/\/www.delideli.zoner.dev\/fin\/wp-json\/wp\/v2\/product\/141648","targetHints":{"allow":["GET"]}}],"collection":[{"href":"https:\/\/www.delideli.zoner.dev\/fin\/wp-json\/wp\/v2\/product"}],"about":[{"href":"https:\/\/www.delideli.zoner.dev\/fin\/wp-json\/wp\/v2\/types\/product"}],"replies":[{"embeddable":true,"href":"https:\/\/www.delideli.zoner.dev\/fin\/wp-json\/wp\/v2\/comments?post=141648"}],"version-history":[{"count":0,"href":"https:\/\/www.delideli.zoner.dev\/fin\/wp-json\/wp\/v2\/product\/141648\/revisions"}],"wp:featuredmedia":[{"embeddable":true,"href":"https:\/\/www.delideli.zoner.dev\/fin\/wp-json\/wp\/v2\/media\/139046"}],"wp:attachment":[{"href":"https:\/\/www.delideli.zoner.dev\/fin\/wp-json\/wp\/v2\/media?parent=141648"}],"wp:term":[{"taxonomy":"product_brand","embeddable":true,"href":"https:\/\/www.delideli.zoner.dev\/fin\/wp-json\/wp\/v2\/product_brand?post=141648"},{"taxonomy":"product_cat","embeddable":true,"href":"https:\/\/www.delideli.zoner.dev\/fin\/wp-json\/wp\/v2\/product_cat?post=141648"},{"taxonomy":"product_tag","embeddable":true,"href":"https:\/\/www.delideli.zoner.dev\/fin\/wp-json\/wp\/v2\/product_tag?post=141648"}],"curies":[{"name":"wp","href":"https:\/\/api.w.org\/{rel}","templated":true}]}}