{"id":141650,"date":"2023-04-25T14:48:53","date_gmt":"2023-04-25T14:48:53","guid":{"rendered":"https:\/\/www.delideli.zoner.dev\/tuote\/tonnikalafilee-oliivioljyssa-200g\/"},"modified":"2026-05-04T16:13:35","modified_gmt":"2026-05-04T16:13:35","slug":"tonnikalafilee-oliivioljyssa-200g","status":"publish","type":"product","link":"https:\/\/www.delideli.zoner.dev\/fin\/tuote\/tonnikalafilee-oliivioljyssa-200g\/","title":{"rendered":"Tonnikalafilee oliivi\u00f6ljyss\u00e4 200g"},"content":{"rendered":"<p>Korkealaatuista tonnikalafilee oliivi\u00f6ljyss\u00e4 tarjoaa puhtaan ja aidon makuel\u00e4myksen. Huolella valitut filepalat s\u00e4ilyv\u00e4t mehev\u00e4n\u00e4 laadukkaassa oliivi\u00f6ljyss\u00e4. Tuote on erinomainen proteiinin l\u00e4hde ja sopii monipuolisesti ruoanlaittoon &#8211; sekoita salaatteihin, pasta-annoksiin tai nauti sellaisenaan. Valmis k\u00e4ytett\u00e4v\u00e4ksi suoraan purkista, mik\u00e4 tekee siit\u00e4 t\u00e4ydellisen valinnan kiireiseen arkeen tai retkiev\u00e4isiin. Avattu purkki s\u00e4ilyy j\u00e4\u00e4kaapissa.<\/p>\n","protected":false},"excerpt":{"rendered":"<p>Laadukasta tonnikalaa oliivi\u00f6ljyss\u00e4. Mehukas ja monik\u00e4ytt\u00f6inen tuote, joka sopii salaatteihin, l\u00e4mpimiin ruokiin tai sellaisenaan.<\/p>\n","protected":false},"featured_media":139981,"comment_status":"open","ping_status":"open","template":"","meta":{"_acf_changed":false},"product_brand":[626],"product_cat":[677,763,728,676],"product_tag":[],"class_list":{"0":"post-141650","1":"product","2":"type-product","3":"status-publish","4":"has-post-thumbnail","6":"product_brand-delideli-herkkukauppa","7":"product_cat-ajankohtaisia","8":"product_cat-delidelin-tuotemerkki","9":"product_cat-kalatuotteet","10":"product_cat-suolaiset","11":"product_shipping_class-shipping-discount","12":"pa_alkuperamaa-italia","14":"first","15":"instock","16":"taxable","17":"shipping-taxable","18":"purchasable","19":"product-type-simple","swatches":"rey-swatches","show_selected":""},"acf":[],"_links":{"self":[{"href":"https:\/\/www.delideli.zoner.dev\/fin\/wp-json\/wp\/v2\/product\/141650","targetHints":{"allow":["GET"]}}],"collection":[{"href":"https:\/\/www.delideli.zoner.dev\/fin\/wp-json\/wp\/v2\/product"}],"about":[{"href":"https:\/\/www.delideli.zoner.dev\/fin\/wp-json\/wp\/v2\/types\/product"}],"replies":[{"embeddable":true,"href":"https:\/\/www.delideli.zoner.dev\/fin\/wp-json\/wp\/v2\/comments?post=141650"}],"version-history":[{"count":0,"href":"https:\/\/www.delideli.zoner.dev\/fin\/wp-json\/wp\/v2\/product\/141650\/revisions"}],"wp:featuredmedia":[{"embeddable":true,"href":"https:\/\/www.delideli.zoner.dev\/fin\/wp-json\/wp\/v2\/media\/139981"}],"wp:attachment":[{"href":"https:\/\/www.delideli.zoner.dev\/fin\/wp-json\/wp\/v2\/media?parent=141650"}],"wp:term":[{"taxonomy":"product_brand","embeddable":true,"href":"https:\/\/www.delideli.zoner.dev\/fin\/wp-json\/wp\/v2\/product_brand?post=141650"},{"taxonomy":"product_cat","embeddable":true,"href":"https:\/\/www.delideli.zoner.dev\/fin\/wp-json\/wp\/v2\/product_cat?post=141650"},{"taxonomy":"product_tag","embeddable":true,"href":"https:\/\/www.delideli.zoner.dev\/fin\/wp-json\/wp\/v2\/product_tag?post=141650"}],"curies":[{"name":"wp","href":"https:\/\/api.w.org\/{rel}","templated":true}]}}