{"id":141658,"date":"2023-05-06T08:15:27","date_gmt":"2023-05-06T08:15:27","guid":{"rendered":"https:\/\/www.delideli.zoner.dev\/tuote\/ranskalainen-orange-amere-pomeranssihillo-350g\/"},"modified":"2026-05-04T16:13:43","modified_gmt":"2026-05-04T16:13:43","slug":"ranskalainen-orange-amere-pomeranssihillo-350g","status":"publish","type":"product","link":"https:\/\/www.delideli.zoner.dev\/fin\/tuote\/ranskalainen-orange-amere-pomeranssihillo-350g\/","title":{"rendered":"Pomeranssihillo (orange am\u00e8re) 350 g"},"content":{"rendered":"<p>Ihanan hedelm\u00e4iset ja herkulliset Lucien Georgelinin hillot valmistetaan edelleen pitk\u00e4\u00e4n keitt\u00e4en suuressa keittopadassa, kuten on tehty vuosikymmenien ajan valmistajan \u00e4idin reseptien mukaan. Pomeranssihillossa k\u00e4ytetyt hedelm\u00e4t on valittu huolella ja k\u00e4sitelty k\u00e4sin parhaan lopputuloksen varmistamiseksi. Pomeranssihillo sis\u00e4lt\u00e4\u00e4 lis\u00e4ksi 10 % omenaa, mik\u00e4 v\u00e4hent\u00e4\u00e4 sokerin tarvetta ja tuo hillon makuun mukavaa py\u00f6reytt\u00e4.<\/p>\n<p>Herkullisen reseptin salaisuutena on aito perinteinen valmistustapa, puhtaat raaka-aineet sek\u00e4 luonnollinen pektiini. Hillossa ei ole k\u00e4ytetty lainkaan lis\u00e4- tai s\u00e4il\u00f6nt\u00e4aineita, v\u00e4riaineita tai keinotekoisia aromeja.<\/p>\n","protected":false},"excerpt":{"rendered":"<p>Ranskalaisen Lucien Georgelinin pomeranssihillo on tehty my\u00f6s hapanappelsiiniksi kutsutusta appelsiinilajikkeesta, joka on normaalia happamampi lajike. T\u00e4m\u00e4 ranskaksi \u201dorange am\u00e8re\u201d -hillo on herkullinen yhdistelm\u00e4 pomeranssin karvautta ja hedelm\u00e4hillojen makeutta. Se sis\u00e4lt\u00e4\u00e4 ainoastaan luonnollisia raaka-aineita ja 45 % hedelm\u00e4\u00e4. Kokeile croissantin kanssa, vaalealla leiv\u00e4ll\u00e4, krepille tai esimerkiksi leivonnassa.<\/p>\n","protected":false},"featured_media":139987,"comment_status":"open","ping_status":"open","template":"","meta":{"_acf_changed":false},"product_brand":[641],"product_cat":[710,681],"product_tag":[],"class_list":{"0":"post-141658","1":"product","2":"type-product","3":"status-publish","4":"has-post-thumbnail","6":"product_brand-lucien-georgelin","7":"product_cat-hillot","8":"product_cat-marjat-hedelmat","9":"product_shipping_class-shipping-discount","10":"pa_alkuperamaa-ranska","12":"first","13":"instock","14":"taxable","15":"shipping-taxable","16":"purchasable","17":"product-type-simple","swatches":"rey-swatches","show_selected":""},"acf":[],"_links":{"self":[{"href":"https:\/\/www.delideli.zoner.dev\/fin\/wp-json\/wp\/v2\/product\/141658","targetHints":{"allow":["GET"]}}],"collection":[{"href":"https:\/\/www.delideli.zoner.dev\/fin\/wp-json\/wp\/v2\/product"}],"about":[{"href":"https:\/\/www.delideli.zoner.dev\/fin\/wp-json\/wp\/v2\/types\/product"}],"replies":[{"embeddable":true,"href":"https:\/\/www.delideli.zoner.dev\/fin\/wp-json\/wp\/v2\/comments?post=141658"}],"version-history":[{"count":0,"href":"https:\/\/www.delideli.zoner.dev\/fin\/wp-json\/wp\/v2\/product\/141658\/revisions"}],"wp:featuredmedia":[{"embeddable":true,"href":"https:\/\/www.delideli.zoner.dev\/fin\/wp-json\/wp\/v2\/media\/139987"}],"wp:attachment":[{"href":"https:\/\/www.delideli.zoner.dev\/fin\/wp-json\/wp\/v2\/media?parent=141658"}],"wp:term":[{"taxonomy":"product_brand","embeddable":true,"href":"https:\/\/www.delideli.zoner.dev\/fin\/wp-json\/wp\/v2\/product_brand?post=141658"},{"taxonomy":"product_cat","embeddable":true,"href":"https:\/\/www.delideli.zoner.dev\/fin\/wp-json\/wp\/v2\/product_cat?post=141658"},{"taxonomy":"product_tag","embeddable":true,"href":"https:\/\/www.delideli.zoner.dev\/fin\/wp-json\/wp\/v2\/product_tag?post=141658"}],"curies":[{"name":"wp","href":"https:\/\/api.w.org\/{rel}","templated":true}]}}